{"id":557,"date":"2022-10-12T14:30:33","date_gmt":"2022-10-12T17:30:33","guid":{"rendered":"https:\/\/ineqlab.cl\/?post_type=product&#038;p=557"},"modified":"2023-03-12T19:32:02","modified_gmt":"2023-03-12T22:32:02","slug":"incubadora-co2-50lt","status":"publish","type":"product","link":"https:\/\/ineqlab.cl\/en\/product\/incubadora-co2-50lt\/","title":{"rendered":"Incubadora co2 50lt"},"content":{"rendered":"<section id=\"wrapper\">\n<div class=\"container\">\n<div id=\"content-wrapper\">\n<section id=\"main\">\n<div class=\"row product-container\">\n<div class=\"col-md-12\">\n<div class=\"tabs\">\n<div id=\"tab-content\" class=\"tab-content\">\n<div id=\"description\" class=\"tab-pane fade in active\" role=\"tabpanel\">\n<div class=\"product-description\">caracteristicas: * Dep\u00f3sito de agua para humedad en la c\u00e1mara. * Chaqueta de aire: equipado con l\u00e1mpara UV para esterilizar Camisa de agua: equipada con filtro HEPA. * Equipado con puerto USB y pantalla t\u00e1ctil LCD, la incubadora puede guardar datos en tiempo real. * El filtro de gas CO2 de alta calidad garantiza la calidad interior del dispositivo. * Las v\u00e1lvulas de circuito de gas de la marca SMC garantizan una concentraci\u00f3n de CO2 m\u00e1s estable y un menor consumo de gas CO2. * Controlador de microordenador, LED muestra temperatura, concentraci\u00f3n de CO2, tiempo de ejecuci\u00f3n y tiempo. * Sensor infrarrojo de alta calidad para una concentraci\u00f3n precisa de CO2. * La c\u00e1mara de trabajo adopta una estructura de \u00e1ngulo redondo, f\u00e1cil de limpiar. Modelo: BJPX-C50 Capacidad: 50Lt Calefacci\u00f3n: Chaqueta de aire Rango de temp: RT +5 ~ 60 \u00b0C Tipo de control: Controlador de microordenador Temperatura. Fluctuaci\u00f3n: = \u00b1 0.2 \u00b0C a 37 \u00b0C Temperatura. Uniformidad: = \u00b1 0.3 \u00b0C a 37 \u00b0C Configuracion de hora: 999h o continuo Alarma: Alarma audible y visual alarma de sobretemperatura alarma de concentraci\u00f3n de CO2 Estanter\u00eda: 2 piezas ajustable Material: Exterior de acero laminado en fr\u00edo con pintura acero inoxidable interno Puerta: Con puerta interior y puerta exterior. Rango de CO2: Sensor infrarrojo, rango 0 ~ 20% Resoluci\u00f3n de control de CO2: 0.1% Tipo de humidificaci\u00f3n: Dep\u00f3sito de agua para evaporaci\u00f3n natural. Tipo de esterilizaci\u00f3n: L\u00e1mpara UV para chaqueta de aire Temperatura ambiente. Y humedad: 18 ~ 30 \u00b0C, sugerir 2 \u00b1 2 ? humedad relativa =80% Consumo: 350W Fuente de alimentaci\u00f3n: AC110 220V \u00b1 10%, 50 60Hz Tama\u00f1o interno W * D * H mm: 368 * 387 * 408 Tama\u00f1o externo W * D * H mm: 500 * 527 * 821 Peso bruto kg: 110<\/div>\n<\/div>\n<\/div>\n<\/div>\n<\/div>\n<\/div>\n<\/section>\n<\/div>\n<footer class=\"page-footer\"><\/footer>\n<\/div>\n<\/section>\n<footer id=\"footer\">\n<section class=\"footuyu\">\n<div class=\"container-fluid\">\n<div class=\"row\"><\/div>\n<\/div>\n<\/section>\n<div class=\"footer-container\">\n<div class=\"container\">\n<div class=\"row\">\n<div class=\"footer-grid1\"><\/div>\n<\/div>\n<\/div>\n<\/div>\n<\/footer>","protected":false},"excerpt":{"rendered":"<p><label class=\"label\">Marca<\/label>\u00a0BIOBASE<\/p>\n<div class=\"product-information\">\n<div id=\"product-description-short-218\">Incubadora co2 50lt<\/div>\n<\/div>","protected":false},"featured_media":556,"template":"","meta":{"site-sidebar-layout":"default","site-content-layout":"","ast-site-content-layout":"default","site-content-style":"default","site-sidebar-style":"default","ast-global-header-display":"","ast-banner-title-visibility":"","ast-main-header-display":"","ast-hfb-above-header-display":"","ast-hfb-below-header-display":"","ast-hfb-mobile-header-display":"","site-post-title":"","ast-breadcrumbs-content":"","ast-featured-img":"","footer-sml-layout":"","ast-disable-related-posts":"","theme-transparent-header-meta":"","adv-header-id-meta":"","stick-header-meta":"","header-above-stick-meta":"","header-main-stick-meta":"","header-below-stick-meta":"","astra-migrate-meta-layouts":"default","ast-page-background-enabled":"default","ast-page-background-meta":{"desktop":{"background-color":"var(--ast-global-color-4)","background-image":"","background-repeat":"repeat","background-position":"center center","background-size":"auto","background-attachment":"scroll","background-type":"","background-media":"","overlay-type":"","overlay-color":"","overlay-opacity":"","overlay-gradient":""},"tablet":{"background-color":"","background-image":"","background-repeat":"repeat","background-position":"center center","background-size":"auto","background-attachment":"scroll","background-type":"","background-media":"","overlay-type":"","overlay-color":"","overlay-opacity":"","overlay-gradient":""},"mobile":{"background-color":"","background-image":"","background-repeat":"repeat","background-position":"center center","background-size":"auto","background-attachment":"scroll","background-type":"","background-media":"","overlay-type":"","overlay-color":"","overlay-opacity":"","overlay-gradient":""}},"ast-content-background-meta":{"desktop":{"background-color":"var(--ast-global-color-5)","background-image":"","background-repeat":"repeat","background-position":"center center","background-size":"auto","background-attachment":"scroll","background-type":"","background-media":"","overlay-type":"","overlay-color":"","overlay-opacity":"","overlay-gradient":""},"tablet":{"background-color":"var(--ast-global-color-5)","background-image":"","background-repeat":"repeat","background-position":"center center","background-size":"auto","background-attachment":"scroll","background-type":"","background-media":"","overlay-type":"","overlay-color":"","overlay-opacity":"","overlay-gradient":""},"mobile":{"background-color":"var(--ast-global-color-5)","background-image":"","background-repeat":"repeat","background-position":"center center","background-size":"auto","background-attachment":"scroll","background-type":"","background-media":"","overlay-type":"","overlay-color":"","overlay-opacity":"","overlay-gradient":""}}},"product_brand":[],"product_cat":[29],"product_tag":[],"class_list":{"0":"post-557","1":"product","2":"type-product","3":"status-publish","4":"has-post-thumbnail","6":"product_cat-incubadoras","7":"desktop-align-left","8":"tablet-align-left","9":"mobile-align-left","11":"first","12":"instock","13":"shipping-taxable","14":"purchasable","15":"product-type-simple"},"_links":{"self":[{"href":"https:\/\/ineqlab.cl\/en\/wp-json\/wp\/v2\/product\/557","targetHints":{"allow":["GET"]}}],"collection":[{"href":"https:\/\/ineqlab.cl\/en\/wp-json\/wp\/v2\/product"}],"about":[{"href":"https:\/\/ineqlab.cl\/en\/wp-json\/wp\/v2\/types\/product"}],"wp:featuredmedia":[{"embeddable":true,"href":"https:\/\/ineqlab.cl\/en\/wp-json\/wp\/v2\/media\/556"}],"wp:attachment":[{"href":"https:\/\/ineqlab.cl\/en\/wp-json\/wp\/v2\/media?parent=557"}],"wp:term":[{"taxonomy":"product_brand","embeddable":true,"href":"https:\/\/ineqlab.cl\/en\/wp-json\/wp\/v2\/product_brand?post=557"},{"taxonomy":"product_cat","embeddable":true,"href":"https:\/\/ineqlab.cl\/en\/wp-json\/wp\/v2\/product_cat?post=557"},{"taxonomy":"product_tag","embeddable":true,"href":"https:\/\/ineqlab.cl\/en\/wp-json\/wp\/v2\/product_tag?post=557"}],"curies":[{"name":"wp","href":"https:\/\/api.w.org\/{rel}","templated":true}]}}