{"id":565,"date":"2022-10-12T14:34:08","date_gmt":"2022-10-12T17:34:08","guid":{"rendered":"https:\/\/ineqlab.cl\/?post_type=product&#038;p=565"},"modified":"2023-03-12T19:32:02","modified_gmt":"2023-03-12T22:32:02","slug":"incubadora-co2-cap-164lts","status":"publish","type":"product","link":"https:\/\/ineqlab.cl\/en\/product\/incubadora-co2-cap-164lts\/","title":{"rendered":"Incubadora co2 cap.164lts"},"content":{"rendered":"<section id=\"wrapper\">\n<div class=\"container\">\n<div id=\"content-wrapper\">\n<section id=\"main\">\n<div class=\"row product-container\">\n<div class=\"col-md-12\">\n<div class=\"tabs\">\n<div id=\"tab-content\" class=\"tab-content\">\n<div id=\"description\" class=\"tab-pane fade in active\" role=\"tabpanel\">\n<div class=\"product-description\">MODELO SCO6AD-2 Caracteristicas: &#8211; Sistema de descontaminacion sin necesidad de retirar sensor IR &#8211; Sensor Infrarojos IR extremadamente r\u00e1pidO para recuperar los niveles de CO2 despu\u00e9s de aberturas de puertas y asegura la estabilidad . Chaqueta de aire que proporciona una excelente uniformidad de temperatura de +- 0,25\u00b0C a 37\u00b0 C. &#8211; Niveles de humedad se mantiene a trav\u00e9s de la evaporaci\u00f3n de hasta 95% . &#8211; Controlado por microprocesador. &#8211; Control de la contaminaci\u00f3n mediante una circulaci\u00f3n del aire interno de la c\u00e1mara, a trav\u00e9s de un filtro HEPA con eficacia de un 99,97% para part\u00edculas hasta 0,3 micras. &#8211; Los conductos de cobre en la l\u00ednea de CO2 y en el puerto de muestreo, as\u00ed como el alojamiento del filtro Hepa, tambi\u00e9n en cobre, evitan la posibilidad de contaminaci\u00f3n exterior. &#8211; Interior en acero inoxidable con esquinas interiores redondeadas y juntas extra\u00edbles para una f\u00e1cil limpieza mediante el sistema \u201cQuick Clean Shelf System\u201d. \u2013 Puerta interior en vidrio con calentamiento propio, controlado por el microprocesador evitando condensacion. Especificaciones T\u00e9cnicas: &#8211; Volumen: 164 L &#8211; Rango temperatura: ambiente +8\u00baC\u202660\u00baC &#8211; Esterilizaci\u00f3n: amb +8\u00baC\u2026180\u00baC &#8211; Uniformidad temp.: +-0,50\u00baC a 37\u00baC &#8211; Resoluci\u00f3n temp.: +-0,1\u00baC &#8211; C02 sensor: IR Infrarrojo &#8211; C02 rango: 0-20% &#8211; C02 resoluci\u00f3n: +-0,1% &#8211; C02 uniformidad: +-0,1@5% &#8211; C02 recuperaci\u00f3n 5%: &lt;5 minutos &#8211; Rango humedad: 95% &#8211; Alarma temperatura: +- 1\u00baC &#8211; Alarma C02: +- 1 % &#8211; Bandejas incluidas: 3 &#8211; Capacidad Bandejas: 16 &#8211; Dimensiones exteriores: 71x69x99 cm &#8211; Peso: 107 Kg &#8211; Capacidad: 230V-5060Hz<\/div>\n<\/div>\n<\/div>\n<\/div>\n<\/div>\n<\/div>\n<\/section>\n<\/div>\n<footer class=\"page-footer\"><\/footer>\n<\/div>\n<\/section>\n<footer id=\"footer\">\n<section class=\"footuyu\">\n<div class=\"container-fluid\">\n<div class=\"row\"><\/div>\n<\/div>\n<\/section>\n<div class=\"footer-container\">\n<div class=\"container\">\n<div class=\"row\">\n<div class=\"footer-grid1\"><\/div>\n<\/div>\n<\/div>\n<\/div>\n<\/footer>","protected":false},"excerpt":{"rendered":"<p><label class=\"label\">Marca<\/label>\u00a0Shellab<\/p>\n<div class=\"product-information\">\n<div id=\"product-description-short-423\">Incubadora co2 cap.164lts<\/div>\n<\/div>","protected":false},"featured_media":566,"template":"","meta":{"site-sidebar-layout":"default","site-content-layout":"","ast-site-content-layout":"default","site-content-style":"default","site-sidebar-style":"default","ast-global-header-display":"","ast-banner-title-visibility":"","ast-main-header-display":"","ast-hfb-above-header-display":"","ast-hfb-below-header-display":"","ast-hfb-mobile-header-display":"","site-post-title":"","ast-breadcrumbs-content":"","ast-featured-img":"","footer-sml-layout":"","ast-disable-related-posts":"","theme-transparent-header-meta":"","adv-header-id-meta":"","stick-header-meta":"","header-above-stick-meta":"","header-main-stick-meta":"","header-below-stick-meta":"","astra-migrate-meta-layouts":"default","ast-page-background-enabled":"default","ast-page-background-meta":{"desktop":{"background-color":"var(--ast-global-color-4)","background-image":"","background-repeat":"repeat","background-position":"center center","background-size":"auto","background-attachment":"scroll","background-type":"","background-media":"","overlay-type":"","overlay-color":"","overlay-opacity":"","overlay-gradient":""},"tablet":{"background-color":"","background-image":"","background-repeat":"repeat","background-position":"center center","background-size":"auto","background-attachment":"scroll","background-type":"","background-media":"","overlay-type":"","overlay-color":"","overlay-opacity":"","overlay-gradient":""},"mobile":{"background-color":"","background-image":"","background-repeat":"repeat","background-position":"center center","background-size":"auto","background-attachment":"scroll","background-type":"","background-media":"","overlay-type":"","overlay-color":"","overlay-opacity":"","overlay-gradient":""}},"ast-content-background-meta":{"desktop":{"background-color":"var(--ast-global-color-5)","background-image":"","background-repeat":"repeat","background-position":"center center","background-size":"auto","background-attachment":"scroll","background-type":"","background-media":"","overlay-type":"","overlay-color":"","overlay-opacity":"","overlay-gradient":""},"tablet":{"background-color":"var(--ast-global-color-5)","background-image":"","background-repeat":"repeat","background-position":"center center","background-size":"auto","background-attachment":"scroll","background-type":"","background-media":"","overlay-type":"","overlay-color":"","overlay-opacity":"","overlay-gradient":""},"mobile":{"background-color":"var(--ast-global-color-5)","background-image":"","background-repeat":"repeat","background-position":"center center","background-size":"auto","background-attachment":"scroll","background-type":"","background-media":"","overlay-type":"","overlay-color":"","overlay-opacity":"","overlay-gradient":""}}},"product_brand":[],"product_cat":[29],"product_tag":[],"class_list":{"0":"post-565","1":"product","2":"type-product","3":"status-publish","4":"has-post-thumbnail","6":"product_cat-incubadoras","7":"desktop-align-left","8":"tablet-align-left","9":"mobile-align-left","11":"first","12":"instock","13":"shipping-taxable","14":"purchasable","15":"product-type-simple"},"_links":{"self":[{"href":"https:\/\/ineqlab.cl\/en\/wp-json\/wp\/v2\/product\/565","targetHints":{"allow":["GET"]}}],"collection":[{"href":"https:\/\/ineqlab.cl\/en\/wp-json\/wp\/v2\/product"}],"about":[{"href":"https:\/\/ineqlab.cl\/en\/wp-json\/wp\/v2\/types\/product"}],"wp:featuredmedia":[{"embeddable":true,"href":"https:\/\/ineqlab.cl\/en\/wp-json\/wp\/v2\/media\/566"}],"wp:attachment":[{"href":"https:\/\/ineqlab.cl\/en\/wp-json\/wp\/v2\/media?parent=565"}],"wp:term":[{"taxonomy":"product_brand","embeddable":true,"href":"https:\/\/ineqlab.cl\/en\/wp-json\/wp\/v2\/product_brand?post=565"},{"taxonomy":"product_cat","embeddable":true,"href":"https:\/\/ineqlab.cl\/en\/wp-json\/wp\/v2\/product_cat?post=565"},{"taxonomy":"product_tag","embeddable":true,"href":"https:\/\/ineqlab.cl\/en\/wp-json\/wp\/v2\/product_tag?post=565"}],"curies":[{"name":"wp","href":"https:\/\/api.w.org\/{rel}","templated":true}]}}