{"id":567,"date":"2022-10-12T14:34:47","date_gmt":"2022-10-12T17:34:47","guid":{"rendered":"https:\/\/ineqlab.cl\/?post_type=product&#038;p=567"},"modified":"2023-03-12T19:32:02","modified_gmt":"2023-03-12T22:32:02","slug":"incubadora-con-agitacion-93l","status":"publish","type":"product","link":"https:\/\/ineqlab.cl\/en\/product\/incubadora-con-agitacion-93l\/","title":{"rendered":"Incubadora con agitacion 93l"},"content":{"rendered":"<section id=\"wrapper\">\n<div class=\"container\">\n<div id=\"content-wrapper\">\n<section id=\"main\">\n<div class=\"row product-container\">\n<div class=\"col-md-12\">\n<div class=\"tabs\">\n<div id=\"tab-content\" class=\"tab-content\">\n<div id=\"description\" class=\"tab-pane fade in active\" role=\"tabpanel\">\n<div class=\"product-description\">El SSI3 posee una tapa transparente que se levanta a trav\u00e9s de un sistema hidr\u00e1ulico para que funcione en lugares estrechos. Todas nuestras incubadoras con agitaci\u00f3n cuentan con interiores de acero inoxidable que proporcionan una excelente durabilidad y una superficie f\u00e1cil de limpiar. Cada unidad tiene una pantalla LED f\u00e1cil de leer. La plataforma de rotaci\u00f3n se incluye con cada unidad y es autocentrante para una f\u00e1cil instalaci\u00f3n. Todas las funciones principales temperatura, RPM y tiempo tienen alarmas que alertan al usuario sobre las desviaciones de los par\u00e1metros establecidos. La protecci\u00f3n contra sobretemperatura se proporciona mediante un termostato de seguridad. El funcionamiento del teclado digital ofrece la capacidad de calibrar el controlador de temperatura a un term\u00f3metro de referencia. Las caracter\u00edsticas incluyen: Control por microprocesador Flexibilidad de carga Plataforma de agitaci\u00f3n incluida Controles independientes de temperatura, temporizador y agitador ESPECIFICACIONES TECNICAS: DIMENSIONES EXTERIORES W \u00d7 D \u00d7 H 533\u00d7610\u00d7686 mm DIMENSIONES INTERIORES W \u00d7 D \u00d7 H 482\u00d7508\u00d7450mm VOLUMEN 93 L DIMENSIONES DEL ESTANTE W \u00d7 D 460\u00d7460mm UNIDAD DE PESO 53 kg METAL INTERIOR 300 SST METAL EXTERIOR Acero pintado en fr\u00edo RANGO DE T\u00b0 DE FUNCIONAMIENTO Amb + 8C &#8211; 60C UNIFORMIDAD DE T\u00b0 &#8211; MEDIO RANGO 0.5 \u00b0 C ESTABILIDAD A LA T\u00b0 &#8211; MEDIO RANGO 0.1 \u00b0 C TIPO DE CONTROLADOR Digital RESOLUCI\u00d3N DE PANTALLA 0.1 \u00b0 C TENSI\u00d3N DE POT, FREC. Y CRRTE. 230 VCA, 5060 Hz, 7,0 amperios CARGA M\u00c1XIMA DE HVAC 2825 BTU hora CERTIFICACIONES DE SEGURIDAD UL 61010-1, EN 61010-1, CSA 61010-1, CE<\/div>\n<\/div>\n<\/div>\n<\/div>\n<\/div>\n<\/div>\n<\/section>\n<\/div>\n<footer class=\"page-footer\"><\/footer>\n<\/div>\n<\/section>\n<footer id=\"footer\">\n<section class=\"footuyu\">\n<div class=\"container-fluid\">\n<div class=\"row\"><\/div>\n<\/div>\n<\/section>\n<div class=\"footer-container\">\n<div class=\"container\">\n<div class=\"row\">\n<div class=\"footer-grid1\"><\/div>\n<\/div>\n<\/div>\n<\/div>\n<\/footer>","protected":false},"excerpt":{"rendered":"<p><label class=\"label\">Marca<\/label>\u00a0Shellab<\/p>\n<div class=\"product-information\">\n<div id=\"product-description-short-425\">Incubadora con agitacion 93l<\/div>\n<\/div>","protected":false},"featured_media":568,"template":"","meta":{"site-sidebar-layout":"default","site-content-layout":"","ast-site-content-layout":"default","site-content-style":"default","site-sidebar-style":"default","ast-global-header-display":"","ast-banner-title-visibility":"","ast-main-header-display":"","ast-hfb-above-header-display":"","ast-hfb-below-header-display":"","ast-hfb-mobile-header-display":"","site-post-title":"","ast-breadcrumbs-content":"","ast-featured-img":"","footer-sml-layout":"","ast-disable-related-posts":"","theme-transparent-header-meta":"","adv-header-id-meta":"","stick-header-meta":"","header-above-stick-meta":"","header-main-stick-meta":"","header-below-stick-meta":"","astra-migrate-meta-layouts":"default","ast-page-background-enabled":"default","ast-page-background-meta":{"desktop":{"background-color":"var(--ast-global-color-4)","background-image":"","background-repeat":"repeat","background-position":"center center","background-size":"auto","background-attachment":"scroll","background-type":"","background-media":"","overlay-type":"","overlay-color":"","overlay-opacity":"","overlay-gradient":""},"tablet":{"background-color":"","background-image":"","background-repeat":"repeat","background-position":"center center","background-size":"auto","background-attachment":"scroll","background-type":"","background-media":"","overlay-type":"","overlay-color":"","overlay-opacity":"","overlay-gradient":""},"mobile":{"background-color":"","background-image":"","background-repeat":"repeat","background-position":"center center","background-size":"auto","background-attachment":"scroll","background-type":"","background-media":"","overlay-type":"","overlay-color":"","overlay-opacity":"","overlay-gradient":""}},"ast-content-background-meta":{"desktop":{"background-color":"var(--ast-global-color-5)","background-image":"","background-repeat":"repeat","background-position":"center center","background-size":"auto","background-attachment":"scroll","background-type":"","background-media":"","overlay-type":"","overlay-color":"","overlay-opacity":"","overlay-gradient":""},"tablet":{"background-color":"var(--ast-global-color-5)","background-image":"","background-repeat":"repeat","background-position":"center center","background-size":"auto","background-attachment":"scroll","background-type":"","background-media":"","overlay-type":"","overlay-color":"","overlay-opacity":"","overlay-gradient":""},"mobile":{"background-color":"var(--ast-global-color-5)","background-image":"","background-repeat":"repeat","background-position":"center center","background-size":"auto","background-attachment":"scroll","background-type":"","background-media":"","overlay-type":"","overlay-color":"","overlay-opacity":"","overlay-gradient":""}}},"product_brand":[],"product_cat":[29],"product_tag":[],"class_list":{"0":"post-567","1":"product","2":"type-product","3":"status-publish","4":"has-post-thumbnail","6":"product_cat-incubadoras","7":"desktop-align-left","8":"tablet-align-left","9":"mobile-align-left","11":"first","12":"instock","13":"shipping-taxable","14":"purchasable","15":"product-type-simple"},"_links":{"self":[{"href":"https:\/\/ineqlab.cl\/en\/wp-json\/wp\/v2\/product\/567","targetHints":{"allow":["GET"]}}],"collection":[{"href":"https:\/\/ineqlab.cl\/en\/wp-json\/wp\/v2\/product"}],"about":[{"href":"https:\/\/ineqlab.cl\/en\/wp-json\/wp\/v2\/types\/product"}],"wp:featuredmedia":[{"embeddable":true,"href":"https:\/\/ineqlab.cl\/en\/wp-json\/wp\/v2\/media\/568"}],"wp:attachment":[{"href":"https:\/\/ineqlab.cl\/en\/wp-json\/wp\/v2\/media?parent=567"}],"wp:term":[{"taxonomy":"product_brand","embeddable":true,"href":"https:\/\/ineqlab.cl\/en\/wp-json\/wp\/v2\/product_brand?post=567"},{"taxonomy":"product_cat","embeddable":true,"href":"https:\/\/ineqlab.cl\/en\/wp-json\/wp\/v2\/product_cat?post=567"},{"taxonomy":"product_tag","embeddable":true,"href":"https:\/\/ineqlab.cl\/en\/wp-json\/wp\/v2\/product_tag?post=567"}],"curies":[{"name":"wp","href":"https:\/\/api.w.org\/{rel}","templated":true}]}}