{"id":586,"date":"2022-10-12T14:43:27","date_gmt":"2022-10-12T17:43:27","guid":{"rendered":"https:\/\/ineqlab.cl\/?post_type=product&#038;p=586"},"modified":"2023-03-12T19:32:03","modified_gmt":"2023-03-12T22:32:03","slug":"microscopio-digital-cpantalla-lcd","status":"publish","type":"product","link":"https:\/\/ineqlab.cl\/en\/product\/microscopio-digital-cpantalla-lcd\/","title":{"rendered":"Microscopio digital cpantalla lcd"},"content":{"rendered":"<section id=\"wrapper\">\n<div class=\"container\">\n<div id=\"content-wrapper\">\n<section id=\"main\">\n<div class=\"row product-container\">\n<div class=\"col-md-12\">\n<div class=\"tabs\">\n<div id=\"tab-content\" class=\"tab-content\">\n<div id=\"description\" class=\"tab-pane fade in active\" role=\"tabpanel\">\n<div class=\"product-description\">Este modelo de microscopio digital, puede ser usado como una observacion tradicional a traves de los oculares o por su pantalla LCD para facilitar una f\u00e1cil y confortable observaci\u00f3n. Se caracteriza por una pantalla LCD de alta resolucion, para revisar fotografias y videos, ademas de tomar r\u00e1pidas fotografias y videos cortos. Esta unidad integra aumento, barrido digital, captura de fotos y videos, almacenamiento de captura de fotos en una tarjeta SD o transferir a un computador personal via USB. Especificaciones Tecnicas: &#8211; Pixel de 500 MG &#8211; Resoluci\u00f3n de fotograf\u00eda : 2560 x 1920 &#8211; 640 x 480 &#8211; Resoluci\u00f3n de video : 640 x 480 &#8211; Tama\u00f1o de sensor : 12,5 pulgadas &#8211; Pantalla LCD : 8 pulgadas TFT resoluci\u00f3n 800 x 600 -Video salida : av outpul NTSCPAL &#8211; Salida de datos : USB 2.0 &#8211; Lenguaje : ingles &#8211; Almacenamiento : tarjeta SD 46 &#8211; Cabezal binocular : inclinado 30\u00ba &#8211; Oculares campo amplio : WF 10X20 &#8211; Objetivos correccci\u00f3n infinita plan acromaticos : 4X0,1 &#8211; 10X0,25 &#8211; 40X0,65resorte &#8211; 100X1,25 oil resorte. &#8211; Sistema de enfoque macro y micrometrico con limitador y ajuste de 0.002um &#8211; Revolver quintuple. &#8211; Iluminacion halogena 6V 20W &#8211; Platina mecanica de 210mm x 140mm &#8211; Condensador tipo ABBE NA 1,25 con diafragma iris y ajuste de pi\u00f1on y rack.<\/div>\n<\/div>\n<\/div>\n<\/div>\n<\/div>\n<\/div>\n<\/section>\n<\/div>\n<footer class=\"page-footer\"><\/footer>\n<\/div>\n<\/section>\n<footer id=\"footer\">\n<section class=\"footuyu\">\n<div class=\"container-fluid\">\n<div class=\"row\"><\/div>\n<\/div>\n<\/section>\n<div class=\"footer-container\">\n<div class=\"container\">\n<div class=\"row\">\n<div class=\"footer-grid1\"><\/div>\n<\/div>\n<\/div>\n<\/div>\n<\/footer>","protected":false},"excerpt":{"rendered":"<p><label class=\"label\">Marca<\/label>\u00a0Bioptik<\/p>\n<div class=\"product-information\">\n<div id=\"product-description-short-240\">Microscopio digital cpantalla lcd<\/div>\n<\/div>","protected":false},"featured_media":587,"template":"","meta":{"site-sidebar-layout":"default","site-content-layout":"","ast-site-content-layout":"default","site-content-style":"default","site-sidebar-style":"default","ast-global-header-display":"","ast-banner-title-visibility":"","ast-main-header-display":"","ast-hfb-above-header-display":"","ast-hfb-below-header-display":"","ast-hfb-mobile-header-display":"","site-post-title":"","ast-breadcrumbs-content":"","ast-featured-img":"","footer-sml-layout":"","ast-disable-related-posts":"","theme-transparent-header-meta":"","adv-header-id-meta":"","stick-header-meta":"","header-above-stick-meta":"","header-main-stick-meta":"","header-below-stick-meta":"","astra-migrate-meta-layouts":"default","ast-page-background-enabled":"default","ast-page-background-meta":{"desktop":{"background-color":"var(--ast-global-color-4)","background-image":"","background-repeat":"repeat","background-position":"center center","background-size":"auto","background-attachment":"scroll","background-type":"","background-media":"","overlay-type":"","overlay-color":"","overlay-opacity":"","overlay-gradient":""},"tablet":{"background-color":"","background-image":"","background-repeat":"repeat","background-position":"center center","background-size":"auto","background-attachment":"scroll","background-type":"","background-media":"","overlay-type":"","overlay-color":"","overlay-opacity":"","overlay-gradient":""},"mobile":{"background-color":"","background-image":"","background-repeat":"repeat","background-position":"center center","background-size":"auto","background-attachment":"scroll","background-type":"","background-media":"","overlay-type":"","overlay-color":"","overlay-opacity":"","overlay-gradient":""}},"ast-content-background-meta":{"desktop":{"background-color":"var(--ast-global-color-5)","background-image":"","background-repeat":"repeat","background-position":"center center","background-size":"auto","background-attachment":"scroll","background-type":"","background-media":"","overlay-type":"","overlay-color":"","overlay-opacity":"","overlay-gradient":""},"tablet":{"background-color":"var(--ast-global-color-5)","background-image":"","background-repeat":"repeat","background-position":"center center","background-size":"auto","background-attachment":"scroll","background-type":"","background-media":"","overlay-type":"","overlay-color":"","overlay-opacity":"","overlay-gradient":""},"mobile":{"background-color":"var(--ast-global-color-5)","background-image":"","background-repeat":"repeat","background-position":"center center","background-size":"auto","background-attachment":"scroll","background-type":"","background-media":"","overlay-type":"","overlay-color":"","overlay-opacity":"","overlay-gradient":""}}},"product_brand":[],"product_cat":[30],"product_tag":[],"class_list":{"0":"post-586","1":"product","2":"type-product","3":"status-publish","4":"has-post-thumbnail","6":"product_cat-microscopia","7":"desktop-align-left","8":"tablet-align-left","9":"mobile-align-left","11":"first","12":"instock","13":"shipping-taxable","14":"purchasable","15":"product-type-simple"},"_links":{"self":[{"href":"https:\/\/ineqlab.cl\/en\/wp-json\/wp\/v2\/product\/586","targetHints":{"allow":["GET"]}}],"collection":[{"href":"https:\/\/ineqlab.cl\/en\/wp-json\/wp\/v2\/product"}],"about":[{"href":"https:\/\/ineqlab.cl\/en\/wp-json\/wp\/v2\/types\/product"}],"wp:featuredmedia":[{"embeddable":true,"href":"https:\/\/ineqlab.cl\/en\/wp-json\/wp\/v2\/media\/587"}],"wp:attachment":[{"href":"https:\/\/ineqlab.cl\/en\/wp-json\/wp\/v2\/media?parent=586"}],"wp:term":[{"taxonomy":"product_brand","embeddable":true,"href":"https:\/\/ineqlab.cl\/en\/wp-json\/wp\/v2\/product_brand?post=586"},{"taxonomy":"product_cat","embeddable":true,"href":"https:\/\/ineqlab.cl\/en\/wp-json\/wp\/v2\/product_cat?post=586"},{"taxonomy":"product_tag","embeddable":true,"href":"https:\/\/ineqlab.cl\/en\/wp-json\/wp\/v2\/product_tag?post=586"}],"curies":[{"name":"wp","href":"https:\/\/api.w.org\/{rel}","templated":true}]}}