{"id":636,"date":"2022-10-12T15:00:28","date_gmt":"2022-10-12T18:00:28","guid":{"rendered":"https:\/\/ineqlab.cl\/?post_type=product&#038;p=636"},"modified":"2023-03-12T19:32:04","modified_gmt":"2023-03-12T22:32:04","slug":"controlador-de-vacio-vc10","status":"publish","type":"product","link":"https:\/\/ineqlab.cl\/en\/product\/controlador-de-vacio-vc10\/","title":{"rendered":"Controlador de vacio vc10"},"content":{"rendered":"<section id=\"wrapper\">\n<div class=\"container\">\n<div id=\"content-wrapper\">\n<section id=\"main\">\n<div class=\"row product-container\">\n<div class=\"col-md-12\">\n<div class=\"tabs\">\n<div id=\"tab-content\" class=\"tab-content\">\n<div id=\"description\" class=\"tab-pane fade in active\" role=\"tabpanel\">\n<div class=\"product-description\">VC 10 Controlador de vac\u00edo Controlador de vac\u00edo universal para el control de dos puntos de todas las fuentes de vac\u00edo. Incorpora un sensor de presi\u00f3n de cer\u00e1mica altamente resistente a los productos qu\u00edmicos. La pantalla TFT en color de alta resoluci\u00f3n garantiza un manejo intuitivo. La v\u00e1lvula de ventilaci\u00f3n integrada permite la ventilaci\u00f3n del recipiente incluso en caso de corte del suministro el\u00e9ctrico. Adem\u00e1s del modo de regulaci\u00f3n manual pueden guardarse hasta diez programas con hasta diez secuencias de presi\u00f3ntiempo, y permite guardar el \u00faltimo ensayo. Control y documentaci\u00f3n mediante el software labworldsoft interfaz RS232. Conexi\u00f3n de un sensor PT 1000 para la medici\u00f3n integrada de la temperatura de todas las aplicaciones. Pulsador de gran tama\u00f1o con funci\u00f3n de parada de emergencia r\u00e1pida con ventilaci\u00f3n del recipiente. La longevidad de las v\u00e1lvulas se incrementa gracias a la nueva funci\u00f3n de limpieza, que puede adaptarse a cualquier aplicaci\u00f3n. Posibilidad de seleccionar el idioma de la gu\u00eda de men\u00fa completa. Mantenga siempre actualizado el software del aparato mediante la herramienta gratuita de actualizaci\u00f3n de firmware a trav\u00e9s de la interfaz USB. Informaci\u00f3n T\u00e9cnica Di\u00e1metro de conexi\u00f3n del lado de succi\u00f3n 8 mm Di\u00e1metro de conexi\u00f3n del lado de presi\u00f3n 8 mm Di\u00e1metro de conexi\u00f3n ventilaci\u00f3n 8 mm Presi\u00f3n de entrada 1 &#8211; 1050 mbar Detecci\u00f3n de punto de ebullici\u00f3n s\u00ed Biblioteca de disolventes s\u00ed Control de dos puntos s\u00ed Regulaci\u00f3n anal\u00f3gica de velocidad de vac\u00edo s\u00ed Visualizaci\u00f3n TFT Unidad de presi\u00f3n mbar, hPa, mmHg, Torr Sensor de vac\u00edo s\u00ed Tipo de sensor de vac\u00edo Cer\u00e1mica Al2O3 Presi\u00f3n m\u00e1x. en el sensor de presi\u00f3n 1.6 bar Measurement range absolute 1 &#8211; 1100 mbar Control range 1 &#8211; 1100 mbar Resoluci\u00f3n 1 mbar Incertidumbre de medici\u00f3n 1 mbar Medium temperature gas 5 &#8211; 40 \u00b0C V\u00e1lvula de vac\u00edo s\u00ed V\u00e1lvula de ventilaci\u00f3n s\u00ed Ext. para conectar el sensor de temperatura PT1000 Unidad de temperatura \u00b0C \u00b0F Rango para medir la temperatura -10 &#8211; 200 \u00b0C Resolucion de medida de temperatura 1 K Medida de la temperatura precisa \u00b11 K Contador de tiempo s\u00ed Ajuste del tiempo min. 1 s Ajuste del tiempo max. 6000 min Interfaz de regulaci\u00f3n de vac\u00edo de dos puntos VC2.4 Interfaz regulaci\u00f3n de velocidad de vac\u00edo MVP 10 digital Material en contacto con producto Al2O3, PTFE, FPM, PPS Material de la carcasa PBT Fijaci\u00f3n Soporte pinza Di\u00e1metro de fijaci\u00f3n 16 mm Modo autom\u00e1tico s\u00ed Modo manual s\u00ed Modo bomba % s\u00ed Modo programa s\u00ed Dimensiones An x Al x Pr 95 x 150 x 110 mm Peso 1.284 kg Temperatura ambiental permitida 5 &#8211; 40 \u00b0C Humedad relativa permitida 80 % Clase de protecci\u00f3n de acuerdo al DIN EN 60529 IP 20 Interfaz de RS 232 s\u00ed Interfaz de USB s\u00ed Voltaje 100 &#8211; 240 V Frecuencia 5060 Hz Consumo de energ\u00eda 24 W Consumo de energ\u00eda Standby 2 W Voltaje DC 24 V= Consumo de energ\u00eda 1000 mA<\/div>\n<\/div>\n<\/div>\n<\/div>\n<\/div>\n<\/div>\n<\/section>\n<\/div>\n<footer class=\"page-footer\"><\/footer>\n<\/div>\n<\/section>\n<footer id=\"footer\">\n<section class=\"footuyu\">\n<div class=\"container-fluid\">\n<div class=\"row\"><\/div>\n<\/div>\n<\/section>\n<div class=\"footer-container\">\n<div class=\"container\">\n<div class=\"row\">\n<div class=\"footer-grid1\"><\/div>\n<\/div>\n<\/div>\n<\/div>\n<\/footer>","protected":false},"excerpt":{"rendered":"<p><label class=\"label\">Marca<\/label>\u00a0IKA<\/p>\n<div class=\"product-information\">\n<div id=\"product-description-short-291\">Controlador de vacio vc10<\/div>\n<\/div>","protected":false},"featured_media":637,"template":"","meta":{"site-sidebar-layout":"default","site-content-layout":"","ast-site-content-layout":"default","site-content-style":"default","site-sidebar-style":"default","ast-global-header-display":"","ast-banner-title-visibility":"","ast-main-header-display":"","ast-hfb-above-header-display":"","ast-hfb-below-header-display":"","ast-hfb-mobile-header-display":"","site-post-title":"","ast-breadcrumbs-content":"","ast-featured-img":"","footer-sml-layout":"","ast-disable-related-posts":"","theme-transparent-header-meta":"","adv-header-id-meta":"","stick-header-meta":"","header-above-stick-meta":"","header-main-stick-meta":"","header-below-stick-meta":"","astra-migrate-meta-layouts":"default","ast-page-background-enabled":"default","ast-page-background-meta":{"desktop":{"background-color":"var(--ast-global-color-4)","background-image":"","background-repeat":"repeat","background-position":"center center","background-size":"auto","background-attachment":"scroll","background-type":"","background-media":"","overlay-type":"","overlay-color":"","overlay-opacity":"","overlay-gradient":""},"tablet":{"background-color":"","background-image":"","background-repeat":"repeat","background-position":"center center","background-size":"auto","background-attachment":"scroll","background-type":"","background-media":"","overlay-type":"","overlay-color":"","overlay-opacity":"","overlay-gradient":""},"mobile":{"background-color":"","background-image":"","background-repeat":"repeat","background-position":"center center","background-size":"auto","background-attachment":"scroll","background-type":"","background-media":"","overlay-type":"","overlay-color":"","overlay-opacity":"","overlay-gradient":""}},"ast-content-background-meta":{"desktop":{"background-color":"var(--ast-global-color-5)","background-image":"","background-repeat":"repeat","background-position":"center center","background-size":"auto","background-attachment":"scroll","background-type":"","background-media":"","overlay-type":"","overlay-color":"","overlay-opacity":"","overlay-gradient":""},"tablet":{"background-color":"var(--ast-global-color-5)","background-image":"","background-repeat":"repeat","background-position":"center center","background-size":"auto","background-attachment":"scroll","background-type":"","background-media":"","overlay-type":"","overlay-color":"","overlay-opacity":"","overlay-gradient":""},"mobile":{"background-color":"var(--ast-global-color-5)","background-image":"","background-repeat":"repeat","background-position":"center center","background-size":"auto","background-attachment":"scroll","background-type":"","background-media":"","overlay-type":"","overlay-color":"","overlay-opacity":"","overlay-gradient":""}}},"product_brand":[],"product_cat":[31],"product_tag":[],"class_list":{"0":"post-636","1":"product","2":"type-product","3":"status-publish","4":"has-post-thumbnail","6":"product_cat-vacio","7":"desktop-align-left","8":"tablet-align-left","9":"mobile-align-left","11":"first","12":"instock","13":"shipping-taxable","14":"purchasable","15":"product-type-simple"},"_links":{"self":[{"href":"https:\/\/ineqlab.cl\/en\/wp-json\/wp\/v2\/product\/636","targetHints":{"allow":["GET"]}}],"collection":[{"href":"https:\/\/ineqlab.cl\/en\/wp-json\/wp\/v2\/product"}],"about":[{"href":"https:\/\/ineqlab.cl\/en\/wp-json\/wp\/v2\/types\/product"}],"wp:featuredmedia":[{"embeddable":true,"href":"https:\/\/ineqlab.cl\/en\/wp-json\/wp\/v2\/media\/637"}],"wp:attachment":[{"href":"https:\/\/ineqlab.cl\/en\/wp-json\/wp\/v2\/media?parent=636"}],"wp:term":[{"taxonomy":"product_brand","embeddable":true,"href":"https:\/\/ineqlab.cl\/en\/wp-json\/wp\/v2\/product_brand?post=636"},{"taxonomy":"product_cat","embeddable":true,"href":"https:\/\/ineqlab.cl\/en\/wp-json\/wp\/v2\/product_cat?post=636"},{"taxonomy":"product_tag","embeddable":true,"href":"https:\/\/ineqlab.cl\/en\/wp-json\/wp\/v2\/product_tag?post=636"}],"curies":[{"name":"wp","href":"https:\/\/api.w.org\/{rel}","templated":true}]}}