{"id":641,"date":"2022-10-12T15:07:03","date_gmt":"2022-10-12T18:07:03","guid":{"rendered":"https:\/\/ineqlab.cl\/?post_type=product&#038;p=641"},"modified":"2023-03-12T19:32:04","modified_gmt":"2023-03-12T22:32:04","slug":"bomba-vacio-ika-vacstar-ccontrol","status":"publish","type":"product","link":"https:\/\/ineqlab.cl\/en\/product\/bomba-vacio-ika-vacstar-ccontrol\/","title":{"rendered":"Bomba vacio ika vacstar ccontrol"},"content":{"rendered":"<section id=\"wrapper\">\n<div class=\"container\">\n<div id=\"content-wrapper\">\n<section id=\"main\">\n<div class=\"row product-container\">\n<div class=\"col-md-12\">\n<div class=\"tabs\">\n<div id=\"tab-content\" class=\"tab-content\">\n<div id=\"description\" class=\"tab-pane fade in active\" role=\"tabpanel\">\n<div class=\"product-description\">Separar, filtrar, transportar: la bomba de vac\u00edo VACSTAR con membrana de 4 c\u00e1maras seca es potente, resistente a productos qu\u00edmicos y de bajo mantenimiento. La bomba VACSTAR control con controlador de vac\u00edo integrado y pantalla extra\u00edble es ideal para obtener soluciones 1:1. El controlador ofrece el modo adecuado al proceso deseado: desde la operaci\u00f3n autom\u00e1tica hasta la manual, hasta el bombeo o la funci\u00f3n de evacuaci\u00f3n y limpieza. Succi\u00f3n de alto rendimiento VACSTAR posee una capacidad de succi\u00f3n excelente, de 22 lmin a una presi\u00f3n m\u00ednima de 2 mbar. Controlador de vac\u00edo integrado con WiCo extra\u00edble En la versi\u00f3n control, el modo de funcionamiento se selecciona f\u00e1cilmente en funci\u00f3n de la aplicaci\u00f3n mediante el intuitivo men\u00fa de usuario o utilizando el control remoto. Protecci\u00f3n para los usuarios y el medio ambiente VACSTAR incluye un condensador de emisi\u00f3n de seguridad de vac\u00edo posconectado VSE1, que protege eficazmente a los empleados del laboratorio y al medio ambiente contra el aire de escape perjudicial. La bomba Vacstar control se utiliza para aplicaciones secas y sin aceite en el d\u00eda a d\u00eda del laboratorio. Sus membranas son sumamente resistentes a los agentes qu\u00edmicos. Volumen de suministro Control WiCo VACSTAR VSE 1 Manguera de vac\u00edo 1 m WH11 Funda protectora para contacto WiCo Fuente de alimentaci\u00f3n OS 1.0 WiCo Cable USB &#8211; USB A a Micro-B, 2 m Cable USB A &#8211; USB B Destornillador Informaci\u00f3n T\u00e9cnica Ritmo de la bomba m\u00e1x. 5060 Hz 1.32 m\u00b3h Tasa bomba max 5060 Hz 22 lmin Presi\u00f3n final sin lastre de gas 2 mbar Niveles de succi\u00f3n 4 Cilindro 4 Di\u00e1metro de conexi\u00f3n del lado de succi\u00f3n 8 mm Di\u00e1metro de conexi\u00f3n del lado de presi\u00f3n 8 mm Presi\u00f3n de entrada 2 &#8211; 1030 mbar Detecci\u00f3n de punto de ebullici\u00f3n s\u00ed Biblioteca de disolventes s\u00ed Regulaci\u00f3n anal\u00f3gica de velocidad de vac\u00edo s\u00ed Control de velocidad Bot\u00f3n giratorio Rango de velocidad 285 &#8211; 1200 rpm Visualizaci\u00f3n TFT Unidad de presi\u00f3n mbar, hPa, mmHg, Torr Sensor de vac\u00edo s\u00ed Tipo de sensor de vac\u00edo Cer\u00e1mica Al2O3 Presi\u00f3n m\u00e1x. en el sensor de presi\u00f3n 1.2 bar Measurement range absolute 1 &#8211; 1030 mbar Control range 1 &#8211; 1030 mbar Resoluci\u00f3n 1 mbar Incertidumbre de medici\u00f3n 1 mbar V\u00e1lvula de ventilaci\u00f3n s\u00ed Colector de condensado s\u00ed Condensador de emisiones s\u00ed Contador de tiempo s\u00ed Ruido a baja presi\u00f3n 54 dBA Material en contacto con producto Al2O3, PTFE, FPM, PPS Material de la carcasa Recubrimiento de aluminio fundido pol\u00edmero termopl\u00e1stico Modo autom\u00e1tico s\u00ed Modo manual s\u00ed Modo bomba % s\u00ed Modo programa s\u00ed Dimensiones An x Al x Pr 270 x 435 x 500 mm Peso 19 kg Temperatura ambiental permitida 5 &#8211; 40 \u00b0C Permissible ambient conditions 80% up to 31\u00b0C, decreasing linearly to max. 50 @40\u00b0C Clase de protecci\u00f3n de acuerdo al DIN EN 60529 IP 20 Interfaz de RS 232 s\u00ed Interfaz de USB s\u00ed Voltaje 100 &#8211; 240 V Frecuencia 5060 Hz Consumo de energ\u00eda 140 W Consumo de energ\u00eda Standby 1.5 W<\/div>\n<\/div>\n<\/div>\n<\/div>\n<\/div>\n<\/div>\n<\/section>\n<\/div>\n<footer class=\"page-footer\"><\/footer>\n<\/div>\n<\/section>\n<footer id=\"footer\">\n<section class=\"footuyu\">\n<div class=\"container-fluid\">\n<div class=\"row\"><\/div>\n<\/div>\n<\/section>\n<div class=\"footer-container\">\n<div class=\"container\">\n<div class=\"row\">\n<div class=\"footer-grid1\"><\/div>\n<\/div>\n<\/div>\n<\/div>\n<\/footer>","protected":false},"excerpt":{"rendered":"<p><label class=\"label\">Marca<\/label>\u00a0IKA<\/p>\n<div class=\"product-information\">\n<div id=\"product-description-short-294\">Bomba vacio ika vacstar ccontrol<\/div>\n<\/div>","protected":false},"featured_media":643,"template":"","meta":{"site-sidebar-layout":"default","site-content-layout":"","ast-site-content-layout":"default","site-content-style":"default","site-sidebar-style":"default","ast-global-header-display":"","ast-banner-title-visibility":"","ast-main-header-display":"","ast-hfb-above-header-display":"","ast-hfb-below-header-display":"","ast-hfb-mobile-header-display":"","site-post-title":"","ast-breadcrumbs-content":"","ast-featured-img":"","footer-sml-layout":"","ast-disable-related-posts":"","theme-transparent-header-meta":"","adv-header-id-meta":"","stick-header-meta":"","header-above-stick-meta":"","header-main-stick-meta":"","header-below-stick-meta":"","astra-migrate-meta-layouts":"default","ast-page-background-enabled":"default","ast-page-background-meta":{"desktop":{"background-color":"var(--ast-global-color-4)","background-image":"","background-repeat":"repeat","background-position":"center center","background-size":"auto","background-attachment":"scroll","background-type":"","background-media":"","overlay-type":"","overlay-color":"","overlay-opacity":"","overlay-gradient":""},"tablet":{"background-color":"","background-image":"","background-repeat":"repeat","background-position":"center center","background-size":"auto","background-attachment":"scroll","background-type":"","background-media":"","overlay-type":"","overlay-color":"","overlay-opacity":"","overlay-gradient":""},"mobile":{"background-color":"","background-image":"","background-repeat":"repeat","background-position":"center center","background-size":"auto","background-attachment":"scroll","background-type":"","background-media":"","overlay-type":"","overlay-color":"","overlay-opacity":"","overlay-gradient":""}},"ast-content-background-meta":{"desktop":{"background-color":"var(--ast-global-color-5)","background-image":"","background-repeat":"repeat","background-position":"center center","background-size":"auto","background-attachment":"scroll","background-type":"","background-media":"","overlay-type":"","overlay-color":"","overlay-opacity":"","overlay-gradient":""},"tablet":{"background-color":"var(--ast-global-color-5)","background-image":"","background-repeat":"repeat","background-position":"center center","background-size":"auto","background-attachment":"scroll","background-type":"","background-media":"","overlay-type":"","overlay-color":"","overlay-opacity":"","overlay-gradient":""},"mobile":{"background-color":"var(--ast-global-color-5)","background-image":"","background-repeat":"repeat","background-position":"center center","background-size":"auto","background-attachment":"scroll","background-type":"","background-media":"","overlay-type":"","overlay-color":"","overlay-opacity":"","overlay-gradient":""}}},"product_brand":[],"product_cat":[31],"product_tag":[],"class_list":{"0":"post-641","1":"product","2":"type-product","3":"status-publish","4":"has-post-thumbnail","6":"product_cat-vacio","7":"desktop-align-left","8":"tablet-align-left","9":"mobile-align-left","11":"first","12":"instock","13":"shipping-taxable","14":"purchasable","15":"product-type-simple"},"_links":{"self":[{"href":"https:\/\/ineqlab.cl\/en\/wp-json\/wp\/v2\/product\/641","targetHints":{"allow":["GET"]}}],"collection":[{"href":"https:\/\/ineqlab.cl\/en\/wp-json\/wp\/v2\/product"}],"about":[{"href":"https:\/\/ineqlab.cl\/en\/wp-json\/wp\/v2\/types\/product"}],"wp:featuredmedia":[{"embeddable":true,"href":"https:\/\/ineqlab.cl\/en\/wp-json\/wp\/v2\/media\/643"}],"wp:attachment":[{"href":"https:\/\/ineqlab.cl\/en\/wp-json\/wp\/v2\/media?parent=641"}],"wp:term":[{"taxonomy":"product_brand","embeddable":true,"href":"https:\/\/ineqlab.cl\/en\/wp-json\/wp\/v2\/product_brand?post=641"},{"taxonomy":"product_cat","embeddable":true,"href":"https:\/\/ineqlab.cl\/en\/wp-json\/wp\/v2\/product_cat?post=641"},{"taxonomy":"product_tag","embeddable":true,"href":"https:\/\/ineqlab.cl\/en\/wp-json\/wp\/v2\/product_tag?post=641"}],"curies":[{"name":"wp","href":"https:\/\/api.w.org\/{rel}","templated":true}]}}