{"id":648,"date":"2022-10-12T15:09:15","date_gmt":"2022-10-12T18:09:15","guid":{"rendered":"https:\/\/ineqlab.cl\/?post_type=product&#038;p=648"},"modified":"2023-03-12T19:32:04","modified_gmt":"2023-03-12T22:32:04","slug":"circulador-de-agua-de-baja-temperatura-rc5-basic","status":"publish","type":"product","link":"https:\/\/ineqlab.cl\/en\/product\/circulador-de-agua-de-baja-temperatura-rc5-basic\/","title":{"rendered":"Circulador de agua de baja temperatura rc5 basic"},"content":{"rendered":"<section id=\"wrapper\">\n<div class=\"container\">\n<div id=\"content-wrapper\">\n<section id=\"main\">\n<div class=\"row product-container\">\n<div class=\"col-md-12\">\n<div class=\"tabs\">\n<div id=\"tab-content\" class=\"tab-content\">\n<div id=\"description\" class=\"tab-pane fade in active\" role=\"tabpanel\">\n<div class=\"product-description\">Potente circulador de enfriamiento para tareas de enfriamiento externas hasta -30 \u00b0C. El circulador de enfriamiento de bajo consumo de energ\u00eda funciona con un refrigerante ecol\u00f3gico y alcanza una alta densidad de potencia, que se traducen en sustanciales ahorros de energ\u00eda y en una reducci\u00f3n de la superficie de apoyo necesaria en el laboratorio. La bomba de presi\u00f3n y succi\u00f3n de PEEK controlada por velocidad permite un ajuste cont\u00ednuo e indirecto de la presi\u00f3n m\u00e1xima y del caudal. Su excelente estabilidad de temperatura de \u00b1 0,1 K puede manejar incluso aplicaciones exigentes. El ba\u00f1o de 7 l, perfectamente aislado y de alta calidad, incorpora un embudo de llenado integrado y una v\u00e1lvula de descarga que posibilitan la manipulaci\u00f3n segura y limpia del termofluido. Para el vaciado se conecta una manguera, de modo que el usuario no entra en contacto directo con el fluido de atemperado. La tapa frontal de f\u00e1cil apertura permite limpiar c\u00f3modamente el filtro de aire de la m\u00e1quina frigor\u00edfica. Especificaiones Tecnicas: Tipo de aplicaci\u00f3n Circulador refrigerado Agente de refrigeraci\u00f3n R290 Cantidad de agente de refrigeraci\u00f3n 90 g Presi\u00f3n m\u00e1x. del agente frigor\u00edfico 21 bar Capacidad de refrigeraci\u00f3n @20\u00b0C 1400 W Capacidad de refrigeraci\u00f3n @10\u00b0C 1200 W Capacidad de refrigeraci\u00f3n @0\u00b0C 950 W Capacidad de refrigeraci\u00f3n @-10\u00b0C 650 W Capacidad de refrigeraci\u00f3n @-20\u00b0C 450 W Potencia frigor\u00edfica @-30 \u00b0C 200 W Funcionamiento de temperatura -30 &#8211; temp. ambiental \u00b0C Temperatura de funcionamiento min. -30 \u00b0C Temperatura de funcionamiento max. 80 \u00b0C Indicador de temperatura s\u00ed Control de temperatura PT 100 Funcionamiento del sensor de temperatura PT 100 Indicador del funcionamiento de temperatura LED Constancia de temperatura DIN 12876 0.2 \u00b1K Indicador de resoluci\u00f3n 0.1 K Funci\u00f3n de advertencia optica s\u00ed Funcion de advertencia ac\u00fastica s\u00ed Funci\u00f3n de advertencia de exceso de temperatura s\u00ed Protecci\u00f3n del subnivel s\u00ed Volumen de ba\u00f1o 5.0 &#8211; 7.0 l Tipo de bomba Bomba de presi\u00f3nsucci\u00f3n Capacidad ajustable de bomba s\u00ed Presion max. de bomba 0 litros de flujo de la descarga 0.61 bar Bomba de presi\u00f3n lado de succi\u00f3n caudal 0 litros 0.45 bar Presion max. de bomba 0 presi\u00f3n barra trasera 31 lmin Conexi\u00f3n de bomba M16x1 Opci\u00f3n de calibraci\u00f3n s\u00ed Los datos t\u00e9cnicos cumplen con el est\u00e1ndar. DIN 12876 Tiempo permitido encendido 100 % Dimensiones An x Al x Pr 310 x 546 x 490 mm Peso 37.5 kg Temperatura ambiental permitida 5 &#8211; 32 \u00b0C Humedad relativa permitida 80 % Clase de protecci\u00f3n de acuerdo al DIN EN 60529 IP 21 Interfaz de RS 232 s\u00ed Interfaz de USB s\u00ed Voltaje 230 100 &#8211; 115 V Frecuencia 5060 Hz Consumo de energ\u00eda 1100 W<\/div>\n<\/div>\n<\/div>\n<\/div>\n<\/div>\n<\/div>\n<\/section>\n<\/div>\n<footer class=\"page-footer\"><\/footer>\n<\/div>\n<\/section>\n<footer id=\"footer\">\n<section class=\"footuyu\">\n<div class=\"container-fluid\">\n<div class=\"row\"><\/div>\n<\/div>\n<\/section>\n<div class=\"footer-container\">\n<div class=\"container\">\n<div class=\"row\">\n<div class=\"footer-grid1\"><\/div>\n<\/div>\n<\/div>\n<\/div>\n<\/footer>","protected":false},"excerpt":{"rendered":"<p><label class=\"label\">Marca<\/label>\u00a0IKA<\/p>\n<div class=\"product-information\">\n<div id=\"product-description-short-318\">Circulador de agua de baja temperatura rc5 basic<\/div>\n<\/div>","protected":false},"featured_media":649,"template":"","meta":{"site-sidebar-layout":"default","site-content-layout":"","ast-site-content-layout":"default","site-content-style":"default","site-sidebar-style":"default","ast-global-header-display":"","ast-banner-title-visibility":"","ast-main-header-display":"","ast-hfb-above-header-display":"","ast-hfb-below-header-display":"","ast-hfb-mobile-header-display":"","site-post-title":"","ast-breadcrumbs-content":"","ast-featured-img":"","footer-sml-layout":"","ast-disable-related-posts":"","theme-transparent-header-meta":"","adv-header-id-meta":"","stick-header-meta":"","header-above-stick-meta":"","header-main-stick-meta":"","header-below-stick-meta":"","astra-migrate-meta-layouts":"default","ast-page-background-enabled":"default","ast-page-background-meta":{"desktop":{"background-color":"var(--ast-global-color-4)","background-image":"","background-repeat":"repeat","background-position":"center center","background-size":"auto","background-attachment":"scroll","background-type":"","background-media":"","overlay-type":"","overlay-color":"","overlay-opacity":"","overlay-gradient":""},"tablet":{"background-color":"","background-image":"","background-repeat":"repeat","background-position":"center center","background-size":"auto","background-attachment":"scroll","background-type":"","background-media":"","overlay-type":"","overlay-color":"","overlay-opacity":"","overlay-gradient":""},"mobile":{"background-color":"","background-image":"","background-repeat":"repeat","background-position":"center center","background-size":"auto","background-attachment":"scroll","background-type":"","background-media":"","overlay-type":"","overlay-color":"","overlay-opacity":"","overlay-gradient":""}},"ast-content-background-meta":{"desktop":{"background-color":"var(--ast-global-color-5)","background-image":"","background-repeat":"repeat","background-position":"center center","background-size":"auto","background-attachment":"scroll","background-type":"","background-media":"","overlay-type":"","overlay-color":"","overlay-opacity":"","overlay-gradient":""},"tablet":{"background-color":"var(--ast-global-color-5)","background-image":"","background-repeat":"repeat","background-position":"center center","background-size":"auto","background-attachment":"scroll","background-type":"","background-media":"","overlay-type":"","overlay-color":"","overlay-opacity":"","overlay-gradient":""},"mobile":{"background-color":"var(--ast-global-color-5)","background-image":"","background-repeat":"repeat","background-position":"center center","background-size":"auto","background-attachment":"scroll","background-type":"","background-media":"","overlay-type":"","overlay-color":"","overlay-opacity":"","overlay-gradient":""}}},"product_brand":[],"product_cat":[31],"product_tag":[],"class_list":{"0":"post-648","1":"product","2":"type-product","3":"status-publish","4":"has-post-thumbnail","6":"product_cat-vacio","7":"desktop-align-left","8":"tablet-align-left","9":"mobile-align-left","11":"first","12":"instock","13":"shipping-taxable","14":"purchasable","15":"product-type-simple"},"_links":{"self":[{"href":"https:\/\/ineqlab.cl\/en\/wp-json\/wp\/v2\/product\/648","targetHints":{"allow":["GET"]}}],"collection":[{"href":"https:\/\/ineqlab.cl\/en\/wp-json\/wp\/v2\/product"}],"about":[{"href":"https:\/\/ineqlab.cl\/en\/wp-json\/wp\/v2\/types\/product"}],"wp:featuredmedia":[{"embeddable":true,"href":"https:\/\/ineqlab.cl\/en\/wp-json\/wp\/v2\/media\/649"}],"wp:attachment":[{"href":"https:\/\/ineqlab.cl\/en\/wp-json\/wp\/v2\/media?parent=648"}],"wp:term":[{"taxonomy":"product_brand","embeddable":true,"href":"https:\/\/ineqlab.cl\/en\/wp-json\/wp\/v2\/product_brand?post=648"},{"taxonomy":"product_cat","embeddable":true,"href":"https:\/\/ineqlab.cl\/en\/wp-json\/wp\/v2\/product_cat?post=648"},{"taxonomy":"product_tag","embeddable":true,"href":"https:\/\/ineqlab.cl\/en\/wp-json\/wp\/v2\/product_tag?post=648"}],"curies":[{"name":"wp","href":"https:\/\/api.w.org\/{rel}","templated":true}]}}