{"id":681,"date":"2022-10-12T15:19:25","date_gmt":"2022-10-12T18:19:25","guid":{"rendered":"https:\/\/ineqlab.cl\/?post_type=product&#038;p=681"},"modified":"2023-03-12T19:32:05","modified_gmt":"2023-03-12T22:32:05","slug":"molino-de-analisis-tube-mill-100-control","status":"publish","type":"product","link":"https:\/\/ineqlab.cl\/en\/product\/molino-de-analisis-tube-mill-100-control\/","title":{"rendered":"Molino de an\u00e1lisis tube mill 100 control"},"content":{"rendered":"<section id=\"wrapper\">\n<div class=\"container\">\n<div id=\"content-wrapper\">\n<section id=\"main\">\n<div class=\"row product-container\">\n<div class=\"col-md-12\">\n<div class=\"tabs\">\n<div id=\"tab-content\" class=\"tab-content\">\n<div id=\"description\" class=\"tab-pane fade in active\" role=\"tabpanel\">\n<div class=\"product-description\">El Tube Mill 100 control es un molino de lotes con c\u00e1maras de molienda desechables. De este modo se evitan las contaminaciones cruzadas y resultan innecesarios los trabajos de limpieza. Gracias al Tube Mill 100 control, ahora pueden utilizarse c\u00e1maras de molienda de mayor tama\u00f1o con un volumen m\u00e1ximo de 100 ml MT 100. Las c\u00e1maras de molienda y la tapa est\u00e1n realizadas en un material transparente, que permite observar en todo momento los ensayos de molienda. El molino puede utilizarse para materiales duros dureza de hasta 5 Mohs, quebradizos y secos. Es especialmente adecuado para moler semillas como p. ej. ma\u00edz, trigo. El molino funciona \u00fanicamente con la tapa cerrada, garantizando as\u00ed un proceso de trabajo seguro. Ampl\u00eda Pantalla OLED multiling\u00fce para visaluziacai\u00f3n de par\u00e1metros incluye indicaci\u00f3n de mensajes de error Temporizador ajustable de 5 s a 3 min Interfaz USB control y documentaci\u00f3n de ensayos Funcionamiento a intervalos Ajuste continuo de velocidad 5000 \u2013 25 000 rpm Diversos modos de funcionamiento Velocidad y tiempo de seguridad ajustables Condiciones de ensayo programables y almacenables Resultados de ensayo reproducibles Teclado t\u00e1ctil Especificaciones T\u00e9cnicas: Tipo de proceso lote Principio de funcionamiento corteimpacto Potencia del consumo del motor 100 W Potencia del suministro del motor 80 W Rango de velocidad 5000 &#8211; 25000 rpm Desviaci\u00f3n de la velocidad 2 \u00b1% Velocidad circunferencial max. 65 ms Volumen utilizable max. 100 ml Solidez del producto max. 5 Mohs Tama\u00f1o final 1-100um Max. tama\u00f1o en grano del producto 10 mm Tiempo de conexi\u00f3n 3 min El producto puede enfriarse en el compartimiento con hielo seco s\u00ed Dimensiones An x Al x Pr 180 x 212 x 300 mm Peso 2.8 kg Temperatura ambiental permitida 5 &#8211; 40 \u00b0C Humedad relativa permitida 80 % Clase de protecci\u00f3n de acuerdo al DIN EN 60529 IP 30 Interfaz de USB s\u00ed Voltaje 220 &#8211; 240 100 &#8211; 120 100 V Frecuencia 5060 Hz Consumo de energ\u00eda 100 W<\/div>\n<\/div>\n<\/div>\n<\/div>\n<\/div>\n<\/div>\n<\/section>\n<\/div>\n<footer class=\"page-footer\"><\/footer>\n<\/div>\n<\/section>\n<footer id=\"footer\">\n<section class=\"footuyu\">\n<div class=\"container-fluid\">\n<div class=\"row\"><\/div>\n<\/div>\n<\/section>\n<div class=\"footer-container\">\n<div class=\"container\">\n<div class=\"row\">\n<div class=\"footer-grid1\"><\/div>\n<\/div>\n<\/div>\n<\/div>\n<\/footer>","protected":false},"excerpt":{"rendered":"<p><label class=\"label\">Marca<\/label>\u00a0IKA<\/p>\n<div class=\"product-information\">\n<div id=\"product-description-short-292\">Molino de analisis tube mill 100 control<\/div>\n<\/div>","protected":false},"featured_media":682,"template":"","meta":{"site-sidebar-layout":"default","site-content-layout":"","ast-site-content-layout":"default","site-content-style":"default","site-sidebar-style":"default","ast-global-header-display":"","ast-banner-title-visibility":"","ast-main-header-display":"","ast-hfb-above-header-display":"","ast-hfb-below-header-display":"","ast-hfb-mobile-header-display":"","site-post-title":"","ast-breadcrumbs-content":"","ast-featured-img":"","footer-sml-layout":"","ast-disable-related-posts":"","theme-transparent-header-meta":"","adv-header-id-meta":"","stick-header-meta":"","header-above-stick-meta":"","header-main-stick-meta":"","header-below-stick-meta":"","astra-migrate-meta-layouts":"default","ast-page-background-enabled":"default","ast-page-background-meta":{"desktop":{"background-color":"var(--ast-global-color-4)","background-image":"","background-repeat":"repeat","background-position":"center center","background-size":"auto","background-attachment":"scroll","background-type":"","background-media":"","overlay-type":"","overlay-color":"","overlay-opacity":"","overlay-gradient":""},"tablet":{"background-color":"","background-image":"","background-repeat":"repeat","background-position":"center center","background-size":"auto","background-attachment":"scroll","background-type":"","background-media":"","overlay-type":"","overlay-color":"","overlay-opacity":"","overlay-gradient":""},"mobile":{"background-color":"","background-image":"","background-repeat":"repeat","background-position":"center center","background-size":"auto","background-attachment":"scroll","background-type":"","background-media":"","overlay-type":"","overlay-color":"","overlay-opacity":"","overlay-gradient":""}},"ast-content-background-meta":{"desktop":{"background-color":"var(--ast-global-color-5)","background-image":"","background-repeat":"repeat","background-position":"center center","background-size":"auto","background-attachment":"scroll","background-type":"","background-media":"","overlay-type":"","overlay-color":"","overlay-opacity":"","overlay-gradient":""},"tablet":{"background-color":"var(--ast-global-color-5)","background-image":"","background-repeat":"repeat","background-position":"center center","background-size":"auto","background-attachment":"scroll","background-type":"","background-media":"","overlay-type":"","overlay-color":"","overlay-opacity":"","overlay-gradient":""},"mobile":{"background-color":"var(--ast-global-color-5)","background-image":"","background-repeat":"repeat","background-position":"center center","background-size":"auto","background-attachment":"scroll","background-type":"","background-media":"","overlay-type":"","overlay-color":"","overlay-opacity":"","overlay-gradient":""}}},"product_brand":[],"product_cat":[33],"product_tag":[],"class_list":{"0":"post-681","1":"product","2":"type-product","3":"status-publish","4":"has-post-thumbnail","6":"product_cat-molinos","7":"desktop-align-left","8":"tablet-align-left","9":"mobile-align-left","11":"first","12":"instock","13":"shipping-taxable","14":"purchasable","15":"product-type-simple"},"_links":{"self":[{"href":"https:\/\/ineqlab.cl\/en\/wp-json\/wp\/v2\/product\/681","targetHints":{"allow":["GET"]}}],"collection":[{"href":"https:\/\/ineqlab.cl\/en\/wp-json\/wp\/v2\/product"}],"about":[{"href":"https:\/\/ineqlab.cl\/en\/wp-json\/wp\/v2\/types\/product"}],"wp:featuredmedia":[{"embeddable":true,"href":"https:\/\/ineqlab.cl\/en\/wp-json\/wp\/v2\/media\/682"}],"wp:attachment":[{"href":"https:\/\/ineqlab.cl\/en\/wp-json\/wp\/v2\/media?parent=681"}],"wp:term":[{"taxonomy":"product_brand","embeddable":true,"href":"https:\/\/ineqlab.cl\/en\/wp-json\/wp\/v2\/product_brand?post=681"},{"taxonomy":"product_cat","embeddable":true,"href":"https:\/\/ineqlab.cl\/en\/wp-json\/wp\/v2\/product_cat?post=681"},{"taxonomy":"product_tag","embeddable":true,"href":"https:\/\/ineqlab.cl\/en\/wp-json\/wp\/v2\/product_tag?post=681"}],"curies":[{"name":"wp","href":"https:\/\/api.w.org\/{rel}","templated":true}]}}