{"id":691,"date":"2022-10-12T15:22:29","date_gmt":"2022-10-12T18:22:29","guid":{"rendered":"https:\/\/ineqlab.cl\/?post_type=product&#038;p=691"},"modified":"2023-03-12T19:32:06","modified_gmt":"2023-03-12T22:32:06","slug":"molino-universal-mod-a10-basic","status":"publish","type":"product","link":"https:\/\/ineqlab.cl\/en\/product\/molino-universal-mod-a10-basic\/","title":{"rendered":"Molino universal mod. A10 basic"},"content":{"rendered":"<section id=\"wrapper\">\n<div class=\"container\">\n<div id=\"content-wrapper\">\n<section id=\"main\">\n<div class=\"row product-container\">\n<div class=\"col-md-12\">\n<div class=\"tabs\">\n<div id=\"tab-content\" class=\"tab-content\">\n<div id=\"description\" class=\"tab-pane fade in active\" role=\"tabpanel\">\n<div class=\"product-description\">Caracter\u00edsticas Tecnicas: *Molino para an\u00e1lisis modelo A 10 Basic permite la molienda de materiales duros, quebradizos, blandos y fibrosos para vol\u00famenes de hasta 50 ml. Como las muestras se pueden introducir directamente en la c\u00e1mara de molienda, es posible moler tambi\u00e9n materiales duros, oleosos y acuosos. Durante el desarrollo del molino se ha prestado una atenci\u00f3n especial a la seguridad. El molino solo iniciar\u00e1, cuando la tapa est\u00e9 cerrada y solo puede abrirse cuando est\u00e9 parado. Funci\u00f3n de parada r\u00e1pida para seguridad del usuario. Funciones adicionales: Temporizador digital Contador: Visualizaci\u00f3n del tiempo de molienda Funcionamiento a intervalos Motor sin escobillas para aumentar su duraci\u00f3n y reducir el ruido Conexiones de refrigeraci\u00f3n integradas Visualizaci\u00f3n de c\u00f3digos de error Manejo sencillo con teclado Batidor y cuchilla f\u00e1cilmente intercambiables para distintas aplicaciones Reducci\u00f3n de la c\u00e1mara de molienda para peque\u00f1as cantidades de muestra y la cuchilla de acero inoxidable A 10.1 se incluyen con la compra del molino. F\u00e1cil apertura y cierre de la tapa. Especificaciones Tednicas: Velocidad max.: 25000 rpm \u00b1500rpm Velocidad circunferencial max. 73 ms Volumen utilizable max. 50 ml Solidez del producto max.: 5 Mohs Max. tama\u00f1o en grano de producto: 6mm Material del cuchilla: acero inox. 1.4034 Compartimiento que muele el material: acero inoxidable 1.4301 Tiempo de conexi\u00f3n 5 min Tiempo de desconexi\u00f3n 10 min Dimensiones An x Al x Pr: 130 x 250 x 145 mm Peso 2.9 kg Temperatura ambiental permitida 5 &#8211; 40 \u00b0C Humedad relativa permitida 80 % Clase de protecci\u00f3n de acuerdo al DIN Voltaje 220 &#8211; 240 V Frecuencia 5060 Hz Consumo de energ\u00eda 300 W<\/div>\n<\/div>\n<\/div>\n<\/div>\n<\/div>\n<\/div>\n<\/section>\n<\/div>\n<footer class=\"page-footer\"><\/footer>\n<\/div>\n<\/section>\n<footer id=\"footer\">\n<section class=\"footuyu\">\n<div class=\"container-fluid\">\n<div class=\"row\"><\/div>\n<\/div>\n<\/section>\n<div class=\"footer-container\">\n<div class=\"container\">\n<div class=\"row\">\n<div class=\"footer-grid1\"><\/div>\n<\/div>\n<\/div>\n<\/div>\n<\/footer>","protected":false},"excerpt":{"rendered":"<p><label class=\"label\">Marca<\/label>\u00a0IKA<\/p>\n<div class=\"product-information\">\n<div id=\"product-description-short-316\">Molino universal mod. A10 basic<\/div>\n<\/div>","protected":false},"featured_media":692,"template":"","meta":{"site-sidebar-layout":"default","site-content-layout":"","ast-site-content-layout":"default","site-content-style":"default","site-sidebar-style":"default","ast-global-header-display":"","ast-banner-title-visibility":"","ast-main-header-display":"","ast-hfb-above-header-display":"","ast-hfb-below-header-display":"","ast-hfb-mobile-header-display":"","site-post-title":"","ast-breadcrumbs-content":"","ast-featured-img":"","footer-sml-layout":"","ast-disable-related-posts":"","theme-transparent-header-meta":"","adv-header-id-meta":"","stick-header-meta":"","header-above-stick-meta":"","header-main-stick-meta":"","header-below-stick-meta":"","astra-migrate-meta-layouts":"default","ast-page-background-enabled":"default","ast-page-background-meta":{"desktop":{"background-color":"var(--ast-global-color-4)","background-image":"","background-repeat":"repeat","background-position":"center center","background-size":"auto","background-attachment":"scroll","background-type":"","background-media":"","overlay-type":"","overlay-color":"","overlay-opacity":"","overlay-gradient":""},"tablet":{"background-color":"","background-image":"","background-repeat":"repeat","background-position":"center center","background-size":"auto","background-attachment":"scroll","background-type":"","background-media":"","overlay-type":"","overlay-color":"","overlay-opacity":"","overlay-gradient":""},"mobile":{"background-color":"","background-image":"","background-repeat":"repeat","background-position":"center center","background-size":"auto","background-attachment":"scroll","background-type":"","background-media":"","overlay-type":"","overlay-color":"","overlay-opacity":"","overlay-gradient":""}},"ast-content-background-meta":{"desktop":{"background-color":"var(--ast-global-color-5)","background-image":"","background-repeat":"repeat","background-position":"center center","background-size":"auto","background-attachment":"scroll","background-type":"","background-media":"","overlay-type":"","overlay-color":"","overlay-opacity":"","overlay-gradient":""},"tablet":{"background-color":"var(--ast-global-color-5)","background-image":"","background-repeat":"repeat","background-position":"center center","background-size":"auto","background-attachment":"scroll","background-type":"","background-media":"","overlay-type":"","overlay-color":"","overlay-opacity":"","overlay-gradient":""},"mobile":{"background-color":"var(--ast-global-color-5)","background-image":"","background-repeat":"repeat","background-position":"center center","background-size":"auto","background-attachment":"scroll","background-type":"","background-media":"","overlay-type":"","overlay-color":"","overlay-opacity":"","overlay-gradient":""}}},"product_brand":[],"product_cat":[33],"product_tag":[],"class_list":{"0":"post-691","1":"product","2":"type-product","3":"status-publish","4":"has-post-thumbnail","6":"product_cat-molinos","7":"desktop-align-left","8":"tablet-align-left","9":"mobile-align-left","11":"first","12":"instock","13":"shipping-taxable","14":"purchasable","15":"product-type-simple"},"_links":{"self":[{"href":"https:\/\/ineqlab.cl\/en\/wp-json\/wp\/v2\/product\/691","targetHints":{"allow":["GET"]}}],"collection":[{"href":"https:\/\/ineqlab.cl\/en\/wp-json\/wp\/v2\/product"}],"about":[{"href":"https:\/\/ineqlab.cl\/en\/wp-json\/wp\/v2\/types\/product"}],"wp:featuredmedia":[{"embeddable":true,"href":"https:\/\/ineqlab.cl\/en\/wp-json\/wp\/v2\/media\/692"}],"wp:attachment":[{"href":"https:\/\/ineqlab.cl\/en\/wp-json\/wp\/v2\/media?parent=691"}],"wp:term":[{"taxonomy":"product_brand","embeddable":true,"href":"https:\/\/ineqlab.cl\/en\/wp-json\/wp\/v2\/product_brand?post=691"},{"taxonomy":"product_cat","embeddable":true,"href":"https:\/\/ineqlab.cl\/en\/wp-json\/wp\/v2\/product_cat?post=691"},{"taxonomy":"product_tag","embeddable":true,"href":"https:\/\/ineqlab.cl\/en\/wp-json\/wp\/v2\/product_tag?post=691"}],"curies":[{"name":"wp","href":"https:\/\/api.w.org\/{rel}","templated":true}]}}