{"id":695,"date":"2022-10-12T15:24:33","date_gmt":"2022-10-12T18:24:33","guid":{"rendered":"https:\/\/ineqlab.cl\/?post_type=product&#038;p=695"},"modified":"2023-03-12T19:32:06","modified_gmt":"2023-03-12T22:32:06","slug":"rotavapor-mod-rv3v","status":"publish","type":"product","link":"https:\/\/ineqlab.cl\/en\/product\/rotavapor-mod-rv3v\/","title":{"rendered":"Rotavapor mod. Rv3v"},"content":{"rendered":"<section id=\"wrapper\">\n<div class=\"container\">\n<div id=\"content-wrapper\">\n<section id=\"main\">\n<div class=\"row product-container\">\n<div class=\"col-md-12\">\n<div class=\"tabs\">\n<div id=\"tab-content\" class=\"tab-content\">\n<div id=\"description\" class=\"tab-pane fade in active\" role=\"tabpanel\">\n<div class=\"product-description\">Ba\u00f1o de calentamiento de 4 l hasta 100 \u00b0C Ba\u00f1o de calentamiento de agua con indicador digital de la temperatura y asas de transporte Elevaci\u00f3n mec\u00e1nica y reconocimiento de punto final Mecanismo de bloqueo: indicador rojo para el estado desbloqueado del tubo de conducci\u00f3n de vapor Elevador manual para el posicionamiento exacto de los accesorios de vidrio \u00c1ngulo de inmersi\u00f3n ajustable Manejo del elevador manual con una sola mano, apto para diestros y zurdos Ajuste de la velocidad sin escalonamiento mediante perilla giratoria y escala indicadora Rango de velocidad: 5-300 rpm Seguridad para el usuario gracias a la baja tensi\u00f3n de 24 V en el aparato El mecanismo de fijaci\u00f3n del matraz con dispositivo de expulsi\u00f3n integrado facilita la sustituci\u00f3n del matraz de evaporaci\u00f3n Refrigerador de 1500 cm\u00b2 altamente eficiente que ocupa poco espacio Compatible con todos los accesorios de vidrio RV 10 de IKA Tipo de enfriamiento: vertical Superficie de enfriamiento: 1500 cm2 Principio del motor: DC Rango de velocidad: 20 &#8211; 300 rpm Tolerancia velocidad,velocidad de rotaci\u00f3n definida &lt; 100rpm: 1 \u00b1rpm Tolerancia velocidad, velocidad de rotaci\u00f3n definida &gt; 100rpm : 1 \u00b1% Elevador: manual Movimiento: 150 mm Rango de temperatura de calefacci\u00f3n: temp. ambiental &#8211; 90 \u00b0C Dimensiones An x Al x Pr: 440 x 530 x 330 mm Peso: 28.3 kg Temperatura ambiental permitida: 5 &#8211; 40 \u00b0C Humedad relativa permitida: 80 % Clase de protecci\u00f3n de acuerdo al DIN EN 60529: IP 20 Voltaje: 100 &#8211; 240 V Frecuencia: 5060 Hz Consumo de energ\u00eda: 1400 W<\/div>\n<\/div>\n<\/div>\n<\/div>\n<\/div>\n<\/div>\n<\/section>\n<\/div>\n<footer class=\"page-footer\"><\/footer>\n<\/div>\n<\/section>\n<footer id=\"footer\">\n<section class=\"footuyu\">\n<div class=\"container-fluid\">\n<div class=\"row\"><\/div>\n<\/div>\n<\/section>\n<div class=\"footer-container\">\n<div class=\"container\">\n<div class=\"row\">\n<div class=\"footer-grid1\"><\/div>\n<\/div>\n<\/div>\n<\/div>\n<\/footer>","protected":false},"excerpt":{"rendered":"<p><label class=\"label\">Marca<\/label>\u00a0IKA<\/p>\n<div class=\"product-information\">\n<div id=\"product-description-short-286\">Rotavapor mod. Rv3v<\/div>\n<\/div>","protected":false},"featured_media":696,"template":"","meta":{"site-sidebar-layout":"default","site-content-layout":"","ast-site-content-layout":"default","site-content-style":"default","site-sidebar-style":"default","ast-global-header-display":"","ast-banner-title-visibility":"","ast-main-header-display":"","ast-hfb-above-header-display":"","ast-hfb-below-header-display":"","ast-hfb-mobile-header-display":"","site-post-title":"","ast-breadcrumbs-content":"","ast-featured-img":"","footer-sml-layout":"","ast-disable-related-posts":"","theme-transparent-header-meta":"","adv-header-id-meta":"","stick-header-meta":"","header-above-stick-meta":"","header-main-stick-meta":"","header-below-stick-meta":"","astra-migrate-meta-layouts":"default","ast-page-background-enabled":"default","ast-page-background-meta":{"desktop":{"background-color":"var(--ast-global-color-4)","background-image":"","background-repeat":"repeat","background-position":"center center","background-size":"auto","background-attachment":"scroll","background-type":"","background-media":"","overlay-type":"","overlay-color":"","overlay-opacity":"","overlay-gradient":""},"tablet":{"background-color":"","background-image":"","background-repeat":"repeat","background-position":"center center","background-size":"auto","background-attachment":"scroll","background-type":"","background-media":"","overlay-type":"","overlay-color":"","overlay-opacity":"","overlay-gradient":""},"mobile":{"background-color":"","background-image":"","background-repeat":"repeat","background-position":"center center","background-size":"auto","background-attachment":"scroll","background-type":"","background-media":"","overlay-type":"","overlay-color":"","overlay-opacity":"","overlay-gradient":""}},"ast-content-background-meta":{"desktop":{"background-color":"var(--ast-global-color-5)","background-image":"","background-repeat":"repeat","background-position":"center center","background-size":"auto","background-attachment":"scroll","background-type":"","background-media":"","overlay-type":"","overlay-color":"","overlay-opacity":"","overlay-gradient":""},"tablet":{"background-color":"var(--ast-global-color-5)","background-image":"","background-repeat":"repeat","background-position":"center center","background-size":"auto","background-attachment":"scroll","background-type":"","background-media":"","overlay-type":"","overlay-color":"","overlay-opacity":"","overlay-gradient":""},"mobile":{"background-color":"var(--ast-global-color-5)","background-image":"","background-repeat":"repeat","background-position":"center center","background-size":"auto","background-attachment":"scroll","background-type":"","background-media":"","overlay-type":"","overlay-color":"","overlay-opacity":"","overlay-gradient":""}}},"product_brand":[],"product_cat":[34],"product_tag":[],"class_list":{"0":"post-695","1":"product","2":"type-product","3":"status-publish","4":"has-post-thumbnail","6":"product_cat-rotavapores","7":"desktop-align-left","8":"tablet-align-left","9":"mobile-align-left","11":"first","12":"instock","13":"shipping-taxable","14":"purchasable","15":"product-type-simple"},"_links":{"self":[{"href":"https:\/\/ineqlab.cl\/en\/wp-json\/wp\/v2\/product\/695","targetHints":{"allow":["GET"]}}],"collection":[{"href":"https:\/\/ineqlab.cl\/en\/wp-json\/wp\/v2\/product"}],"about":[{"href":"https:\/\/ineqlab.cl\/en\/wp-json\/wp\/v2\/types\/product"}],"wp:featuredmedia":[{"embeddable":true,"href":"https:\/\/ineqlab.cl\/en\/wp-json\/wp\/v2\/media\/696"}],"wp:attachment":[{"href":"https:\/\/ineqlab.cl\/en\/wp-json\/wp\/v2\/media?parent=695"}],"wp:term":[{"taxonomy":"product_brand","embeddable":true,"href":"https:\/\/ineqlab.cl\/en\/wp-json\/wp\/v2\/product_brand?post=695"},{"taxonomy":"product_cat","embeddable":true,"href":"https:\/\/ineqlab.cl\/en\/wp-json\/wp\/v2\/product_cat?post=695"},{"taxonomy":"product_tag","embeddable":true,"href":"https:\/\/ineqlab.cl\/en\/wp-json\/wp\/v2\/product_tag?post=695"}],"curies":[{"name":"wp","href":"https:\/\/api.w.org\/{rel}","templated":true}]}}