{"id":716,"date":"2022-10-12T15:32:17","date_gmt":"2022-10-12T18:32:17","guid":{"rendered":"https:\/\/ineqlab.cl\/?post_type=product&#038;p=716"},"modified":"2023-03-12T19:32:06","modified_gmt":"2023-03-12T22:32:06","slug":"autoclave-vertical-50-lt","status":"publish","type":"product","link":"https:\/\/ineqlab.cl\/en\/product\/autoclave-vertical-50-lt\/","title":{"rendered":"Autoclave vertical 50 LT"},"content":{"rendered":"<section id=\"wrapper\">\n<div class=\"container\">\n<div id=\"content-wrapper\">\n<section id=\"main\">\n<div class=\"row product-container\">\n<div class=\"col-md-12\">\n<div class=\"tabs\">\n<div id=\"tab-content\" class=\"tab-content\">\n<div id=\"description\" class=\"tab-pane fade in active\" role=\"tabpanel\">\n<div class=\"product-description\">Caracter\u00edsticas Tecnicas : &#8211; Realiza el proceso completo de esterilizacion, calefacci\u00f3n llenado, esterilizaci\u00f3n, drenaje y el secado . &#8211; Pantalla LED muestra todos los pasos del proceso completo, as\u00ed como los c\u00f3digos de error. &#8211; Posee 5 programas de esterilizaci\u00f3n para poder eleguir. &#8211; Autom\u00e1tico selecci\u00f3n de escape r\u00e1pido o baja para evitar desbordamiento de l\u00edquido de esterilizaci\u00f3n. &#8211; Tanque de agua de acero inoxidable interior para el agua y el vapor circule en el interior. &#8211; Ventana servicio r\u00e1pido independiente, f\u00e1cil para la reparaci\u00f3n y mantenimiento. &#8211; Filtro de entrada de agua para mantener una alta calidad de agua &#8211; Mano tipo de rueda para apertura r\u00e1pida de la puerta, el anillo de sellado auto-expandible, funcionamiento f\u00e1cil y seguro. &#8211; Impresora opcional para registrar los datos de esterilizaci\u00f3n. Especificaciones Tecnicas: &#8211; Capacidad : 50 Litros &#8211; Tama\u00f1o de camara : 386*500mm &#8211; Material de camara : 304 acero inoxidable. &#8211; Maximo de presion : 0.28Mpa &#8211; Maximo de temperatura : 150\u00baC &#8211; Presion de trabajo : 0.175Mpa &#8211; Temperatura de trabajo : 105 ~ 136\u00baC &#8211; Temperatura exactitud : +- 0.1\u00baC &#8211; Rango tiempo : 0-999 min. &#8211; Pulso dinamico tiempo de escapes : 0 ~ 9 veces &#8211; Pulso din\u00e1mico temperatura de escape.105 ~ 134\u00baC &#8211; Temperatura disoluci\u00f3n. distancia : 60 ~ 100\u00baC programable &#8211; Temperatura rango que sostiene : 40 ~ 60\u00baC programable &#8211; Fuente de alimentacion : 220V50Hz &#8211; Consumo de energia : 4.4Kw &#8211; incluye : 1 Canastillo de acero inoxidable . &#8211; Dimensiones externas : 550*640*970mm &#8211; Peso 114kg.<\/div>\n<\/div>\n<\/div>\n<\/div>\n<\/div>\n<\/div>\n<\/section>\n<\/div>\n<footer class=\"page-footer\"><\/footer>\n<\/div>\n<\/section>\n<footer id=\"footer\">\n<section class=\"footuyu\">\n<div class=\"container-fluid\">\n<div class=\"row\"><\/div>\n<\/div>\n<\/section>\n<div class=\"footer-container\">\n<div class=\"container\">\n<div class=\"row\">\n<div class=\"footer-grid1\"><\/div>\n<\/div>\n<\/div>\n<\/div>\n<\/footer>","protected":false},"excerpt":{"rendered":"<p><label class=\"label\">Marca<\/label>\u00a0BIOBASE<\/p>\n<div class=\"product-information\">\n<div id=\"product-description-short-205\">Autoclave vertical 50 LT<\/div>\n<\/div>","protected":false},"featured_media":714,"template":"","meta":{"site-sidebar-layout":"default","site-content-layout":"","ast-site-content-layout":"default","site-content-style":"default","site-sidebar-style":"default","ast-global-header-display":"","ast-banner-title-visibility":"","ast-main-header-display":"","ast-hfb-above-header-display":"","ast-hfb-below-header-display":"","ast-hfb-mobile-header-display":"","site-post-title":"","ast-breadcrumbs-content":"","ast-featured-img":"","footer-sml-layout":"","ast-disable-related-posts":"","theme-transparent-header-meta":"","adv-header-id-meta":"","stick-header-meta":"","header-above-stick-meta":"","header-main-stick-meta":"","header-below-stick-meta":"","astra-migrate-meta-layouts":"default","ast-page-background-enabled":"default","ast-page-background-meta":{"desktop":{"background-color":"var(--ast-global-color-4)","background-image":"","background-repeat":"repeat","background-position":"center center","background-size":"auto","background-attachment":"scroll","background-type":"","background-media":"","overlay-type":"","overlay-color":"","overlay-opacity":"","overlay-gradient":""},"tablet":{"background-color":"","background-image":"","background-repeat":"repeat","background-position":"center center","background-size":"auto","background-attachment":"scroll","background-type":"","background-media":"","overlay-type":"","overlay-color":"","overlay-opacity":"","overlay-gradient":""},"mobile":{"background-color":"","background-image":"","background-repeat":"repeat","background-position":"center center","background-size":"auto","background-attachment":"scroll","background-type":"","background-media":"","overlay-type":"","overlay-color":"","overlay-opacity":"","overlay-gradient":""}},"ast-content-background-meta":{"desktop":{"background-color":"var(--ast-global-color-5)","background-image":"","background-repeat":"repeat","background-position":"center center","background-size":"auto","background-attachment":"scroll","background-type":"","background-media":"","overlay-type":"","overlay-color":"","overlay-opacity":"","overlay-gradient":""},"tablet":{"background-color":"var(--ast-global-color-5)","background-image":"","background-repeat":"repeat","background-position":"center center","background-size":"auto","background-attachment":"scroll","background-type":"","background-media":"","overlay-type":"","overlay-color":"","overlay-opacity":"","overlay-gradient":""},"mobile":{"background-color":"var(--ast-global-color-5)","background-image":"","background-repeat":"repeat","background-position":"center center","background-size":"auto","background-attachment":"scroll","background-type":"","background-media":"","overlay-type":"","overlay-color":"","overlay-opacity":"","overlay-gradient":""}}},"product_brand":[],"product_cat":[35],"product_tag":[],"class_list":{"0":"post-716","1":"product","2":"type-product","3":"status-publish","4":"has-post-thumbnail","6":"product_cat-autoclaves-esterilizacion","7":"desktop-align-left","8":"tablet-align-left","9":"mobile-align-left","11":"first","12":"instock","13":"shipping-taxable","14":"purchasable","15":"product-type-simple"},"_links":{"self":[{"href":"https:\/\/ineqlab.cl\/en\/wp-json\/wp\/v2\/product\/716","targetHints":{"allow":["GET"]}}],"collection":[{"href":"https:\/\/ineqlab.cl\/en\/wp-json\/wp\/v2\/product"}],"about":[{"href":"https:\/\/ineqlab.cl\/en\/wp-json\/wp\/v2\/types\/product"}],"wp:featuredmedia":[{"embeddable":true,"href":"https:\/\/ineqlab.cl\/en\/wp-json\/wp\/v2\/media\/714"}],"wp:attachment":[{"href":"https:\/\/ineqlab.cl\/en\/wp-json\/wp\/v2\/media?parent=716"}],"wp:term":[{"taxonomy":"product_brand","embeddable":true,"href":"https:\/\/ineqlab.cl\/en\/wp-json\/wp\/v2\/product_brand?post=716"},{"taxonomy":"product_cat","embeddable":true,"href":"https:\/\/ineqlab.cl\/en\/wp-json\/wp\/v2\/product_cat?post=716"},{"taxonomy":"product_tag","embeddable":true,"href":"https:\/\/ineqlab.cl\/en\/wp-json\/wp\/v2\/product_tag?post=716"}],"curies":[{"name":"wp","href":"https:\/\/api.w.org\/{rel}","templated":true}]}}