{"id":720,"date":"2022-10-12T15:34:10","date_gmt":"2022-10-12T18:34:10","guid":{"rendered":"https:\/\/ineqlab.cl\/?post_type=product&#038;p=720"},"modified":"2023-03-12T19:32:06","modified_gmt":"2023-03-12T22:32:06","slug":"autoclave-vertical-108lt","status":"publish","type":"product","link":"https:\/\/ineqlab.cl\/en\/product\/autoclave-vertical-108lt\/","title":{"rendered":"Autoclave vertical 108lt"},"content":{"rendered":"<section id=\"wrapper\">\n<div class=\"container\">\n<div id=\"content-wrapper\">\n<section id=\"main\">\n<div class=\"row product-container\">\n<div class=\"col-md-12\">\n<div class=\"tabs\">\n<div id=\"tab-content\" class=\"tab-content\">\n<div id=\"description\" class=\"tab-pane fade in active\" role=\"tabpanel\">\n<div class=\"product-description\">Caracteristicas: Esterilizaci\u00f3n de s\u00f3lidos: con liberaci\u00f3n r\u00e1pida de vapor para tiempos de procesamiento cortos Esterilizaci\u00f3n de l\u00edquidos: con variable natural, enfriamiento r\u00e1pido para materiales termolabiles. Esterilizaci\u00f3n de l\u00edquidos con ciclo de calentamiento posterior Programa de olla a presi\u00f3n 100 \u00b0 C con ciclo de calentamiento posterior Programa controlado por temporizador, carga del autoclave en la noche &#8211; est\u00e9ril y listo para retiro en la ma\u00f1ana Operaci\u00f3n en espera autom\u00e1tica: ahorro de energ\u00eda Especificaciones tecnicas: Volumen de la c\u00e1mara: 131.7LT Volumen \u00fatil efectivo litros: 108LT Dimensiones de la c\u00e1mara \u00d8 x H mm 500 x 552 Dimensiones externas ancho x profundidad x alto mm 686 x 870 x 930 Potencia el\u00e9ctrica : kW 5.8 Peso: 137Kg Fuente de alimentaci\u00f3n: CA 400 V 5060 Hz &#8211; 3 fases Temperatura de funcionamiento permitida: 138 \u00b0 C Temperatura de operaci\u00f3n seleccionable 60-135\u00b0 C Temperatura de calentamiento: 45-60\u00b0 C Max. presi\u00f3n operacional: 2.5 bar Funci\u00f3n de temporizador: variable, de 1 minuto a 7 d\u00edas. Tiempo de esterilizaci\u00f3n: variable, de 1 a 300 minutos Sistema de bloqueo: autom\u00e1tico Certificaci\u00f3n: seg\u00fan 201468 UE, CE 0035 Material del recipiente: SUS304 acero inoxidable de alta calidad Generador de vapor integrado: No Vac\u00edo: No Sistemas de seguridad: Cerradura de seguridad electromagn\u00e9tica, v\u00e1lvula de seguridad, interrupci\u00f3n por bajo nivel de agua, interruptor de protecci\u00f3n contra sobrepresi\u00f3n, interruptor de protecci\u00f3n contra sobrecalentamiento, disyuntor, indicador de falla visual y audible<\/div>\n<\/div>\n<\/div>\n<\/div>\n<\/div>\n<\/div>\n<\/section>\n<\/div>\n<footer class=\"page-footer\"><\/footer>\n<\/div>\n<\/section>\n<footer id=\"footer\">\n<section class=\"footuyu\">\n<div class=\"container-fluid\">\n<div class=\"row\"><\/div>\n<\/div>\n<\/section>\n<div class=\"footer-container\">\n<div class=\"container\">\n<div class=\"row\">\n<div class=\"footer-grid1\"><\/div>\n<\/div>\n<\/div>\n<\/div>\n<\/footer>","protected":false},"excerpt":{"rendered":"<p><label class=\"label\">Marca<\/label>\u00a0HMC Europe<\/p>\n<div class=\"product-information\">\n<div id=\"product-description-short-480\">Autoclave vertical 108lt<\/div>\n<\/div>","protected":false},"featured_media":721,"template":"","meta":{"site-sidebar-layout":"default","site-content-layout":"","ast-site-content-layout":"default","site-content-style":"default","site-sidebar-style":"default","ast-global-header-display":"","ast-banner-title-visibility":"","ast-main-header-display":"","ast-hfb-above-header-display":"","ast-hfb-below-header-display":"","ast-hfb-mobile-header-display":"","site-post-title":"","ast-breadcrumbs-content":"","ast-featured-img":"","footer-sml-layout":"","ast-disable-related-posts":"","theme-transparent-header-meta":"","adv-header-id-meta":"","stick-header-meta":"","header-above-stick-meta":"","header-main-stick-meta":"","header-below-stick-meta":"","astra-migrate-meta-layouts":"default","ast-page-background-enabled":"default","ast-page-background-meta":{"desktop":{"background-color":"var(--ast-global-color-4)","background-image":"","background-repeat":"repeat","background-position":"center center","background-size":"auto","background-attachment":"scroll","background-type":"","background-media":"","overlay-type":"","overlay-color":"","overlay-opacity":"","overlay-gradient":""},"tablet":{"background-color":"","background-image":"","background-repeat":"repeat","background-position":"center center","background-size":"auto","background-attachment":"scroll","background-type":"","background-media":"","overlay-type":"","overlay-color":"","overlay-opacity":"","overlay-gradient":""},"mobile":{"background-color":"","background-image":"","background-repeat":"repeat","background-position":"center center","background-size":"auto","background-attachment":"scroll","background-type":"","background-media":"","overlay-type":"","overlay-color":"","overlay-opacity":"","overlay-gradient":""}},"ast-content-background-meta":{"desktop":{"background-color":"var(--ast-global-color-5)","background-image":"","background-repeat":"repeat","background-position":"center center","background-size":"auto","background-attachment":"scroll","background-type":"","background-media":"","overlay-type":"","overlay-color":"","overlay-opacity":"","overlay-gradient":""},"tablet":{"background-color":"var(--ast-global-color-5)","background-image":"","background-repeat":"repeat","background-position":"center center","background-size":"auto","background-attachment":"scroll","background-type":"","background-media":"","overlay-type":"","overlay-color":"","overlay-opacity":"","overlay-gradient":""},"mobile":{"background-color":"var(--ast-global-color-5)","background-image":"","background-repeat":"repeat","background-position":"center center","background-size":"auto","background-attachment":"scroll","background-type":"","background-media":"","overlay-type":"","overlay-color":"","overlay-opacity":"","overlay-gradient":""}}},"product_brand":[],"product_cat":[35],"product_tag":[],"class_list":{"0":"post-720","1":"product","2":"type-product","3":"status-publish","4":"has-post-thumbnail","6":"product_cat-autoclaves-esterilizacion","7":"desktop-align-left","8":"tablet-align-left","9":"mobile-align-left","11":"first","12":"instock","13":"shipping-taxable","14":"purchasable","15":"product-type-simple"},"_links":{"self":[{"href":"https:\/\/ineqlab.cl\/en\/wp-json\/wp\/v2\/product\/720","targetHints":{"allow":["GET"]}}],"collection":[{"href":"https:\/\/ineqlab.cl\/en\/wp-json\/wp\/v2\/product"}],"about":[{"href":"https:\/\/ineqlab.cl\/en\/wp-json\/wp\/v2\/types\/product"}],"wp:featuredmedia":[{"embeddable":true,"href":"https:\/\/ineqlab.cl\/en\/wp-json\/wp\/v2\/media\/721"}],"wp:attachment":[{"href":"https:\/\/ineqlab.cl\/en\/wp-json\/wp\/v2\/media?parent=720"}],"wp:term":[{"taxonomy":"product_brand","embeddable":true,"href":"https:\/\/ineqlab.cl\/en\/wp-json\/wp\/v2\/product_brand?post=720"},{"taxonomy":"product_cat","embeddable":true,"href":"https:\/\/ineqlab.cl\/en\/wp-json\/wp\/v2\/product_cat?post=720"},{"taxonomy":"product_tag","embeddable":true,"href":"https:\/\/ineqlab.cl\/en\/wp-json\/wp\/v2\/product_tag?post=720"}],"curies":[{"name":"wp","href":"https:\/\/api.w.org\/{rel}","templated":true}]}}