{"id":726,"date":"2022-10-12T15:36:46","date_gmt":"2022-10-12T18:36:46","guid":{"rendered":"https:\/\/ineqlab.cl\/?post_type=product&#038;p=726"},"modified":"2023-03-12T19:32:07","modified_gmt":"2023-03-12T22:32:07","slug":"autoclave-vertical-110-lts","status":"publish","type":"product","link":"https:\/\/ineqlab.cl\/en\/product\/autoclave-vertical-110-lts\/","title":{"rendered":"Autoclave vertical 110 lts"},"content":{"rendered":"<section id=\"wrapper\">\n<div class=\"container\">\n<div id=\"content-wrapper\">\n<section id=\"main\">\n<div class=\"row product-container\">\n<div class=\"col-md-12\">\n<div class=\"tabs\">\n<div id=\"tab-content\" class=\"tab-content\">\n<div id=\"description\" class=\"tab-pane fade in active\" role=\"tabpanel\">\n<div class=\"product-description\">Modelo Serie HV Linea Clasica . Operacion simple a trav\u00e9s de una pantalla brillante con programa. e indicadores de progreso. La tapa se puede abrir y cerrar con un solo dedo. Los pernos de bloqueo se mueven sin aplicar ninguna fuerza. El peso de la tapa est\u00e1 completamente equilibrado por un resorte de torsi\u00f3n. Para abrir y cerrar sin esfuerzo. El sello de la c\u00e1mara pasiva funciona pr\u00e1cticamente sin desgaste. La junta de la tapa no est\u00e1 sujeta a ninguna limitaci\u00f3n mec\u00e1nica. Especificaiones : *Camara de acero japon\u00e9s con componentes de titanio se utiliza para fabricar c\u00e1maras de alta tecnolog\u00eda con masa reducida.Garantizando alta eficiencia energ\u00e9tica y durabilidad en el tiempo. *Sistema de sensor dual temperatura y presi\u00f3n para un exceso de presi\u00f3n controlado durante la fase de calentamiento que reduce el tiempo de trabajo entre autoclavados. *El m\u00e1s alto nivel de calidad y protecci\u00f3n al usuario:Sistema el\u00e9ctrico y Man\u00f3metro mec\u00e1nico proporcionan y validan La seguridad, la v\u00e1lvula Made in Germany: Interruptor de circuito de corriente residual integrado: Certificado seg\u00fan 201468 UE por T\u00dcV.Rheinland CE0035. * La tapa solo se puede abrir una vez que la temperatura del medio haya descendido por debajo del valor de referencia despu\u00e9s de la ecualizaci\u00f3n de la presi\u00f3n. No es posible la apertura involuntaria de la tapa bajo presi\u00f3n. *Filtro de aire de escape disponible para una transmisi\u00f3n segura y sin emisiones.OPCIONAL * Funci\u00f3n de temporizador y 3 grupos de programas con un m\u00e1x. de 6 programas incluyendo programa de disoluci\u00f3n. Las adaptaciones para programas personalizados son siempre posibles. * No se requiere instalaci\u00f3n en un suministro de agua de alimentaci\u00f3n, ruedas para Uso m\u00f3vil, superficie de pl\u00e1stico f\u00e1cil de limpiar con bordes redondeados en las \u00e1reas de contacto sin quemaduras ni lesiones. Opocionales :dispositivo de elevaci\u00f3n del canasto \u00f3 una impresora para documentaci\u00f3n o un Sensor de temperatura flexible,para configurar el autoclave de acuerdo a sus requerimientos. Especificaciones : *Volumen 110lts *Diemension de la camara 420x795mm *Diemsion externa WxDxH 533x655x442mm *Peso 54 kg. *Agua en tanque 4.2 lts *Certificacion 9342EEC, CE 2460 *Seleccin Temp 60-123 \u00baC *-Volts 230V50Hz &#8211; 1 phase<\/div>\n<\/div>\n<\/div>\n<\/div>\n<\/div>\n<\/div>\n<\/section>\n<\/div>\n<footer class=\"page-footer\"><\/footer>\n<\/div>\n<\/section>\n<footer id=\"footer\">\n<section class=\"footuyu\">\n<div class=\"container-fluid\">\n<div class=\"row\"><\/div>\n<\/div>\n<\/section>\n<div class=\"footer-container\">\n<div class=\"container\">\n<div class=\"row\">\n<div class=\"footer-grid1\"><\/div>\n<\/div>\n<\/div>\n<\/div>\n<\/footer>","protected":false},"excerpt":{"rendered":"<p><label class=\"label\">Marca<\/label>\u00a0HMC Europe<\/p>\n<div class=\"product-information\">\n<div id=\"product-description-short-484\">Autoclave vertical 110 lts<\/div>\n<\/div>","protected":false},"featured_media":725,"template":"","meta":{"site-sidebar-layout":"default","site-content-layout":"","ast-site-content-layout":"default","site-content-style":"default","site-sidebar-style":"default","ast-global-header-display":"","ast-banner-title-visibility":"","ast-main-header-display":"","ast-hfb-above-header-display":"","ast-hfb-below-header-display":"","ast-hfb-mobile-header-display":"","site-post-title":"","ast-breadcrumbs-content":"","ast-featured-img":"","footer-sml-layout":"","ast-disable-related-posts":"","theme-transparent-header-meta":"","adv-header-id-meta":"","stick-header-meta":"","header-above-stick-meta":"","header-main-stick-meta":"","header-below-stick-meta":"","astra-migrate-meta-layouts":"default","ast-page-background-enabled":"default","ast-page-background-meta":{"desktop":{"background-color":"var(--ast-global-color-4)","background-image":"","background-repeat":"repeat","background-position":"center center","background-size":"auto","background-attachment":"scroll","background-type":"","background-media":"","overlay-type":"","overlay-color":"","overlay-opacity":"","overlay-gradient":""},"tablet":{"background-color":"","background-image":"","background-repeat":"repeat","background-position":"center center","background-size":"auto","background-attachment":"scroll","background-type":"","background-media":"","overlay-type":"","overlay-color":"","overlay-opacity":"","overlay-gradient":""},"mobile":{"background-color":"","background-image":"","background-repeat":"repeat","background-position":"center center","background-size":"auto","background-attachment":"scroll","background-type":"","background-media":"","overlay-type":"","overlay-color":"","overlay-opacity":"","overlay-gradient":""}},"ast-content-background-meta":{"desktop":{"background-color":"var(--ast-global-color-5)","background-image":"","background-repeat":"repeat","background-position":"center center","background-size":"auto","background-attachment":"scroll","background-type":"","background-media":"","overlay-type":"","overlay-color":"","overlay-opacity":"","overlay-gradient":""},"tablet":{"background-color":"var(--ast-global-color-5)","background-image":"","background-repeat":"repeat","background-position":"center center","background-size":"auto","background-attachment":"scroll","background-type":"","background-media":"","overlay-type":"","overlay-color":"","overlay-opacity":"","overlay-gradient":""},"mobile":{"background-color":"var(--ast-global-color-5)","background-image":"","background-repeat":"repeat","background-position":"center center","background-size":"auto","background-attachment":"scroll","background-type":"","background-media":"","overlay-type":"","overlay-color":"","overlay-opacity":"","overlay-gradient":""}}},"product_brand":[],"product_cat":[35],"product_tag":[],"class_list":{"0":"post-726","1":"product","2":"type-product","3":"status-publish","4":"has-post-thumbnail","6":"product_cat-autoclaves-esterilizacion","7":"desktop-align-left","8":"tablet-align-left","9":"mobile-align-left","11":"first","12":"instock","13":"shipping-taxable","14":"purchasable","15":"product-type-simple"},"_links":{"self":[{"href":"https:\/\/ineqlab.cl\/en\/wp-json\/wp\/v2\/product\/726","targetHints":{"allow":["GET"]}}],"collection":[{"href":"https:\/\/ineqlab.cl\/en\/wp-json\/wp\/v2\/product"}],"about":[{"href":"https:\/\/ineqlab.cl\/en\/wp-json\/wp\/v2\/types\/product"}],"wp:featuredmedia":[{"embeddable":true,"href":"https:\/\/ineqlab.cl\/en\/wp-json\/wp\/v2\/media\/725"}],"wp:attachment":[{"href":"https:\/\/ineqlab.cl\/en\/wp-json\/wp\/v2\/media?parent=726"}],"wp:term":[{"taxonomy":"product_brand","embeddable":true,"href":"https:\/\/ineqlab.cl\/en\/wp-json\/wp\/v2\/product_brand?post=726"},{"taxonomy":"product_cat","embeddable":true,"href":"https:\/\/ineqlab.cl\/en\/wp-json\/wp\/v2\/product_cat?post=726"},{"taxonomy":"product_tag","embeddable":true,"href":"https:\/\/ineqlab.cl\/en\/wp-json\/wp\/v2\/product_tag?post=726"}],"curies":[{"name":"wp","href":"https:\/\/api.w.org\/{rel}","templated":true}]}}