{"id":731,"date":"2022-10-12T15:39:24","date_gmt":"2022-10-12T18:39:24","guid":{"rendered":"https:\/\/ineqlab.cl\/?post_type=product&#038;p=731"},"modified":"2023-03-12T19:32:07","modified_gmt":"2023-03-12T22:32:07","slug":"ultrafreezer-vertical-55-86c-445-lts","status":"publish","type":"product","link":"https:\/\/ineqlab.cl\/en\/product\/ultrafreezer-vertical-55-86c-445-lts\/","title":{"rendered":"Ultrafreezer vertical -55 &#8211; 86\u00b0c 445 lts"},"content":{"rendered":"<section id=\"wrapper\">\n<div class=\"container\">\n<div id=\"content-wrapper\">\n<section id=\"main\">\n<div class=\"row product-container\">\n<div class=\"col-md-12\">\n<div class=\"tabs\">\n<div id=\"tab-content\" class=\"tab-content\">\n<div id=\"description\" class=\"tab-pane fade in active\" role=\"tabpanel\">\n<div class=\"product-description\">ULTRAFREEZER MODELO U445L TELSTAR ESPA\u00d1A. Caractericticas: \u2022Pantalla digital, brillante y f\u00e1cil de leer \u2022Opci\u00f3n de lectura en incrementos de 1 \u00b0C y 0,1 \u00b0C \u2022Men\u00fas protegidos con contrase\u00f1a \u2022Diferentes niveles de autorizaci\u00f3n: usuario, ajustes y configuraci\u00f3n \u2022Consignas de temperatura ajustables \u2022Alarma ac\u00fastica y visual para la alarma de alta o baja temperatura \u2022Alarma de corte del suministro el\u00e9ctrico, con bater\u00eda de seguridad \u2022Indicaci\u00f3n de tensi\u00f3n \u2022Indicaci\u00f3n y alarma de la temperatura ambiente \u2022Alarma de limpieza del filtro del condensador \u2022Alarma de la puerta tambi\u00e9n de los sistemas de seguridad de CO2 o LN2 \u2022Puerto RS485 para la transferencia de datos opcional al ordenador es necesario disponer del programa Boreas Logger \u2022Carcasa de cables desmontable Plug &amp; Play de f\u00e1cil mantenimiento \u2022Selecci\u00f3n de modo de trabajo: \u00f3ptimo o econ\u00f3mico Aislamiento VIP de Boreas: 1. Espuma de poliuretano 2. Panel de aislamiento por vac\u00edo Vacuum Insulation Panel, VIP 3. Interior en acero inoxidable 4. Puerta con doble junta 5. Pintura revestida en poli\u00e9ster Especificaciones Tecnicas: Capacidad: 445L Gradillas de almacenaje: 15 Capacidad de almacenaje: cajas criog. de 2\u201c 300 viales de 2 ml 30 000 Superficie m\u00b2: 0,56 Vial por superficie vialesm\u00b2: 53517 Material de la c\u00e1mara interno interior totalmente en acero inoxidable 304 externo exterior revestido en poli\u00e9ster Puertos de acceso 2 puertos est\u00e1ndar + 2 precortados Estantes, puertas internas 5 puertas internas, 4 estantes de serie Peso: 270Kg Electricidad: 220-240 V, 50 Hz Intervalo de temperaturas \u00b0C: \u201350 hasta \u201386 ajuste de f\u00e1brica en \u201380<\/div>\n<\/div>\n<\/div>\n<\/div>\n<\/div>\n<\/div>\n<\/section>\n<\/div>\n<footer class=\"page-footer\"><\/footer>\n<\/div>\n<\/section>\n<footer id=\"footer\">\n<section class=\"footuyu\">\n<div class=\"container-fluid\">\n<div class=\"row\"><\/div>\n<\/div>\n<\/section>\n<div class=\"footer-container\">\n<div class=\"container\">\n<div class=\"row\">\n<div class=\"footer-grid1\"><\/div>\n<\/div>\n<\/div>\n<\/div>\n<\/footer>","protected":false},"excerpt":{"rendered":"<p><label class=\"label\">Marca<\/label>\u00a0TELSTAR<\/p>\n<div class=\"product-information\">\n<div id=\"product-description-short-543\">Ultrafreezer vertical -55 &#8211; 86\u00b0c 445 lts<\/div>\n<\/div>","protected":false},"featured_media":732,"template":"","meta":{"site-sidebar-layout":"default","site-content-layout":"","ast-site-content-layout":"default","site-content-style":"default","site-sidebar-style":"default","ast-global-header-display":"","ast-banner-title-visibility":"","ast-main-header-display":"","ast-hfb-above-header-display":"","ast-hfb-below-header-display":"","ast-hfb-mobile-header-display":"","site-post-title":"","ast-breadcrumbs-content":"","ast-featured-img":"","footer-sml-layout":"","ast-disable-related-posts":"","theme-transparent-header-meta":"","adv-header-id-meta":"","stick-header-meta":"","header-above-stick-meta":"","header-main-stick-meta":"","header-below-stick-meta":"","astra-migrate-meta-layouts":"default","ast-page-background-enabled":"default","ast-page-background-meta":{"desktop":{"background-color":"var(--ast-global-color-4)","background-image":"","background-repeat":"repeat","background-position":"center center","background-size":"auto","background-attachment":"scroll","background-type":"","background-media":"","overlay-type":"","overlay-color":"","overlay-opacity":"","overlay-gradient":""},"tablet":{"background-color":"","background-image":"","background-repeat":"repeat","background-position":"center center","background-size":"auto","background-attachment":"scroll","background-type":"","background-media":"","overlay-type":"","overlay-color":"","overlay-opacity":"","overlay-gradient":""},"mobile":{"background-color":"","background-image":"","background-repeat":"repeat","background-position":"center center","background-size":"auto","background-attachment":"scroll","background-type":"","background-media":"","overlay-type":"","overlay-color":"","overlay-opacity":"","overlay-gradient":""}},"ast-content-background-meta":{"desktop":{"background-color":"var(--ast-global-color-5)","background-image":"","background-repeat":"repeat","background-position":"center center","background-size":"auto","background-attachment":"scroll","background-type":"","background-media":"","overlay-type":"","overlay-color":"","overlay-opacity":"","overlay-gradient":""},"tablet":{"background-color":"var(--ast-global-color-5)","background-image":"","background-repeat":"repeat","background-position":"center center","background-size":"auto","background-attachment":"scroll","background-type":"","background-media":"","overlay-type":"","overlay-color":"","overlay-opacity":"","overlay-gradient":""},"mobile":{"background-color":"var(--ast-global-color-5)","background-image":"","background-repeat":"repeat","background-position":"center center","background-size":"auto","background-attachment":"scroll","background-type":"","background-media":"","overlay-type":"","overlay-color":"","overlay-opacity":"","overlay-gradient":""}}},"product_brand":[],"product_cat":[36],"product_tag":[],"class_list":{"0":"post-731","1":"product","2":"type-product","3":"status-publish","4":"has-post-thumbnail","6":"product_cat-ultrafrezzer-liofilizadores","7":"desktop-align-left","8":"tablet-align-left","9":"mobile-align-left","11":"first","12":"instock","13":"shipping-taxable","14":"purchasable","15":"product-type-simple"},"_links":{"self":[{"href":"https:\/\/ineqlab.cl\/en\/wp-json\/wp\/v2\/product\/731","targetHints":{"allow":["GET"]}}],"collection":[{"href":"https:\/\/ineqlab.cl\/en\/wp-json\/wp\/v2\/product"}],"about":[{"href":"https:\/\/ineqlab.cl\/en\/wp-json\/wp\/v2\/types\/product"}],"wp:featuredmedia":[{"embeddable":true,"href":"https:\/\/ineqlab.cl\/en\/wp-json\/wp\/v2\/media\/732"}],"wp:attachment":[{"href":"https:\/\/ineqlab.cl\/en\/wp-json\/wp\/v2\/media?parent=731"}],"wp:term":[{"taxonomy":"product_brand","embeddable":true,"href":"https:\/\/ineqlab.cl\/en\/wp-json\/wp\/v2\/product_brand?post=731"},{"taxonomy":"product_cat","embeddable":true,"href":"https:\/\/ineqlab.cl\/en\/wp-json\/wp\/v2\/product_cat?post=731"},{"taxonomy":"product_tag","embeddable":true,"href":"https:\/\/ineqlab.cl\/en\/wp-json\/wp\/v2\/product_tag?post=731"}],"curies":[{"name":"wp","href":"https:\/\/api.w.org\/{rel}","templated":true}]}}