{"id":739,"date":"2022-10-12T15:42:46","date_gmt":"2022-10-12T18:42:46","guid":{"rendered":"https:\/\/ineqlab.cl\/?post_type=product&#038;p=739"},"modified":"2023-03-12T19:32:07","modified_gmt":"2023-03-12T22:32:07","slug":"liofilizador-de-sobremesa-85oc6kg-24hrs","status":"publish","type":"product","link":"https:\/\/ineqlab.cl\/en\/product\/liofilizador-de-sobremesa-85oc6kg-24hrs\/","title":{"rendered":"Liofilizador de sobremesa -85\u00bac6kg-24hrs"},"content":{"rendered":"<section id=\"wrapper\">\n<div class=\"container\">\n<div id=\"content-wrapper\">\n<section id=\"main\">\n<div class=\"row product-container\">\n<div class=\"col-md-12\">\n<div class=\"tabs\">\n<div id=\"tab-content\" class=\"tab-content\">\n<div id=\"description\" class=\"tab-pane fade in active\" role=\"tabpanel\">\n<div class=\"product-description\">Modelo Lyoquest Plus Caracter\u00edstica Unidad de sobremesa extremadamente compacta. Elevada capacidad de condensaci\u00f3n 6 kg24 h en el m\u00ednimo espacio posible. Control plus para las series LyoQuest Plus: Permitecontrol autom\u00e1tico de la presi\u00f3n y programaci\u00f3n de la temperatura de las bandejas. Pantalla t\u00e1ctil que muestra los par\u00e1metros de operaci\u00f3n y los mensajes de alarma. Proporciona una selecci\u00f3n de par\u00e1metros muy amplia e \u00fatil. El software de monitorizaci\u00f3n LyoLogger para conectar la unidad a un PC est\u00e1 disponible como opcional. Completamente autom\u00e1tico o semi-autom\u00e1tico e incluye las rutinas de encendido y apagado autom\u00e1ticos. Control de presi\u00f3n: Control de vac\u00edo manual para las series LyoQuest o autom\u00e1tico para las series LyoQuest Plus para una liofilizaci\u00f3n m\u00e1s r\u00e1pida y resultados reproducibles. Conexiones de vac\u00edo y de drenaje montadas en un lateral. Condensador vertical fabricado en AISI 316L con una capacidad total de hasta 8 kg. Permite la congelaci\u00f3n de las muestras. Funci\u00f3n autom\u00e1tica de descongelaci\u00f3n: El dise\u00f1o del condensador permite una descongelaci\u00f3n f\u00e1cil y r\u00e1pida a -85\u00b0C. Amplio rango de opciones y accesorios para adaptarse a cada aplicaci\u00f3n de liofilizaci\u00f3n. Especificaciones : Capacidad del condensador de hielo. 86kg24hrs Temperatura final -85\u00baC segun condiciones de laboratorio Numero de compresores 2 Peso de la unidad 65kg fuente de poder 220 volts Potencia 1.4 Kw<\/div>\n<\/div>\n<\/div>\n<\/div>\n<\/div>\n<\/div>\n<\/section>\n<\/div>\n<footer class=\"page-footer\"><\/footer>\n<\/div>\n<\/section>\n<footer id=\"footer\">\n<section class=\"footuyu\">\n<div class=\"container-fluid\">\n<div class=\"row\"><\/div>\n<\/div>\n<\/section>\n<div class=\"footer-container\">\n<div class=\"container\">\n<div class=\"row\">\n<div class=\"footer-grid1\"><\/div>\n<\/div>\n<\/div>\n<\/div>\n<\/footer>","protected":false},"excerpt":{"rendered":"<p><label class=\"label\">Marca<\/label>\u00a0TELSTAR<\/p>\n<div class=\"product-information\">\n<div id=\"product-description-short-548\">Liofilizador de sobremesa -85\u00bac6kg-24hrs<\/div>\n<\/div>","protected":false},"featured_media":735,"template":"","meta":{"site-sidebar-layout":"default","site-content-layout":"","ast-site-content-layout":"default","site-content-style":"default","site-sidebar-style":"default","ast-global-header-display":"","ast-banner-title-visibility":"","ast-main-header-display":"","ast-hfb-above-header-display":"","ast-hfb-below-header-display":"","ast-hfb-mobile-header-display":"","site-post-title":"","ast-breadcrumbs-content":"","ast-featured-img":"","footer-sml-layout":"","ast-disable-related-posts":"","theme-transparent-header-meta":"","adv-header-id-meta":"","stick-header-meta":"","header-above-stick-meta":"","header-main-stick-meta":"","header-below-stick-meta":"","astra-migrate-meta-layouts":"default","ast-page-background-enabled":"default","ast-page-background-meta":{"desktop":{"background-color":"var(--ast-global-color-4)","background-image":"","background-repeat":"repeat","background-position":"center center","background-size":"auto","background-attachment":"scroll","background-type":"","background-media":"","overlay-type":"","overlay-color":"","overlay-opacity":"","overlay-gradient":""},"tablet":{"background-color":"","background-image":"","background-repeat":"repeat","background-position":"center center","background-size":"auto","background-attachment":"scroll","background-type":"","background-media":"","overlay-type":"","overlay-color":"","overlay-opacity":"","overlay-gradient":""},"mobile":{"background-color":"","background-image":"","background-repeat":"repeat","background-position":"center center","background-size":"auto","background-attachment":"scroll","background-type":"","background-media":"","overlay-type":"","overlay-color":"","overlay-opacity":"","overlay-gradient":""}},"ast-content-background-meta":{"desktop":{"background-color":"var(--ast-global-color-5)","background-image":"","background-repeat":"repeat","background-position":"center center","background-size":"auto","background-attachment":"scroll","background-type":"","background-media":"","overlay-type":"","overlay-color":"","overlay-opacity":"","overlay-gradient":""},"tablet":{"background-color":"var(--ast-global-color-5)","background-image":"","background-repeat":"repeat","background-position":"center center","background-size":"auto","background-attachment":"scroll","background-type":"","background-media":"","overlay-type":"","overlay-color":"","overlay-opacity":"","overlay-gradient":""},"mobile":{"background-color":"var(--ast-global-color-5)","background-image":"","background-repeat":"repeat","background-position":"center center","background-size":"auto","background-attachment":"scroll","background-type":"","background-media":"","overlay-type":"","overlay-color":"","overlay-opacity":"","overlay-gradient":""}}},"product_brand":[],"product_cat":[36],"product_tag":[],"class_list":{"0":"post-739","1":"product","2":"type-product","3":"status-publish","4":"has-post-thumbnail","6":"product_cat-ultrafrezzer-liofilizadores","7":"desktop-align-left","8":"tablet-align-left","9":"mobile-align-left","11":"first","12":"instock","13":"shipping-taxable","14":"purchasable","15":"product-type-simple"},"_links":{"self":[{"href":"https:\/\/ineqlab.cl\/en\/wp-json\/wp\/v2\/product\/739","targetHints":{"allow":["GET"]}}],"collection":[{"href":"https:\/\/ineqlab.cl\/en\/wp-json\/wp\/v2\/product"}],"about":[{"href":"https:\/\/ineqlab.cl\/en\/wp-json\/wp\/v2\/types\/product"}],"wp:featuredmedia":[{"embeddable":true,"href":"https:\/\/ineqlab.cl\/en\/wp-json\/wp\/v2\/media\/735"}],"wp:attachment":[{"href":"https:\/\/ineqlab.cl\/en\/wp-json\/wp\/v2\/media?parent=739"}],"wp:term":[{"taxonomy":"product_brand","embeddable":true,"href":"https:\/\/ineqlab.cl\/en\/wp-json\/wp\/v2\/product_brand?post=739"},{"taxonomy":"product_cat","embeddable":true,"href":"https:\/\/ineqlab.cl\/en\/wp-json\/wp\/v2\/product_cat?post=739"},{"taxonomy":"product_tag","embeddable":true,"href":"https:\/\/ineqlab.cl\/en\/wp-json\/wp\/v2\/product_tag?post=739"}],"curies":[{"name":"wp","href":"https:\/\/api.w.org\/{rel}","templated":true}]}}