{"id":755,"date":"2022-10-12T16:20:46","date_gmt":"2022-10-12T19:20:46","guid":{"rendered":"https:\/\/ineqlab.cl\/?post_type=product&#038;p=755"},"modified":"2023-03-12T19:32:40","modified_gmt":"2023-03-12T22:32:40","slug":"ultrafreezer-horizontal-55-86c-620-lts","status":"publish","type":"product","link":"https:\/\/ineqlab.cl\/en\/product\/ultrafreezer-horizontal-55-86c-620-lts\/","title":{"rendered":"Ultrafreezer horizontal -55 &#8211; 86\u00b0c 620 lts"},"content":{"rendered":"<section id=\"wrapper\">\n<div class=\"container\">\n<div id=\"content-wrapper\">\n<section id=\"main\">\n<div class=\"row product-container\">\n<div class=\"col-md-12\">\n<div class=\"tabs\">\n<div id=\"tab-content\" class=\"tab-content\">\n<div id=\"description\" class=\"tab-pane fade in active\" role=\"tabpanel\">\n<div class=\"product-description\">ULTRAFREEZER MODELO C620 ESPA\u00d1A. Caracteristicas : o Congelador Horizontal de temperatura ultra baja -86\u00baC o Los vol\u00famenes internos var\u00edan de 370 a 820 litros. o Paneles de aislamiento de vac\u00edo est\u00e1ndar VIP que crean la mayor\u00eda de los viales por m\u00b2 o Gran Rendimiento dejando menor por huella . o Uso est\u00e1ndar de refrigerantes ecol\u00f3gicos, verdes. o Modo operativo de alto rendimiento y ahorro de energ\u00eda. o C\u00e1mara est\u00e1ndar de acero inoxidable. o Menor consumo de energ\u00eda o Nivel de ruido m\u00e1s bajo o Pantalla LED digital a nivel de los ojos con lectura gr\u00e1fica y registro de datos o Sistema de autodiagn\u00f3stico de control. o Men\u00fa protegido por contrase\u00f1a en diferentes niveles de autorizaci\u00f3n. o Alarma de corte de energ\u00eda con respaldo de bater\u00eda, alarma de temperatura ambiente, alarma de filtro limpio, alarma de puerta tambi\u00e9n para sistema de respaldo de CO2 o LN2, alarma remota NO NC COM, alarma de temperatura alta baja. o Indicaci\u00f3n de tensi\u00f3n y estabilizaci\u00f3n. o Puerto RS485 para transferencia de datos opcional a la computadora. o Puerto USB para recolecci\u00f3n de datos opcional disponible. o Sistema de sellado de puertas con sellado t\u00e9rmico para reducir la formaci\u00f3n de hielo. o El dise\u00f1o delgado y compacto se adapta a una puerta de laboratorio est\u00e1ndar o Limpieza f\u00e1cil del filtro. o 220-240V, 50 Hz Especificaciones : .- Temepratura de programacion 55\u00baC to -86\u00baC Seteado de fabrica a -80\u00baC. .-Tiempo de recuperaci\u00f3n de T\u00ba puerta abierta 10 min en sisiteam OPT .- Diemsiones 1742x872x1073 mm ..- Refrigerante 1Etapa : R290 2nd Etapa : R170<\/div>\n<\/div>\n<\/div>\n<\/div>\n<\/div>\n<\/div>\n<\/section>\n<\/div>\n<footer class=\"page-footer\"><\/footer>\n<\/div>\n<\/section>\n<footer id=\"footer\">\n<section class=\"footuyu\">\n<div class=\"container-fluid\">\n<div class=\"row\"><\/div>\n<\/div>\n<\/section>\n<div class=\"footer-container\">\n<div class=\"container\">\n<div class=\"row\">\n<div class=\"footer-grid1\"><\/div>\n<\/div>\n<\/div>\n<\/div>\n<\/footer>","protected":false},"excerpt":{"rendered":"<p><label class=\"label\">Marca<\/label>\u00a0TELSTAR<\/p>\n<div class=\"product-information\">\n<div id=\"product-description-short-556\">Ultrafreezer horizontal -55 &#8211; 86\u00b0c 620 lts<\/div>\n<\/div>","protected":false},"featured_media":754,"template":"","meta":{"site-sidebar-layout":"default","site-content-layout":"","ast-site-content-layout":"default","site-content-style":"default","site-sidebar-style":"default","ast-global-header-display":"","ast-banner-title-visibility":"","ast-main-header-display":"","ast-hfb-above-header-display":"","ast-hfb-below-header-display":"","ast-hfb-mobile-header-display":"","site-post-title":"","ast-breadcrumbs-content":"","ast-featured-img":"","footer-sml-layout":"","ast-disable-related-posts":"","theme-transparent-header-meta":"","adv-header-id-meta":"","stick-header-meta":"","header-above-stick-meta":"","header-main-stick-meta":"","header-below-stick-meta":"","astra-migrate-meta-layouts":"default","ast-page-background-enabled":"default","ast-page-background-meta":{"desktop":{"background-color":"var(--ast-global-color-4)","background-image":"","background-repeat":"repeat","background-position":"center center","background-size":"auto","background-attachment":"scroll","background-type":"","background-media":"","overlay-type":"","overlay-color":"","overlay-opacity":"","overlay-gradient":""},"tablet":{"background-color":"","background-image":"","background-repeat":"repeat","background-position":"center center","background-size":"auto","background-attachment":"scroll","background-type":"","background-media":"","overlay-type":"","overlay-color":"","overlay-opacity":"","overlay-gradient":""},"mobile":{"background-color":"","background-image":"","background-repeat":"repeat","background-position":"center center","background-size":"auto","background-attachment":"scroll","background-type":"","background-media":"","overlay-type":"","overlay-color":"","overlay-opacity":"","overlay-gradient":""}},"ast-content-background-meta":{"desktop":{"background-color":"var(--ast-global-color-5)","background-image":"","background-repeat":"repeat","background-position":"center center","background-size":"auto","background-attachment":"scroll","background-type":"","background-media":"","overlay-type":"","overlay-color":"","overlay-opacity":"","overlay-gradient":""},"tablet":{"background-color":"var(--ast-global-color-5)","background-image":"","background-repeat":"repeat","background-position":"center center","background-size":"auto","background-attachment":"scroll","background-type":"","background-media":"","overlay-type":"","overlay-color":"","overlay-opacity":"","overlay-gradient":""},"mobile":{"background-color":"var(--ast-global-color-5)","background-image":"","background-repeat":"repeat","background-position":"center center","background-size":"auto","background-attachment":"scroll","background-type":"","background-media":"","overlay-type":"","overlay-color":"","overlay-opacity":"","overlay-gradient":""}}},"product_brand":[],"product_cat":[36],"product_tag":[],"class_list":{"0":"post-755","1":"product","2":"type-product","3":"status-publish","4":"has-post-thumbnail","6":"product_cat-ultrafrezzer-liofilizadores","7":"desktop-align-left","8":"tablet-align-left","9":"mobile-align-left","11":"first","12":"instock","13":"shipping-taxable","14":"purchasable","15":"product-type-simple"},"_links":{"self":[{"href":"https:\/\/ineqlab.cl\/en\/wp-json\/wp\/v2\/product\/755","targetHints":{"allow":["GET"]}}],"collection":[{"href":"https:\/\/ineqlab.cl\/en\/wp-json\/wp\/v2\/product"}],"about":[{"href":"https:\/\/ineqlab.cl\/en\/wp-json\/wp\/v2\/types\/product"}],"wp:featuredmedia":[{"embeddable":true,"href":"https:\/\/ineqlab.cl\/en\/wp-json\/wp\/v2\/media\/754"}],"wp:attachment":[{"href":"https:\/\/ineqlab.cl\/en\/wp-json\/wp\/v2\/media?parent=755"}],"wp:term":[{"taxonomy":"product_brand","embeddable":true,"href":"https:\/\/ineqlab.cl\/en\/wp-json\/wp\/v2\/product_brand?post=755"},{"taxonomy":"product_cat","embeddable":true,"href":"https:\/\/ineqlab.cl\/en\/wp-json\/wp\/v2\/product_cat?post=755"},{"taxonomy":"product_tag","embeddable":true,"href":"https:\/\/ineqlab.cl\/en\/wp-json\/wp\/v2\/product_tag?post=755"}],"curies":[{"name":"wp","href":"https:\/\/api.w.org\/{rel}","templated":true}]}}