{"id":769,"date":"2022-10-12T16:26:01","date_gmt":"2022-10-12T19:26:01","guid":{"rendered":"https:\/\/ineqlab.cl\/?post_type=product&#038;p=769"},"modified":"2023-03-12T19:32:40","modified_gmt":"2023-03-12T22:32:40","slug":"centrifuga-refrigerada-bioprocen-22r","status":"publish","type":"product","link":"https:\/\/ineqlab.cl\/en\/product\/centrifuga-refrigerada-bioprocen-22r\/","title":{"rendered":"Centr\u00edfuga refrigerada bioprocen 22r"},"content":{"rendered":"<section id=\"wrapper\">\n<div class=\"container\">\n<div id=\"content-wrapper\">\n<section id=\"main\">\n<div class=\"row product-container\">\n<div class=\"col-md-12\">\n<div class=\"tabs\">\n<div id=\"tab-content\" class=\"tab-content\">\n<div id=\"description\" class=\"tab-pane fade in active\" role=\"tabpanel\">\n<div class=\"product-description\">La centr\u00edfuga Bioprocen 22 R cuenta con rotores de alta velocidad para microtubos desde 1,5 a 5 ml , as\u00ed como para tubos c\u00f3nicos. Los accesorios para microplacas ofrecen la posibilidad de trabajar con rotores oscilantes. El sistema de refrigeraci\u00f3n ha sido dise\u00f1ado para estabilizar la temperatura, de tal manera que permita mantenerla incluso a la m\u00e1xima velocidad durante el ciclo. Las diferentes opciones de personalizaci\u00f3n a trav\u00e9s del software transforman a esta centrifuga en una herramienta hecha a la medida de su laboratorio. Caracter\u00edsticas Pantalla LCD: Indicadora de R.P.M. y F.C.R., tiempo, temperatura y aceleraci\u00f3nfrenado PCBS. Velocidad programable en pasos de 10 R.P.M.10 xg. Cuenta atr\u00e1screciente desde \u201c0\u201d o \u201cset R.P.M.F.C.R.\u201d para resultados reproducibles. Reloj de 1 a 99 min. programable en intervalos de 5 seg. y tiempo indefinido. PCBS: Sistema de aceleraci\u00f3n y frenado controlable progresivo hasta 175 rampas seleccionables que evita la homogeneizaci\u00f3n de la muestra tras la separaci\u00f3n. 16 memorias programables. Mensajes ac\u00fasticos y visuales en pantalla mostrando al usuario el estado del equipo Mantiene la refrigeraci\u00f3n tras finalizar el proceso de centrifugaci\u00f3n. Programa de pre-enfriamiento con rotor girando y temperatura regulable. Garantiza 4\u00b0C a m\u00e1ximas R.P.M. Regulaci\u00f3n de la temperatura de -20\u00b0C -4\u00b0F a 40\u00b0C 104\u00b0F en pasos de 1\u00b0C. Sensor de temperatura en el interior de la c\u00e1mara. Gas R 449A HFO libre de CFC.<\/div>\n<\/div>\n<\/div>\n<\/div>\n<\/div>\n<\/div>\n<\/section>\n<\/div>\n<footer class=\"page-footer\"><\/footer>\n<\/div>\n<\/section>\n<footer id=\"footer\">\n<section class=\"footuyu\">\n<div class=\"container-fluid\">\n<div class=\"row\"><\/div>\n<\/div>\n<\/section>\n<div class=\"footer-container\">\n<div class=\"container\">\n<div class=\"row\">\n<div class=\"footer-grid1\"><\/div>\n<\/div>\n<\/div>\n<\/div>\n<\/footer>","protected":false},"excerpt":{"rendered":"<p><label class=\"label\">Marca<\/label>\u00a0Orto Alresa<\/p>\n<div class=\"product-information\">\n<div id=\"product-description-short-323\">Centrifuga refrigerada bioprocen 22r<\/div>\n<\/div>","protected":false},"featured_media":770,"template":"","meta":{"site-sidebar-layout":"default","site-content-layout":"","ast-site-content-layout":"default","site-content-style":"default","site-sidebar-style":"default","ast-global-header-display":"","ast-banner-title-visibility":"","ast-main-header-display":"","ast-hfb-above-header-display":"","ast-hfb-below-header-display":"","ast-hfb-mobile-header-display":"","site-post-title":"","ast-breadcrumbs-content":"","ast-featured-img":"","footer-sml-layout":"","ast-disable-related-posts":"","theme-transparent-header-meta":"","adv-header-id-meta":"","stick-header-meta":"","header-above-stick-meta":"","header-main-stick-meta":"","header-below-stick-meta":"","astra-migrate-meta-layouts":"default","ast-page-background-enabled":"default","ast-page-background-meta":{"desktop":{"background-color":"var(--ast-global-color-4)","background-image":"","background-repeat":"repeat","background-position":"center center","background-size":"auto","background-attachment":"scroll","background-type":"","background-media":"","overlay-type":"","overlay-color":"","overlay-opacity":"","overlay-gradient":""},"tablet":{"background-color":"","background-image":"","background-repeat":"repeat","background-position":"center center","background-size":"auto","background-attachment":"scroll","background-type":"","background-media":"","overlay-type":"","overlay-color":"","overlay-opacity":"","overlay-gradient":""},"mobile":{"background-color":"","background-image":"","background-repeat":"repeat","background-position":"center center","background-size":"auto","background-attachment":"scroll","background-type":"","background-media":"","overlay-type":"","overlay-color":"","overlay-opacity":"","overlay-gradient":""}},"ast-content-background-meta":{"desktop":{"background-color":"var(--ast-global-color-5)","background-image":"","background-repeat":"repeat","background-position":"center center","background-size":"auto","background-attachment":"scroll","background-type":"","background-media":"","overlay-type":"","overlay-color":"","overlay-opacity":"","overlay-gradient":""},"tablet":{"background-color":"var(--ast-global-color-5)","background-image":"","background-repeat":"repeat","background-position":"center center","background-size":"auto","background-attachment":"scroll","background-type":"","background-media":"","overlay-type":"","overlay-color":"","overlay-opacity":"","overlay-gradient":""},"mobile":{"background-color":"var(--ast-global-color-5)","background-image":"","background-repeat":"repeat","background-position":"center center","background-size":"auto","background-attachment":"scroll","background-type":"","background-media":"","overlay-type":"","overlay-color":"","overlay-opacity":"","overlay-gradient":""}}},"product_brand":[],"product_cat":[37],"product_tag":[],"class_list":{"0":"post-769","1":"product","2":"type-product","3":"status-publish","4":"has-post-thumbnail","6":"product_cat-centrifugas","7":"desktop-align-left","8":"tablet-align-left","9":"mobile-align-left","11":"first","12":"instock","13":"shipping-taxable","14":"purchasable","15":"product-type-simple"},"_links":{"self":[{"href":"https:\/\/ineqlab.cl\/en\/wp-json\/wp\/v2\/product\/769","targetHints":{"allow":["GET"]}}],"collection":[{"href":"https:\/\/ineqlab.cl\/en\/wp-json\/wp\/v2\/product"}],"about":[{"href":"https:\/\/ineqlab.cl\/en\/wp-json\/wp\/v2\/types\/product"}],"wp:featuredmedia":[{"embeddable":true,"href":"https:\/\/ineqlab.cl\/en\/wp-json\/wp\/v2\/media\/770"}],"wp:attachment":[{"href":"https:\/\/ineqlab.cl\/en\/wp-json\/wp\/v2\/media?parent=769"}],"wp:term":[{"taxonomy":"product_brand","embeddable":true,"href":"https:\/\/ineqlab.cl\/en\/wp-json\/wp\/v2\/product_brand?post=769"},{"taxonomy":"product_cat","embeddable":true,"href":"https:\/\/ineqlab.cl\/en\/wp-json\/wp\/v2\/product_cat?post=769"},{"taxonomy":"product_tag","embeddable":true,"href":"https:\/\/ineqlab.cl\/en\/wp-json\/wp\/v2\/product_tag?post=769"}],"curies":[{"name":"wp","href":"https:\/\/api.w.org\/{rel}","templated":true}]}}