{"id":771,"date":"2022-10-12T16:26:59","date_gmt":"2022-10-12T19:26:59","guid":{"rendered":"https:\/\/ineqlab.cl\/?post_type=product&#038;p=771"},"modified":"2023-03-12T19:32:40","modified_gmt":"2023-03-12T22:32:40","slug":"centrifuga-universal-mod-digicen-21","status":"publish","type":"product","link":"https:\/\/ineqlab.cl\/en\/product\/centrifuga-universal-mod-digicen-21\/","title":{"rendered":"Centr\u00edfuga universal mod.digicen 21"},"content":{"rendered":"<section id=\"wrapper\">\n<div class=\"container\">\n<div id=\"content-wrapper\">\n<section id=\"main\">\n<div class=\"row product-container\">\n<div class=\"col-md-12\">\n<div class=\"tabs\">\n<div id=\"tab-content\" class=\"tab-content\">\n<div id=\"description\" class=\"tab-pane fade in active\" role=\"tabpanel\">\n<div class=\"product-description\">Caracteristicas: &#8211; Pantalla LCD indicadora de R.P.M.F.C.R. en pasos de 100 R.P.M y 10 xg, tiempo, temperatura y frenado. &#8211; Manejo intuitivo desde los pulsadores de marcha, paro, apertura de tapa y centrifugado corto. &#8211; Listado de rotores en memoria. &#8211; Reloj con cuenta atr\u00e1screciente desde 0 o desde \u201cset R.P.M.F.C.R.\u201d que permite resultados reproducibles. &#8211; Tecla de centrifugado r\u00e1pido, con velocidad regulable. &#8211; Reconocimiento autom\u00e1tico del rotor. &#8211; Control de aceleraci\u00f3n y frenado por el usuario. &#8211; 16 memorias. &#8211; Cierre de tapa motorizado. &#8211; Controlada por microprocesador. &#8211; Apertura de tapa autom\u00e1tica programablesolo no refrigerada. &#8211; Opci\u00f3n de bloqueomodificaci\u00f3n de R.P.M.F.C.R. en funcionamiento. Especificaciones Tecnicas: &#8211; Motor de inducci\u00f3n libre de mantenimiento. &#8211; Capacidad: Max. 4 x 100 ml. &#8211; Velocidad, hasta 24.959 xg 16.500 R.P.M. &#8211; Silenciosa: nivel de ruido inferior a 60 dB. Seguridad: &#8211; Bloqueo de tapa y protecci\u00f3n frente apertura en funcionamiento. &#8211; Apertura manual de emergencia &#8211; Protecci\u00f3n ante ca\u00edda de tapa. &#8211; Parada por desequilibrio. &#8211; C\u00e1mara de centrifugaci\u00f3n en acero inoxidable. &#8211; Visor en la tapa para calibraci\u00f3n y comprobaci\u00f3n del funcionamiento. &#8211; Continuo chequeo del estado del equipo mostrado al usuario mediante mensajes en pantalla. &#8211; Aro de seguridad protector entre la c\u00e1mara de centrifugaci\u00f3n y el exterior del equipo. &#8211; Dimensiones : 410A*530L*320H &#8211; Peso neto : 36Kg &#8211; Voltaje : 220V50Hz &#8211; Consumo : 280W Normas y directivas comunitarias: Directivas comunitarias: 9879EC, 200695EC, 2004108EC, 201165EU, 201219EU. Normas: EN 61010-1, EN 61010-2-020, EN 61326-1<\/div>\n<\/div>\n<\/div>\n<\/div>\n<\/div>\n<\/div>\n<\/section>\n<\/div>\n<footer class=\"page-footer\"><\/footer>\n<\/div>\n<\/section>\n<footer id=\"footer\">\n<section class=\"footuyu\">\n<div class=\"container-fluid\">\n<div class=\"row\"><\/div>\n<\/div>\n<\/section>\n<div class=\"footer-container\">\n<div class=\"container\">\n<div class=\"row\">\n<div class=\"footer-grid1\"><\/div>\n<\/div>\n<\/div>\n<\/div>\n<\/footer>","protected":false},"excerpt":{"rendered":"<p><label class=\"label\">Marca<\/label>\u00a0Orto Alresa<\/p>\n<div class=\"product-information\">\n<div id=\"product-description-short-324\">Centrifuga universal mod.digicen 21<\/div>\n<\/div>","protected":false},"featured_media":772,"template":"","meta":{"site-sidebar-layout":"default","site-content-layout":"","ast-site-content-layout":"default","site-content-style":"default","site-sidebar-style":"default","ast-global-header-display":"","ast-banner-title-visibility":"","ast-main-header-display":"","ast-hfb-above-header-display":"","ast-hfb-below-header-display":"","ast-hfb-mobile-header-display":"","site-post-title":"","ast-breadcrumbs-content":"","ast-featured-img":"","footer-sml-layout":"","ast-disable-related-posts":"","theme-transparent-header-meta":"","adv-header-id-meta":"","stick-header-meta":"","header-above-stick-meta":"","header-main-stick-meta":"","header-below-stick-meta":"","astra-migrate-meta-layouts":"default","ast-page-background-enabled":"default","ast-page-background-meta":{"desktop":{"background-color":"var(--ast-global-color-4)","background-image":"","background-repeat":"repeat","background-position":"center center","background-size":"auto","background-attachment":"scroll","background-type":"","background-media":"","overlay-type":"","overlay-color":"","overlay-opacity":"","overlay-gradient":""},"tablet":{"background-color":"","background-image":"","background-repeat":"repeat","background-position":"center center","background-size":"auto","background-attachment":"scroll","background-type":"","background-media":"","overlay-type":"","overlay-color":"","overlay-opacity":"","overlay-gradient":""},"mobile":{"background-color":"","background-image":"","background-repeat":"repeat","background-position":"center center","background-size":"auto","background-attachment":"scroll","background-type":"","background-media":"","overlay-type":"","overlay-color":"","overlay-opacity":"","overlay-gradient":""}},"ast-content-background-meta":{"desktop":{"background-color":"var(--ast-global-color-5)","background-image":"","background-repeat":"repeat","background-position":"center center","background-size":"auto","background-attachment":"scroll","background-type":"","background-media":"","overlay-type":"","overlay-color":"","overlay-opacity":"","overlay-gradient":""},"tablet":{"background-color":"var(--ast-global-color-5)","background-image":"","background-repeat":"repeat","background-position":"center center","background-size":"auto","background-attachment":"scroll","background-type":"","background-media":"","overlay-type":"","overlay-color":"","overlay-opacity":"","overlay-gradient":""},"mobile":{"background-color":"var(--ast-global-color-5)","background-image":"","background-repeat":"repeat","background-position":"center center","background-size":"auto","background-attachment":"scroll","background-type":"","background-media":"","overlay-type":"","overlay-color":"","overlay-opacity":"","overlay-gradient":""}}},"product_brand":[],"product_cat":[37],"product_tag":[],"class_list":{"0":"post-771","1":"product","2":"type-product","3":"status-publish","4":"has-post-thumbnail","6":"product_cat-centrifugas","7":"desktop-align-left","8":"tablet-align-left","9":"mobile-align-left","11":"first","12":"instock","13":"shipping-taxable","14":"purchasable","15":"product-type-simple"},"_links":{"self":[{"href":"https:\/\/ineqlab.cl\/en\/wp-json\/wp\/v2\/product\/771","targetHints":{"allow":["GET"]}}],"collection":[{"href":"https:\/\/ineqlab.cl\/en\/wp-json\/wp\/v2\/product"}],"about":[{"href":"https:\/\/ineqlab.cl\/en\/wp-json\/wp\/v2\/types\/product"}],"wp:featuredmedia":[{"embeddable":true,"href":"https:\/\/ineqlab.cl\/en\/wp-json\/wp\/v2\/media\/772"}],"wp:attachment":[{"href":"https:\/\/ineqlab.cl\/en\/wp-json\/wp\/v2\/media?parent=771"}],"wp:term":[{"taxonomy":"product_brand","embeddable":true,"href":"https:\/\/ineqlab.cl\/en\/wp-json\/wp\/v2\/product_brand?post=771"},{"taxonomy":"product_cat","embeddable":true,"href":"https:\/\/ineqlab.cl\/en\/wp-json\/wp\/v2\/product_cat?post=771"},{"taxonomy":"product_tag","embeddable":true,"href":"https:\/\/ineqlab.cl\/en\/wp-json\/wp\/v2\/product_tag?post=771"}],"curies":[{"name":"wp","href":"https:\/\/api.w.org\/{rel}","templated":true}]}}