{"id":786,"date":"2022-10-12T16:31:48","date_gmt":"2022-10-12T19:31:48","guid":{"rendered":"https:\/\/ineqlab.cl\/?post_type=product&#038;p=786"},"modified":"2023-03-12T19:32:40","modified_gmt":"2023-03-12T22:32:40","slug":"centrifuga-pbutirometro-mod-lacter-21","status":"publish","type":"product","link":"https:\/\/ineqlab.cl\/en\/product\/centrifuga-pbutirometro-mod-lacter-21\/","title":{"rendered":"Centr\u00edfuga pbutirometro mod. Lacter 21"},"content":{"rendered":"<section id=\"wrapper\">\n<div class=\"container\">\n<div id=\"content-wrapper\">\n<section id=\"main\">\n<div class=\"row product-container\">\n<div class=\"col-md-12\">\n<div class=\"tabs\">\n<div id=\"tab-content\" class=\"tab-content\">\n<div id=\"description\" class=\"tab-pane fade in active\" role=\"tabpanel\">\n<div class=\"product-description\">Caracteristicas Tecnicas : F\u00e1cil funcionamiento : &#8211; Pantalla LCD que muestra R.P.M.F.C.R., tiempo,temperatura. &#8211; Control de aceleraci\u00f3n y frenado progresivo hasta 175 rampas. &#8211; Reconocimiento autom\u00e1tico del rotor.- &#8211; Cierre de tapa autom\u00e1tico. &#8211; Controlada por microprocesador. &#8211; 16 memorias. Caracter\u00edsticas : &#8211; Temperatura de trabajo hasta 80\u00b0C 176\u00b0F. &#8211; Motor de inducci\u00f3n libre de mantenimiento. &#8211; Silenciosa: nivel de ruido inferior a 60 dB. &#8211; Velocidad m\u00e1xima : 1.200 R.P.M. 224 xg.. &#8211; Capacidad m\u00e1xima : 12 butir\u00f3metros Seguridad : &#8211; Bloqueo de tapa y protecci\u00f3n frente apertura en funcionamiento. &#8211; Apertura manual de emergencia . &#8211; Parada por desequilibrio. &#8211; C\u00e1mara de centrifugaci\u00f3n en acero inoxidable. Normas y directivas comunitarias : Directivas comunitarias: 9879EC, 200695EC, 2004108EC, 201165EU, 201219EU. Normas: EN 61010-1, EN 61010-2-020, EN 61326-1. Versiones : &#8211; C\u00f3digo : CE158 &#8211; Dimensiones : 365 x 300 x 450mm. &#8211; Peso : 23 kg &#8211; Voltaje : 240V &#8211; Frecuencia : 50Hz &#8211; Consumo : 480 &#8211; Calefacci\u00f3n : Si<\/div>\n<\/div>\n<\/div>\n<\/div>\n<\/div>\n<\/div>\n<\/section>\n<\/div>\n<footer class=\"page-footer\"><\/footer>\n<\/div>\n<\/section>\n<footer id=\"footer\">\n<section class=\"footuyu\">\n<div class=\"container-fluid\">\n<div class=\"row\"><\/div>\n<\/div>\n<\/section>\n<div class=\"footer-container\">\n<div class=\"container\">\n<div class=\"row\">\n<div class=\"footer-grid1\"><\/div>\n<\/div>\n<\/div>\n<\/div>\n<\/footer>","protected":false},"excerpt":{"rendered":"<p><label class=\"label\">Marca<\/label>\u00a0Orto Alresa<\/p>\n<div class=\"product-information\">\n<div id=\"product-description-short-330\">Centrifuga pbutirometro mod. Lacter 21<\/div>\n<\/div>","protected":false},"featured_media":787,"template":"","meta":{"site-sidebar-layout":"default","site-content-layout":"","ast-site-content-layout":"default","site-content-style":"default","site-sidebar-style":"default","ast-global-header-display":"","ast-banner-title-visibility":"","ast-main-header-display":"","ast-hfb-above-header-display":"","ast-hfb-below-header-display":"","ast-hfb-mobile-header-display":"","site-post-title":"","ast-breadcrumbs-content":"","ast-featured-img":"","footer-sml-layout":"","ast-disable-related-posts":"","theme-transparent-header-meta":"","adv-header-id-meta":"","stick-header-meta":"","header-above-stick-meta":"","header-main-stick-meta":"","header-below-stick-meta":"","astra-migrate-meta-layouts":"default","ast-page-background-enabled":"default","ast-page-background-meta":{"desktop":{"background-color":"var(--ast-global-color-4)","background-image":"","background-repeat":"repeat","background-position":"center center","background-size":"auto","background-attachment":"scroll","background-type":"","background-media":"","overlay-type":"","overlay-color":"","overlay-opacity":"","overlay-gradient":""},"tablet":{"background-color":"","background-image":"","background-repeat":"repeat","background-position":"center center","background-size":"auto","background-attachment":"scroll","background-type":"","background-media":"","overlay-type":"","overlay-color":"","overlay-opacity":"","overlay-gradient":""},"mobile":{"background-color":"","background-image":"","background-repeat":"repeat","background-position":"center center","background-size":"auto","background-attachment":"scroll","background-type":"","background-media":"","overlay-type":"","overlay-color":"","overlay-opacity":"","overlay-gradient":""}},"ast-content-background-meta":{"desktop":{"background-color":"var(--ast-global-color-5)","background-image":"","background-repeat":"repeat","background-position":"center center","background-size":"auto","background-attachment":"scroll","background-type":"","background-media":"","overlay-type":"","overlay-color":"","overlay-opacity":"","overlay-gradient":""},"tablet":{"background-color":"var(--ast-global-color-5)","background-image":"","background-repeat":"repeat","background-position":"center center","background-size":"auto","background-attachment":"scroll","background-type":"","background-media":"","overlay-type":"","overlay-color":"","overlay-opacity":"","overlay-gradient":""},"mobile":{"background-color":"var(--ast-global-color-5)","background-image":"","background-repeat":"repeat","background-position":"center center","background-size":"auto","background-attachment":"scroll","background-type":"","background-media":"","overlay-type":"","overlay-color":"","overlay-opacity":"","overlay-gradient":""}}},"product_brand":[],"product_cat":[37],"product_tag":[],"class_list":{"0":"post-786","1":"product","2":"type-product","3":"status-publish","4":"has-post-thumbnail","6":"product_cat-centrifugas","7":"desktop-align-left","8":"tablet-align-left","9":"mobile-align-left","11":"first","12":"instock","13":"shipping-taxable","14":"purchasable","15":"product-type-simple"},"_links":{"self":[{"href":"https:\/\/ineqlab.cl\/en\/wp-json\/wp\/v2\/product\/786","targetHints":{"allow":["GET"]}}],"collection":[{"href":"https:\/\/ineqlab.cl\/en\/wp-json\/wp\/v2\/product"}],"about":[{"href":"https:\/\/ineqlab.cl\/en\/wp-json\/wp\/v2\/types\/product"}],"wp:featuredmedia":[{"embeddable":true,"href":"https:\/\/ineqlab.cl\/en\/wp-json\/wp\/v2\/media\/787"}],"wp:attachment":[{"href":"https:\/\/ineqlab.cl\/en\/wp-json\/wp\/v2\/media?parent=786"}],"wp:term":[{"taxonomy":"product_brand","embeddable":true,"href":"https:\/\/ineqlab.cl\/en\/wp-json\/wp\/v2\/product_brand?post=786"},{"taxonomy":"product_cat","embeddable":true,"href":"https:\/\/ineqlab.cl\/en\/wp-json\/wp\/v2\/product_cat?post=786"},{"taxonomy":"product_tag","embeddable":true,"href":"https:\/\/ineqlab.cl\/en\/wp-json\/wp\/v2\/product_tag?post=786"}],"curies":[{"name":"wp","href":"https:\/\/api.w.org\/{rel}","templated":true}]}}