{"id":791,"date":"2022-10-12T16:33:47","date_gmt":"2022-10-12T19:33:47","guid":{"rendered":"https:\/\/ineqlab.cl\/?post_type=product&#038;p=791"},"modified":"2023-03-12T19:32:40","modified_gmt":"2023-03-12T22:32:40","slug":"centrifuga-mod-digtor-22c","status":"publish","type":"product","link":"https:\/\/ineqlab.cl\/en\/product\/centrifuga-mod-digtor-22c\/","title":{"rendered":"Centr\u00edfuga mod. Digtor 22c"},"content":{"rendered":"<section id=\"wrapper\">\n<div class=\"container\">\n<div id=\"content-wrapper\">\n<section id=\"main\">\n<div class=\"row product-container\">\n<div class=\"col-md-12\">\n<div class=\"tabs\">\n<div id=\"tab-content\" class=\"tab-content\">\n<div id=\"description\" class=\"tab-pane fade in active\" role=\"tabpanel\">\n<div class=\"product-description\">Dise\u00f1ada para petr\u00f3leos seg\u00fan normas: ASTM D 91, D96, D 893, D 1796, D2273, D2709, D 2711, D 4007, D 5546, API 2542, API 2548, BS 4385, ISO 3734, ISO 9030, IP75, IP 359, NF M07-020, DIN 51793. Tubos en reposo posicionados en vertical. Pantalla TFT t\u00e1ctil a color, visible a m\u00e1s de 3 m: Indicadora de R.P.M. y F.C.R., tiempo, temperatura, aceleraci\u00f3nfrenado PCBS y sistema de localizaci\u00f3n de desequilibrio ULS. Velocidad programable en pasos de 10 R.P.M.10 xg. Valores reales de F.C.R. en pantalla dependiendo de los adaptadores. Cuenta atr\u00e1screciente desde \u201c0\u201d o \u201cset R.P.M.F.C.R.\u201d para resultados reproducibles. Reloj de 1 min. a 99 horas programable en intervalos de 1 seg. y tiempo indefinido. PCBS: Sistema de aceleraci\u00f3n y frenado controlable progresivo hasta 175 rampas seleccionables que evita la homogeneizaci\u00f3n de la muestra tras la separaci\u00f3n. ULS: Sistema de localizaci\u00f3n de desequilibrio, que indica en pantalla el n\u00famero del vaso que produce la parada por desequilibrio. 40 memorias programables con protecci\u00f3n de datos mediante contrase\u00f1a. Mensajes ac\u00fasticos y visuales en pantalla mostrando al usuario el estado del equipo. Controlada por microprocesador. Conexi\u00f3n con PC. Motor de inducci\u00f3n libre de mantenimiento sin escobillas. Listado de rotores y adaptadores en memoria. Nivel de ruido: inferior a 60 dB. Pulsadores de marcha, paro, apertura de tapa y ciclo corto con velocidad regulable. Opci\u00f3n de bloqueomodificaci\u00f3n de R.P.M.F.C.R. en funcionamiento. \u00daltimos par\u00e1metros se mantienen en memoria. Reconocimiento autom\u00e1tico del rotor. Protecci\u00f3n ante exceso de velocidad. Tapa provista de sistemas de seguridad: \u2013 Cierre autom\u00e1tico motorizado con doble anclaje. Apertura manual de emergencia. \u2013 Bloqueo y protecci\u00f3n frente apertura en funcionamiento. \u2013 Protecci\u00f3n ante ca\u00edda de la tapa. \u2013 Visor para calibraci\u00f3n y comprobaci\u00f3n del funcionamiento. Sistema de desequilibrio con parada autom\u00e1tica. Aro de seguridad protector entre la c\u00e1mara de centrifugaci\u00f3n y el exterior del equipo. C\u00e1mara de centrifugaci\u00f3n de acero inoxidable f\u00e1cil limpieza. Rotores y reductores autoclavables, de f\u00e1cil instalaci\u00f3n por el usuario. Desconexi\u00f3n autom\u00e1tica para ahorro energ\u00e9tico hasta 8 h. Programa de pre-calentamiento con rotor girando y temperatura regulable. Permite mantener la c\u00e1mara a la temperatura de trabajo antes de iniciar el ciclo. Regulaci\u00f3n de la temperatura de ambiente +5\u00b0C 41\u00b0F a 80\u00b0C 176\u00b0F en pasos de 1\u00b0C1\u00b0F. Programable en \u00b0C o \u00b0F. Sensor de temperatura en el interior de la c\u00e1mara. Protecci\u00f3n frente a sobrecalentamiento. Aislamiento interior que evita la p\u00e9rdida de calor.<\/div>\n<\/div>\n<\/div>\n<\/div>\n<\/div>\n<\/div>\n<\/section>\n<\/div>\n<footer class=\"page-footer\"><\/footer>\n<\/div>\n<\/section>\n<footer id=\"footer\">\n<section class=\"footuyu\">\n<div class=\"container-fluid\">\n<div class=\"row\"><\/div>\n<\/div>\n<\/section>\n<div class=\"footer-container\">\n<div class=\"container\">\n<div class=\"row\">\n<div class=\"footer-grid1\"><\/div>\n<\/div>\n<\/div>\n<\/div>\n<\/footer>","protected":false},"excerpt":{"rendered":"<p><label class=\"label\">Marca<\/label>\u00a0Orto Alresa<\/p>\n<div class=\"product-information\">\n<div id=\"product-description-short-332\">Centrifuga mod. Digtor 22c<\/div>\n<\/div>","protected":false},"featured_media":792,"template":"","meta":{"site-sidebar-layout":"default","site-content-layout":"","ast-site-content-layout":"default","site-content-style":"default","site-sidebar-style":"default","ast-global-header-display":"","ast-banner-title-visibility":"","ast-main-header-display":"","ast-hfb-above-header-display":"","ast-hfb-below-header-display":"","ast-hfb-mobile-header-display":"","site-post-title":"","ast-breadcrumbs-content":"","ast-featured-img":"","footer-sml-layout":"","ast-disable-related-posts":"","theme-transparent-header-meta":"","adv-header-id-meta":"","stick-header-meta":"","header-above-stick-meta":"","header-main-stick-meta":"","header-below-stick-meta":"","astra-migrate-meta-layouts":"default","ast-page-background-enabled":"default","ast-page-background-meta":{"desktop":{"background-color":"var(--ast-global-color-4)","background-image":"","background-repeat":"repeat","background-position":"center center","background-size":"auto","background-attachment":"scroll","background-type":"","background-media":"","overlay-type":"","overlay-color":"","overlay-opacity":"","overlay-gradient":""},"tablet":{"background-color":"","background-image":"","background-repeat":"repeat","background-position":"center center","background-size":"auto","background-attachment":"scroll","background-type":"","background-media":"","overlay-type":"","overlay-color":"","overlay-opacity":"","overlay-gradient":""},"mobile":{"background-color":"","background-image":"","background-repeat":"repeat","background-position":"center center","background-size":"auto","background-attachment":"scroll","background-type":"","background-media":"","overlay-type":"","overlay-color":"","overlay-opacity":"","overlay-gradient":""}},"ast-content-background-meta":{"desktop":{"background-color":"var(--ast-global-color-5)","background-image":"","background-repeat":"repeat","background-position":"center center","background-size":"auto","background-attachment":"scroll","background-type":"","background-media":"","overlay-type":"","overlay-color":"","overlay-opacity":"","overlay-gradient":""},"tablet":{"background-color":"var(--ast-global-color-5)","background-image":"","background-repeat":"repeat","background-position":"center center","background-size":"auto","background-attachment":"scroll","background-type":"","background-media":"","overlay-type":"","overlay-color":"","overlay-opacity":"","overlay-gradient":""},"mobile":{"background-color":"var(--ast-global-color-5)","background-image":"","background-repeat":"repeat","background-position":"center center","background-size":"auto","background-attachment":"scroll","background-type":"","background-media":"","overlay-type":"","overlay-color":"","overlay-opacity":"","overlay-gradient":""}}},"product_brand":[],"product_cat":[37],"product_tag":[],"class_list":{"0":"post-791","1":"product","2":"type-product","3":"status-publish","4":"has-post-thumbnail","6":"product_cat-centrifugas","7":"desktop-align-left","8":"tablet-align-left","9":"mobile-align-left","11":"first","12":"instock","13":"shipping-taxable","14":"purchasable","15":"product-type-simple"},"_links":{"self":[{"href":"https:\/\/ineqlab.cl\/en\/wp-json\/wp\/v2\/product\/791","targetHints":{"allow":["GET"]}}],"collection":[{"href":"https:\/\/ineqlab.cl\/en\/wp-json\/wp\/v2\/product"}],"about":[{"href":"https:\/\/ineqlab.cl\/en\/wp-json\/wp\/v2\/types\/product"}],"wp:featuredmedia":[{"embeddable":true,"href":"https:\/\/ineqlab.cl\/en\/wp-json\/wp\/v2\/media\/792"}],"wp:attachment":[{"href":"https:\/\/ineqlab.cl\/en\/wp-json\/wp\/v2\/media?parent=791"}],"wp:term":[{"taxonomy":"product_brand","embeddable":true,"href":"https:\/\/ineqlab.cl\/en\/wp-json\/wp\/v2\/product_brand?post=791"},{"taxonomy":"product_cat","embeddable":true,"href":"https:\/\/ineqlab.cl\/en\/wp-json\/wp\/v2\/product_cat?post=791"},{"taxonomy":"product_tag","embeddable":true,"href":"https:\/\/ineqlab.cl\/en\/wp-json\/wp\/v2\/product_tag?post=791"}],"curies":[{"name":"wp","href":"https:\/\/api.w.org\/{rel}","templated":true}]}}