{"id":794,"date":"2022-10-12T16:35:17","date_gmt":"2022-10-12T19:35:17","guid":{"rendered":"https:\/\/ineqlab.cl\/?post_type=product&#038;p=794"},"modified":"2023-03-12T19:32:40","modified_gmt":"2023-03-12T22:32:40","slug":"centrifuga-mod-digtor-22-cu","status":"publish","type":"product","link":"https:\/\/ineqlab.cl\/en\/product\/centrifuga-mod-digtor-22-cu\/","title":{"rendered":"Centr\u00edfuga mod.digtor 22 cu"},"content":{"rendered":"<section id=\"wrapper\">\n<div class=\"container\">\n<div id=\"content-wrapper\">\n<section id=\"main\">\n<div class=\"row product-container\">\n<div class=\"col-md-12\">\n<div class=\"tabs\">\n<div id=\"tab-content\" class=\"tab-content\">\n<div id=\"description\" class=\"tab-pane fade in active\" role=\"tabpanel\">\n<div class=\"product-description\">Capacidad m\u00e1x.: 4 x 100 ml. 86\u201d Velocidad m\u00e1x.: 2.425 xg 3.000 R.P.M. La opci\u00f3n m\u00e1s asequible dentro de la gama de centrifugas para petr\u00f3leos para aquellos laboratorios que, por las normas que aplican, no necesitan calefacci\u00f3n. Dispone de los mismos accesorios que las versiones con calefacci\u00f3n, todos ellos est\u00e1n dise\u00f1ados especialmente para el trabajo tanto con sustancias oleosas como con los reactivos que se utilizan en las normas para aplicaciones con petr\u00f3leos. Eficaz, r\u00e1pida, vers\u00e1til permite trabajar tanto con tubos c\u00f3nicos de 6\u201d y 8\u201d de traza, tubos de tipo pera y tubos del tipo \u201cfinger\u201c para peque\u00f1os vol\u00famenes. Cuenta con la preinstalaci\u00f3n para la incorporaci\u00f3n del sistema de liberaci\u00f3n de gases en cualquier momento a lo largo de la vida del equipo. Caracter\u00edsticas: Controlada por microprocesador. Conexi\u00f3n con PC. Motor de inducci\u00f3n libre de mantenimiento sin escobillas. Listado de rotores y adaptadores en memoria. Nivel de ruido: inferior a 60 dB. Pulsadores de marcha, paro, apertura de tapa y ciclo corto con velocidad regulable. Opci\u00f3n de bloqueomodificaci\u00f3n de R.P.M.F.C.R. en funcionamiento. \u00daltimos par\u00e1metros se mantienen en memoria. Reconocimiento autom\u00e1tico del rotor. Protecci\u00f3n ante exceso de velocidad. Apertura de tapa autom\u00e1tica programable. Seguridad: Tapa provista de sistemas de seguridad: \u2013 Cierre autom\u00e1tico motorizado con doble anclaje. Apertura manual de emergencia. \u2013 Bloqueo y protecci\u00f3n frente apertura en funcionamiento. \u2013 Protecci\u00f3n ante ca\u00edda de la tapa. \u2013 Visor para calibraci\u00f3n y comprobaci\u00f3n del funcionamiento. Sistema de desequilibrio con parada autom\u00e1tica. Aro de seguridad protector entre la c\u00e1mara de centrifugaci\u00f3n y el exterior del equipo. C\u00e1mara de centrifugaci\u00f3n de acero inoxidable f\u00e1cil limpieza. Rotores y reductores autoclavables, de f\u00e1cil instalaci\u00f3n por el usuario. Ventilaci\u00f3n forzada que reduce el incremento de temperatura. Desconexi\u00f3n autom\u00e1tica para ahorro energ\u00e9tico hasta 8 h., con opci\u00f3n desactivar. Normas y directivas comunitarias: Directivas comunitarias: 201165UE, 201219UE, 201430UE, 201435UE, 9879CE. Normas: EN 61010-1, EN 61010-2-020, EN 61326-2-6, EN 61326-1. Versiones: C\u00f3digo Dimensiones mm axlxh Peso netokg Voltaje v Frecuencia Hz Consumo w CE 200 540 650 400 77 220-230 50-60 440<\/div>\n<\/div>\n<\/div>\n<\/div>\n<\/div>\n<\/div>\n<\/section>\n<\/div>\n<footer class=\"page-footer\"><\/footer>\n<\/div>\n<\/section>\n<footer id=\"footer\">\n<section class=\"footuyu\">\n<div class=\"container-fluid\">\n<div class=\"row\"><\/div>\n<\/div>\n<\/section>\n<div class=\"footer-container\">\n<div class=\"container\">\n<div class=\"row\">\n<div class=\"footer-grid1\"><\/div>\n<\/div>\n<\/div>\n<\/div>\n<\/footer>","protected":false},"excerpt":{"rendered":"<p><label class=\"label\">Marca<\/label>\u00a0Orto Alresa<\/p>\n<div class=\"product-information\">\n<div id=\"product-description-short-333\">Centrifuga mod.digtor 22 cu<\/div>\n<\/div>","protected":false},"featured_media":795,"template":"","meta":{"site-sidebar-layout":"default","site-content-layout":"","ast-site-content-layout":"default","site-content-style":"default","site-sidebar-style":"default","ast-global-header-display":"","ast-banner-title-visibility":"","ast-main-header-display":"","ast-hfb-above-header-display":"","ast-hfb-below-header-display":"","ast-hfb-mobile-header-display":"","site-post-title":"","ast-breadcrumbs-content":"","ast-featured-img":"","footer-sml-layout":"","ast-disable-related-posts":"","theme-transparent-header-meta":"","adv-header-id-meta":"","stick-header-meta":"","header-above-stick-meta":"","header-main-stick-meta":"","header-below-stick-meta":"","astra-migrate-meta-layouts":"default","ast-page-background-enabled":"default","ast-page-background-meta":{"desktop":{"background-color":"var(--ast-global-color-4)","background-image":"","background-repeat":"repeat","background-position":"center center","background-size":"auto","background-attachment":"scroll","background-type":"","background-media":"","overlay-type":"","overlay-color":"","overlay-opacity":"","overlay-gradient":""},"tablet":{"background-color":"","background-image":"","background-repeat":"repeat","background-position":"center center","background-size":"auto","background-attachment":"scroll","background-type":"","background-media":"","overlay-type":"","overlay-color":"","overlay-opacity":"","overlay-gradient":""},"mobile":{"background-color":"","background-image":"","background-repeat":"repeat","background-position":"center center","background-size":"auto","background-attachment":"scroll","background-type":"","background-media":"","overlay-type":"","overlay-color":"","overlay-opacity":"","overlay-gradient":""}},"ast-content-background-meta":{"desktop":{"background-color":"var(--ast-global-color-5)","background-image":"","background-repeat":"repeat","background-position":"center center","background-size":"auto","background-attachment":"scroll","background-type":"","background-media":"","overlay-type":"","overlay-color":"","overlay-opacity":"","overlay-gradient":""},"tablet":{"background-color":"var(--ast-global-color-5)","background-image":"","background-repeat":"repeat","background-position":"center center","background-size":"auto","background-attachment":"scroll","background-type":"","background-media":"","overlay-type":"","overlay-color":"","overlay-opacity":"","overlay-gradient":""},"mobile":{"background-color":"var(--ast-global-color-5)","background-image":"","background-repeat":"repeat","background-position":"center center","background-size":"auto","background-attachment":"scroll","background-type":"","background-media":"","overlay-type":"","overlay-color":"","overlay-opacity":"","overlay-gradient":""}}},"product_brand":[],"product_cat":[37],"product_tag":[],"class_list":{"0":"post-794","1":"product","2":"type-product","3":"status-publish","4":"has-post-thumbnail","6":"product_cat-centrifugas","7":"desktop-align-left","8":"tablet-align-left","9":"mobile-align-left","11":"first","12":"instock","13":"shipping-taxable","14":"purchasable","15":"product-type-simple"},"_links":{"self":[{"href":"https:\/\/ineqlab.cl\/en\/wp-json\/wp\/v2\/product\/794","targetHints":{"allow":["GET"]}}],"collection":[{"href":"https:\/\/ineqlab.cl\/en\/wp-json\/wp\/v2\/product"}],"about":[{"href":"https:\/\/ineqlab.cl\/en\/wp-json\/wp\/v2\/types\/product"}],"wp:featuredmedia":[{"embeddable":true,"href":"https:\/\/ineqlab.cl\/en\/wp-json\/wp\/v2\/media\/795"}],"wp:attachment":[{"href":"https:\/\/ineqlab.cl\/en\/wp-json\/wp\/v2\/media?parent=794"}],"wp:term":[{"taxonomy":"product_brand","embeddable":true,"href":"https:\/\/ineqlab.cl\/en\/wp-json\/wp\/v2\/product_brand?post=794"},{"taxonomy":"product_cat","embeddable":true,"href":"https:\/\/ineqlab.cl\/en\/wp-json\/wp\/v2\/product_cat?post=794"},{"taxonomy":"product_tag","embeddable":true,"href":"https:\/\/ineqlab.cl\/en\/wp-json\/wp\/v2\/product_tag?post=794"}],"curies":[{"name":"wp","href":"https:\/\/api.w.org\/{rel}","templated":true}]}}