{"id":805,"date":"2022-10-12T16:39:24","date_gmt":"2022-10-12T19:39:24","guid":{"rendered":"https:\/\/ineqlab.cl\/?post_type=product&#038;p=805"},"modified":"2023-03-12T19:32:40","modified_gmt":"2023-03-12T22:32:40","slug":"concentrador-de-vacio-hyper-vac-lite","status":"publish","type":"product","link":"https:\/\/ineqlab.cl\/en\/product\/concentrador-de-vacio-hyper-vac-lite\/","title":{"rendered":"Concentrador de vac\u00edo hyper vac lite"},"content":{"rendered":"<section id=\"wrapper\">\n<div class=\"container\">\n<div id=\"content-wrapper\">\n<section id=\"main\">\n<div class=\"row product-container\">\n<div class=\"col-md-12\">\n<div class=\"tabs\">\n<div id=\"tab-content\" class=\"tab-content\">\n<div id=\"description\" class=\"tab-pane fade in active\" role=\"tabpanel\">\n<div class=\"product-description\">Caracteristicas: &#8211; Concentradores centr\u00edfugos de mesa con alta eficiencia espacial. &#8211; Equipado con una bomba de diafragma 7 mbar \u00f3ptima para solventes qu\u00edmicos vol\u00e1tiles. &#8211; Acomoda una amplia gama de recipientes de muestra: tubos y microplacas de 0.5, 2.0, 15, 50 mL &#8211; Control autom\u00e1tico y lectura digital de TIEMPO, TEMP y VAC &#8211; Eficaz atrapamiento en fr\u00edo mediante el empleo de un kit de goteo con trampa de hielo &#8211; Concentraci\u00f3n efectiva de \u00e1cidos nucleicos o peque\u00f1o volumen de solventes org\u00e1nicos. Especificaciones T\u00e9cnicas: Max. RPM 2,000 Max. Capacidad: 120 x 1.5 2.0 mL microtubos o 48 x 1.5 2.0 \u00c1ngulo fijo mL + 76 x 0.5 mL microtubos 32 x 10 mL Max. Capacidad: 2 cargas de MTP Abatible Autoencendido si Parada de vac\u00edo Rango de temperatura de R.T ~ 80 ? Calentamiento de la c\u00e1mara Presi\u00f3n de vac\u00edo mbar 1 ~ 1,013 Tiempo de funcionamiento &lt;23 h 59 min o continuo Requisito de energ\u00eda 350 Centr\u00edfuga, VA Fuente de alimentaci\u00f3n V Hz 220 V ~ 240 V, 5060 Hz 110 V opcional Dimensi\u00f3n centr\u00edfuga 375 x 445 x 252 Ancho x profundidad x altura, mm Peso kg 22.5 sin rotor<\/div>\n<\/div>\n<\/div>\n<\/div>\n<\/div>\n<\/div>\n<\/section>\n<\/div>\n<footer class=\"page-footer\"><\/footer>\n<\/div>\n<\/section>\n<footer id=\"footer\">\n<section class=\"footuyu\">\n<div class=\"container-fluid\">\n<div class=\"row\"><\/div>\n<\/div>\n<\/section>\n<div class=\"footer-container\">\n<div class=\"container\">\n<div class=\"row\">\n<div class=\"footer-grid1\"><\/div>\n<\/div>\n<\/div>\n<\/div>\n<\/footer>","protected":false},"excerpt":{"rendered":"<p><label class=\"label\">Marca<\/label>\u00a0Hanil<\/p>\n<div class=\"product-information\">\n<div id=\"product-description-short-399\">Concentrador de vacio hyper vac lite<\/div>\n<\/div>","protected":false},"featured_media":806,"template":"","meta":{"site-sidebar-layout":"default","site-content-layout":"","ast-site-content-layout":"default","site-content-style":"default","site-sidebar-style":"default","ast-global-header-display":"","ast-banner-title-visibility":"","ast-main-header-display":"","ast-hfb-above-header-display":"","ast-hfb-below-header-display":"","ast-hfb-mobile-header-display":"","site-post-title":"","ast-breadcrumbs-content":"","ast-featured-img":"","footer-sml-layout":"","ast-disable-related-posts":"","theme-transparent-header-meta":"","adv-header-id-meta":"","stick-header-meta":"","header-above-stick-meta":"","header-main-stick-meta":"","header-below-stick-meta":"","astra-migrate-meta-layouts":"default","ast-page-background-enabled":"default","ast-page-background-meta":{"desktop":{"background-color":"var(--ast-global-color-4)","background-image":"","background-repeat":"repeat","background-position":"center center","background-size":"auto","background-attachment":"scroll","background-type":"","background-media":"","overlay-type":"","overlay-color":"","overlay-opacity":"","overlay-gradient":""},"tablet":{"background-color":"","background-image":"","background-repeat":"repeat","background-position":"center center","background-size":"auto","background-attachment":"scroll","background-type":"","background-media":"","overlay-type":"","overlay-color":"","overlay-opacity":"","overlay-gradient":""},"mobile":{"background-color":"","background-image":"","background-repeat":"repeat","background-position":"center center","background-size":"auto","background-attachment":"scroll","background-type":"","background-media":"","overlay-type":"","overlay-color":"","overlay-opacity":"","overlay-gradient":""}},"ast-content-background-meta":{"desktop":{"background-color":"var(--ast-global-color-5)","background-image":"","background-repeat":"repeat","background-position":"center center","background-size":"auto","background-attachment":"scroll","background-type":"","background-media":"","overlay-type":"","overlay-color":"","overlay-opacity":"","overlay-gradient":""},"tablet":{"background-color":"var(--ast-global-color-5)","background-image":"","background-repeat":"repeat","background-position":"center center","background-size":"auto","background-attachment":"scroll","background-type":"","background-media":"","overlay-type":"","overlay-color":"","overlay-opacity":"","overlay-gradient":""},"mobile":{"background-color":"var(--ast-global-color-5)","background-image":"","background-repeat":"repeat","background-position":"center center","background-size":"auto","background-attachment":"scroll","background-type":"","background-media":"","overlay-type":"","overlay-color":"","overlay-opacity":"","overlay-gradient":""}}},"product_brand":[],"product_cat":[37],"product_tag":[],"class_list":{"0":"post-805","1":"product","2":"type-product","3":"status-publish","4":"has-post-thumbnail","6":"product_cat-centrifugas","7":"desktop-align-left","8":"tablet-align-left","9":"mobile-align-left","11":"first","12":"instock","13":"shipping-taxable","14":"purchasable","15":"product-type-simple"},"_links":{"self":[{"href":"https:\/\/ineqlab.cl\/en\/wp-json\/wp\/v2\/product\/805","targetHints":{"allow":["GET"]}}],"collection":[{"href":"https:\/\/ineqlab.cl\/en\/wp-json\/wp\/v2\/product"}],"about":[{"href":"https:\/\/ineqlab.cl\/en\/wp-json\/wp\/v2\/types\/product"}],"wp:featuredmedia":[{"embeddable":true,"href":"https:\/\/ineqlab.cl\/en\/wp-json\/wp\/v2\/media\/806"}],"wp:attachment":[{"href":"https:\/\/ineqlab.cl\/en\/wp-json\/wp\/v2\/media?parent=805"}],"wp:term":[{"taxonomy":"product_brand","embeddable":true,"href":"https:\/\/ineqlab.cl\/en\/wp-json\/wp\/v2\/product_brand?post=805"},{"taxonomy":"product_cat","embeddable":true,"href":"https:\/\/ineqlab.cl\/en\/wp-json\/wp\/v2\/product_cat?post=805"},{"taxonomy":"product_tag","embeddable":true,"href":"https:\/\/ineqlab.cl\/en\/wp-json\/wp\/v2\/product_tag?post=805"}],"curies":[{"name":"wp","href":"https:\/\/api.w.org\/{rel}","templated":true}]}}