{"id":81,"date":"2022-10-10T21:27:15","date_gmt":"2022-10-11T00:27:15","guid":{"rendered":"https:\/\/ineqlab.cl\/?post_type=product&#038;p=81"},"modified":"2023-03-12T19:34:13","modified_gmt":"2023-03-12T22:34:13","slug":"campana-flujo-horizontal-1219mm","status":"publish","type":"product","link":"https:\/\/ineqlab.cl\/en\/product\/campana-flujo-horizontal-1219mm\/","title":{"rendered":"Campana flujo horizontal 1219mm"},"content":{"rendered":"<p>Modelo Purair HLF -48 Caracteristicas: La campana de flujo laminar de Purair mantienen una velocidad de flujo de aire de 0.45 m s . &#8211; Esta velocidad cumple con los est\u00e1ndares de seguridad y rendimiento de EE. UU. e internacionales. -.Los filtros ULPA son f\u00e1ciles de reemplazar con herramientas comunes. .-El aire de la habitaci\u00f3n ingresa desde la parte superior del gabinete a trav\u00e9s de un prefiltro, proporcionando una trampa de part\u00edculas m\u00e1s grandes y aumenta la vida \u00fatil del filtro principal. .-El aire es forzado uniformemente a trav\u00e9s del filtro ULPA en una corriente de aire limpio y uniforme dentro de la zona de trabajo. Esto expulsa los contaminantes del aire desde el interior. -El aire purificado viaja a trav\u00e9s de la zona de trabajo en una corriente horizontal, unidireccional y sale de la zona de trabajo a trav\u00e9s de todo el frente de gabinete abierto. -.Interruptor principal de encendido apagado Control de velocidad de ventilador de estado s\u00f3lido con filtro RFI Temporizador UV e interruptor de llave . .-La campna de flujo laminar de Air Science incorporan Unidad directa ebmpapst \u2122 con lubricaci\u00f3n permanente Sopladores centr\u00edfugos. El dise\u00f1o energ\u00e9ticamente eficiente. Reduce los costos operativos y tiene extremadamente bajo Niveles de ruido y vibraci\u00f3n. .-Cumple norma de calidad del aire ISO 14644-1, Class 3ISO 14001:2004ISO 9001:2008IEST-RP-CC034.1,IEST-RP-CC001.3,IEST-RP-CC007.1,EN 1822, entre otras. Especificaciones : -Pre filtro Fibras de poli\u00e9ster con 85% de detenci\u00f3n. . -Filtro Principal ULPA, 99,999% de eficiencia en part\u00edculas de entre 0,1 y 0,3 \u00b5m. . &#8211; Luz Flurescente UV Incluida . &#8211; Ruido a 1 mts 65 dba . &#8211; Vidrio de ventana TempladoProteccion UV. . -Construccion gabinete Marco de acero recubierto de epoxi blanco . &#8211; Superficie de trabajo Acero inoxidable. . &#8211; Medidas AxFxA Exteriores 1251 x 749 x 1086 mm . &#8211; Voltaje Peso: 220 volts 131 kg.<\/p>","protected":false},"excerpt":{"rendered":"<p><label class=\"label\">Marca<\/label>\u00a0AIR SCIENCE<\/p>\n<div class=\"product-information\">\n<div id=\"product-description-short-96\">Campana flujo horizontal 1219mm<\/div>\n<\/div>","protected":false},"featured_media":82,"template":"","meta":{"site-sidebar-layout":"default","site-content-layout":"","ast-site-content-layout":"default","site-content-style":"default","site-sidebar-style":"default","ast-global-header-display":"","ast-banner-title-visibility":"","ast-main-header-display":"","ast-hfb-above-header-display":"","ast-hfb-below-header-display":"","ast-hfb-mobile-header-display":"","site-post-title":"","ast-breadcrumbs-content":"","ast-featured-img":"","footer-sml-layout":"","ast-disable-related-posts":"","theme-transparent-header-meta":"","adv-header-id-meta":"","stick-header-meta":"","header-above-stick-meta":"","header-main-stick-meta":"","header-below-stick-meta":"","astra-migrate-meta-layouts":"default","ast-page-background-enabled":"default","ast-page-background-meta":{"desktop":{"background-color":"var(--ast-global-color-4)","background-image":"","background-repeat":"repeat","background-position":"center center","background-size":"auto","background-attachment":"scroll","background-type":"","background-media":"","overlay-type":"","overlay-color":"","overlay-opacity":"","overlay-gradient":""},"tablet":{"background-color":"","background-image":"","background-repeat":"repeat","background-position":"center center","background-size":"auto","background-attachment":"scroll","background-type":"","background-media":"","overlay-type":"","overlay-color":"","overlay-opacity":"","overlay-gradient":""},"mobile":{"background-color":"","background-image":"","background-repeat":"repeat","background-position":"center center","background-size":"auto","background-attachment":"scroll","background-type":"","background-media":"","overlay-type":"","overlay-color":"","overlay-opacity":"","overlay-gradient":""}},"ast-content-background-meta":{"desktop":{"background-color":"var(--ast-global-color-5)","background-image":"","background-repeat":"repeat","background-position":"center center","background-size":"auto","background-attachment":"scroll","background-type":"","background-media":"","overlay-type":"","overlay-color":"","overlay-opacity":"","overlay-gradient":""},"tablet":{"background-color":"var(--ast-global-color-5)","background-image":"","background-repeat":"repeat","background-position":"center center","background-size":"auto","background-attachment":"scroll","background-type":"","background-media":"","overlay-type":"","overlay-color":"","overlay-opacity":"","overlay-gradient":""},"mobile":{"background-color":"var(--ast-global-color-5)","background-image":"","background-repeat":"repeat","background-position":"center center","background-size":"auto","background-attachment":"scroll","background-type":"","background-media":"","overlay-type":"","overlay-color":"","overlay-opacity":"","overlay-gradient":""}}},"product_brand":[],"product_cat":[20],"product_tag":[],"class_list":{"0":"post-81","1":"product","2":"type-product","3":"status-publish","4":"has-post-thumbnail","6":"product_cat-gabinetes-campanas","7":"desktop-align-left","8":"tablet-align-left","9":"mobile-align-left","11":"first","12":"instock","13":"shipping-taxable","14":"purchasable","15":"product-type-simple"},"_links":{"self":[{"href":"https:\/\/ineqlab.cl\/en\/wp-json\/wp\/v2\/product\/81","targetHints":{"allow":["GET"]}}],"collection":[{"href":"https:\/\/ineqlab.cl\/en\/wp-json\/wp\/v2\/product"}],"about":[{"href":"https:\/\/ineqlab.cl\/en\/wp-json\/wp\/v2\/types\/product"}],"wp:featuredmedia":[{"embeddable":true,"href":"https:\/\/ineqlab.cl\/en\/wp-json\/wp\/v2\/media\/82"}],"wp:attachment":[{"href":"https:\/\/ineqlab.cl\/en\/wp-json\/wp\/v2\/media?parent=81"}],"wp:term":[{"taxonomy":"product_brand","embeddable":true,"href":"https:\/\/ineqlab.cl\/en\/wp-json\/wp\/v2\/product_brand?post=81"},{"taxonomy":"product_cat","embeddable":true,"href":"https:\/\/ineqlab.cl\/en\/wp-json\/wp\/v2\/product_cat?post=81"},{"taxonomy":"product_tag","embeddable":true,"href":"https:\/\/ineqlab.cl\/en\/wp-json\/wp\/v2\/product_tag?post=81"}],"curies":[{"name":"wp","href":"https:\/\/api.w.org\/{rel}","templated":true}]}}