{"id":821,"date":"2022-10-12T16:50:14","date_gmt":"2022-10-12T19:50:14","guid":{"rendered":"https:\/\/ineqlab.cl\/?post_type=product&#038;p=821"},"modified":"2023-03-12T19:32:41","modified_gmt":"2023-03-12T22:32:41","slug":"camara-horizontal-10x10-con-fuente-de-poder","status":"publish","type":"product","link":"https:\/\/ineqlab.cl\/en\/product\/camara-horizontal-10x10-con-fuente-de-poder\/","title":{"rendered":"Camara horizontal 10&#215;10 con fuente de poder"},"content":{"rendered":"<section id=\"wrapper\">\n<div class=\"container\">\n<div id=\"content-wrapper\">\n<section id=\"main\">\n<div class=\"row product-container\">\n<div class=\"col-md-12\">\n<div class=\"tabs\">\n<div id=\"tab-content\" class=\"tab-content\">\n<div id=\"description\" class=\"tab-pane fade in active\" role=\"tabpanel\">\n<div class=\"product-description\">Sistema de electroforesis dise\u00f1ado para la electroforesis de ADN y ARN. Voltajes 35V 50V 100V, compacto, liviano y f\u00e1cil de operar son sus caracter\u00edsticas. Un sensor magn\u00e9tico permite que la corriente fluya a los electrodos solo cuando la tapa est\u00e1 en su lugar. Si se quita la tapa mientras el sistema est\u00e1 en funcionamiento, se cerrar\u00e1 inmediatamente. Es ideal para muchas aplicaciones, incluyendo Transferencia Northern y Southern, an\u00e1lisis de microsat\u00e9lite fragmento de PCRan\u00e1lisis, huella digital de ADN y an\u00e1lisis de alto rendimiento. Dimensiones WxDxH 110x121x43mm Volumen de Buffer 230ml Max.Power 40W Tiempo 1~99min Dimensiones mm 190x130x60mm Peineta 3mmx1mmx22, 5.6mmx1mmx12,,3mmx1mmx18, 5.6mmx1mmx10 Gel tray Gel Dimension WxD 126x126mm &#8212; 1pcs Gel tray WxD 110x60mm &#8212; 2pcs Gel Tray 54x60mm &#8212; 4pcs Transformer for AC200~240V AC220V input AC110V output<\/div>\n<\/div>\n<\/div>\n<\/div>\n<\/div>\n<\/div>\n<\/section>\n<\/div>\n<footer class=\"page-footer\"><\/footer>\n<\/div>\n<\/section>\n<footer id=\"footer\">\n<section class=\"footuyu\">\n<div class=\"container-fluid\">\n<div class=\"row\"><\/div>\n<\/div>\n<\/section>\n<div class=\"footer-container\">\n<div class=\"container\">\n<div class=\"row\">\n<div class=\"footer-grid1\"><\/div>\n<\/div>\n<\/div>\n<\/div>\n<\/footer>","protected":false},"excerpt":{"rendered":"<p><label class=\"label\">Marca<\/label>\u00a0AINSTRUMENTS<\/p>\n<div class=\"product-information\">\n<div id=\"product-description-short-133\">Camara horizontal 10&#215;10 con fuente de pode<\/div>\n<\/div>","protected":false},"featured_media":822,"template":"","meta":{"site-sidebar-layout":"default","site-content-layout":"","ast-site-content-layout":"default","site-content-style":"default","site-sidebar-style":"default","ast-global-header-display":"","ast-banner-title-visibility":"","ast-main-header-display":"","ast-hfb-above-header-display":"","ast-hfb-below-header-display":"","ast-hfb-mobile-header-display":"","site-post-title":"","ast-breadcrumbs-content":"","ast-featured-img":"","footer-sml-layout":"","ast-disable-related-posts":"","theme-transparent-header-meta":"","adv-header-id-meta":"","stick-header-meta":"","header-above-stick-meta":"","header-main-stick-meta":"","header-below-stick-meta":"","astra-migrate-meta-layouts":"default","ast-page-background-enabled":"default","ast-page-background-meta":{"desktop":{"background-color":"var(--ast-global-color-4)","background-image":"","background-repeat":"repeat","background-position":"center center","background-size":"auto","background-attachment":"scroll","background-type":"","background-media":"","overlay-type":"","overlay-color":"","overlay-opacity":"","overlay-gradient":""},"tablet":{"background-color":"","background-image":"","background-repeat":"repeat","background-position":"center center","background-size":"auto","background-attachment":"scroll","background-type":"","background-media":"","overlay-type":"","overlay-color":"","overlay-opacity":"","overlay-gradient":""},"mobile":{"background-color":"","background-image":"","background-repeat":"repeat","background-position":"center center","background-size":"auto","background-attachment":"scroll","background-type":"","background-media":"","overlay-type":"","overlay-color":"","overlay-opacity":"","overlay-gradient":""}},"ast-content-background-meta":{"desktop":{"background-color":"var(--ast-global-color-5)","background-image":"","background-repeat":"repeat","background-position":"center center","background-size":"auto","background-attachment":"scroll","background-type":"","background-media":"","overlay-type":"","overlay-color":"","overlay-opacity":"","overlay-gradient":""},"tablet":{"background-color":"var(--ast-global-color-5)","background-image":"","background-repeat":"repeat","background-position":"center center","background-size":"auto","background-attachment":"scroll","background-type":"","background-media":"","overlay-type":"","overlay-color":"","overlay-opacity":"","overlay-gradient":""},"mobile":{"background-color":"var(--ast-global-color-5)","background-image":"","background-repeat":"repeat","background-position":"center center","background-size":"auto","background-attachment":"scroll","background-type":"","background-media":"","overlay-type":"","overlay-color":"","overlay-opacity":"","overlay-gradient":""}}},"product_brand":[],"product_cat":[38],"product_tag":[],"class_list":{"0":"post-821","1":"product","2":"type-product","3":"status-publish","4":"has-post-thumbnail","6":"product_cat-electroforesis","7":"desktop-align-left","8":"tablet-align-left","9":"mobile-align-left","11":"first","12":"instock","13":"shipping-taxable","14":"purchasable","15":"product-type-simple"},"_links":{"self":[{"href":"https:\/\/ineqlab.cl\/en\/wp-json\/wp\/v2\/product\/821","targetHints":{"allow":["GET"]}}],"collection":[{"href":"https:\/\/ineqlab.cl\/en\/wp-json\/wp\/v2\/product"}],"about":[{"href":"https:\/\/ineqlab.cl\/en\/wp-json\/wp\/v2\/types\/product"}],"wp:featuredmedia":[{"embeddable":true,"href":"https:\/\/ineqlab.cl\/en\/wp-json\/wp\/v2\/media\/822"}],"wp:attachment":[{"href":"https:\/\/ineqlab.cl\/en\/wp-json\/wp\/v2\/media?parent=821"}],"wp:term":[{"taxonomy":"product_brand","embeddable":true,"href":"https:\/\/ineqlab.cl\/en\/wp-json\/wp\/v2\/product_brand?post=821"},{"taxonomy":"product_cat","embeddable":true,"href":"https:\/\/ineqlab.cl\/en\/wp-json\/wp\/v2\/product_cat?post=821"},{"taxonomy":"product_tag","embeddable":true,"href":"https:\/\/ineqlab.cl\/en\/wp-json\/wp\/v2\/product_tag?post=821"}],"curies":[{"name":"wp","href":"https:\/\/api.w.org\/{rel}","templated":true}]}}