{"id":823,"date":"2022-10-12T16:50:53","date_gmt":"2022-10-12T19:50:53","guid":{"rendered":"https:\/\/ineqlab.cl\/?post_type=product&#038;p=823"},"modified":"2023-03-12T19:32:41","modified_gmt":"2023-03-12T22:32:41","slug":"transiluminador-uv-dual-312365-nm-mod-10030","status":"publish","type":"product","link":"https:\/\/ineqlab.cl\/en\/product\/transiluminador-uv-dual-312365-nm-mod-10030\/","title":{"rendered":"Transiluminador uv dual 312365 nm mod.10030"},"content":{"rendered":"<section id=\"wrapper\">\n<div class=\"container\">\n<div id=\"content-wrapper\">\n<section id=\"main\">\n<div class=\"row product-container\">\n<div class=\"col-md-12\">\n<div class=\"tabs\">\n<div id=\"tab-content\" class=\"tab-content\">\n<div id=\"description\" class=\"tab-pane fade in active\" role=\"tabpanel\">\n<div class=\"product-description\">BIOTOP proporciona a nuestro cient\u00edfico molecular el Trans Lum DUAL. 312nm-365nm. Balastro electr\u00f3nico. Peque\u00f1o consumo de energ\u00eda. Vida ilimitada del filtro. Gran filtro de pantalla de 21x26cm. Tubos UV de alto rendimiento. Sistema de enfriamiento por aire. Pantalla de seguridad UV. Filtro de: 6 x 8w 312365 nm 21 x 26cm Este modelo tiene la tecnolog\u00eda SuperDarkTM.<\/div>\n<\/div>\n<\/div>\n<\/div>\n<\/div>\n<\/div>\n<\/section>\n<\/div>\n<footer class=\"page-footer\"><\/footer>\n<\/div>\n<\/section>\n<footer id=\"footer\">\n<section class=\"footuyu\">\n<div class=\"container-fluid\">\n<div class=\"row\"><\/div>\n<\/div>\n<\/section>\n<div class=\"footer-container\">\n<div class=\"container\">\n<div class=\"row\">\n<div class=\"footer-grid1\"><\/div>\n<\/div>\n<\/div>\n<\/div>\n<\/footer>","protected":false},"excerpt":{"rendered":"<p><label class=\"label\">Marca<\/label>\u00a0Biotop<\/p>\n<div class=\"product-information\">\n<div id=\"product-description-short-167\">Transiluminador uv dual 312365 nm mod.10030<\/div>\n<\/div>","protected":false},"featured_media":824,"template":"","meta":{"site-sidebar-layout":"default","site-content-layout":"","ast-site-content-layout":"default","site-content-style":"default","site-sidebar-style":"default","ast-global-header-display":"","ast-banner-title-visibility":"","ast-main-header-display":"","ast-hfb-above-header-display":"","ast-hfb-below-header-display":"","ast-hfb-mobile-header-display":"","site-post-title":"","ast-breadcrumbs-content":"","ast-featured-img":"","footer-sml-layout":"","ast-disable-related-posts":"","theme-transparent-header-meta":"","adv-header-id-meta":"","stick-header-meta":"","header-above-stick-meta":"","header-main-stick-meta":"","header-below-stick-meta":"","astra-migrate-meta-layouts":"default","ast-page-background-enabled":"default","ast-page-background-meta":{"desktop":{"background-color":"var(--ast-global-color-4)","background-image":"","background-repeat":"repeat","background-position":"center center","background-size":"auto","background-attachment":"scroll","background-type":"","background-media":"","overlay-type":"","overlay-color":"","overlay-opacity":"","overlay-gradient":""},"tablet":{"background-color":"","background-image":"","background-repeat":"repeat","background-position":"center center","background-size":"auto","background-attachment":"scroll","background-type":"","background-media":"","overlay-type":"","overlay-color":"","overlay-opacity":"","overlay-gradient":""},"mobile":{"background-color":"","background-image":"","background-repeat":"repeat","background-position":"center center","background-size":"auto","background-attachment":"scroll","background-type":"","background-media":"","overlay-type":"","overlay-color":"","overlay-opacity":"","overlay-gradient":""}},"ast-content-background-meta":{"desktop":{"background-color":"var(--ast-global-color-5)","background-image":"","background-repeat":"repeat","background-position":"center center","background-size":"auto","background-attachment":"scroll","background-type":"","background-media":"","overlay-type":"","overlay-color":"","overlay-opacity":"","overlay-gradient":""},"tablet":{"background-color":"var(--ast-global-color-5)","background-image":"","background-repeat":"repeat","background-position":"center center","background-size":"auto","background-attachment":"scroll","background-type":"","background-media":"","overlay-type":"","overlay-color":"","overlay-opacity":"","overlay-gradient":""},"mobile":{"background-color":"var(--ast-global-color-5)","background-image":"","background-repeat":"repeat","background-position":"center center","background-size":"auto","background-attachment":"scroll","background-type":"","background-media":"","overlay-type":"","overlay-color":"","overlay-opacity":"","overlay-gradient":""}}},"product_brand":[],"product_cat":[38],"product_tag":[],"class_list":{"0":"post-823","1":"product","2":"type-product","3":"status-publish","4":"has-post-thumbnail","6":"product_cat-electroforesis","7":"desktop-align-left","8":"tablet-align-left","9":"mobile-align-left","11":"first","12":"instock","13":"shipping-taxable","14":"purchasable","15":"product-type-simple"},"_links":{"self":[{"href":"https:\/\/ineqlab.cl\/en\/wp-json\/wp\/v2\/product\/823","targetHints":{"allow":["GET"]}}],"collection":[{"href":"https:\/\/ineqlab.cl\/en\/wp-json\/wp\/v2\/product"}],"about":[{"href":"https:\/\/ineqlab.cl\/en\/wp-json\/wp\/v2\/types\/product"}],"wp:featuredmedia":[{"embeddable":true,"href":"https:\/\/ineqlab.cl\/en\/wp-json\/wp\/v2\/media\/824"}],"wp:attachment":[{"href":"https:\/\/ineqlab.cl\/en\/wp-json\/wp\/v2\/media?parent=823"}],"wp:term":[{"taxonomy":"product_brand","embeddable":true,"href":"https:\/\/ineqlab.cl\/en\/wp-json\/wp\/v2\/product_brand?post=823"},{"taxonomy":"product_cat","embeddable":true,"href":"https:\/\/ineqlab.cl\/en\/wp-json\/wp\/v2\/product_cat?post=823"},{"taxonomy":"product_tag","embeddable":true,"href":"https:\/\/ineqlab.cl\/en\/wp-json\/wp\/v2\/product_tag?post=823"}],"curies":[{"name":"wp","href":"https:\/\/api.w.org\/{rel}","templated":true}]}}