{"id":828,"date":"2022-10-12T16:57:34","date_gmt":"2022-10-12T19:57:34","guid":{"rendered":"https:\/\/ineqlab.cl\/?post_type=product&#038;p=828"},"modified":"2023-03-12T19:32:41","modified_gmt":"2023-03-12T22:32:41","slug":"sistema-fotodocumentacion-chem-shot-hybrid-910","status":"publish","type":"product","link":"https:\/\/ineqlab.cl\/en\/product\/sistema-fotodocumentacion-chem-shot-hybrid-910\/","title":{"rendered":"Sistema fotodocumentacion chem shot hybrid 910"},"content":{"rendered":"<section id=\"wrapper\">\n<div class=\"container\">\n<div id=\"content-wrapper\">\n<section id=\"main\">\n<div class=\"row product-container\">\n<div class=\"col-md-12\">\n<div class=\"tabs\">\n<div id=\"tab-content\" class=\"tab-content\">\n<div id=\"description\" class=\"tab-pane fade in active\" role=\"tabpanel\">\n<div class=\"product-description\">Fotodocumentador para Quimioluminiscencia, fluorescencia para documentaci\u00f3n y el an\u00e1lisis electrofor\u00e9tico. Se aplica a los productos que el tiempo de exposici\u00f3n es m\u00e1s de 2 minutos durante el procedimiento tradicional. Al mismo tiempo . &#8211; Posee c\u00e1mara 23 CCD de gran tama\u00f1o, puede enfriar hasta -35\u00baC, garantiza la captura de quimioluminiscencia d\u00e9bil. &#8211; Filtro de seis posiciones motorizada para m\u00e1s aplicaciones. &#8211; Dise\u00f1o de transiluminaci\u00f3n UV, para quimioluminiscencia y documentaci\u00f3n al mismo tiempo. &#8211; Software para la documentaci\u00f3n de geles ChemShot puede tomar fotograf\u00edas y analizar el ADN ARN, electroforesis de prote\u00ednas, de fluorescencia y quimioluminiscencia y membranas, conteo, auto radiograf\u00eda y im\u00e1genes de hibridaci\u00f3n de transferencia que reconoce autom\u00e1ticamente las bandas y los bordes crean gr\u00e1ficos de curvas con valores peak`s y hojas de datos que cuenta el peso molecular, el porcentaje y el contenido, tambi\u00e9n crea la base de datos de peso molecular tambi\u00e9n tiene una funci\u00f3n de base de datos de imagen. &#8211; \u00c1mbito de aplicaci\u00f3n: se utiliza para quimioluminiscencia de \u00e1cido nucleares, alb\u00famina, Western blot con diversos tipos colorante, im\u00e1genes de membrana Hybond etc. Especificaciones Tecnicas : &#8211; C\u00e1mara : Alta resoluci\u00f3n bajo la luz del CCD de refrigeraci\u00f3n digital &#8211; Tama\u00f1o del CCD : 8,8mm * 6.6mm &#8211; Refrigeraci\u00f3n del motor : -60\u00baC, de 3 etapas de semiconductores &#8211; Resoluci\u00f3n efectiva p\u00edxeles m : 1960 * 1460 2.8. &#8211; Densidad de p\u00edxeles :16 bits. &#8211; Tama\u00f1o de p\u00edxel : 4.54um * 4.54m. &#8211; Sensibilidad :20 pg de ADN de doble hebra &#8211; Lente de zoom motorizada : 6x japonesa importada F1.0 zoom motorizado, 23 pulgadas de alto &#8211; Lente penetrante calibre. &#8211; Iluminaci\u00f3n : Trans &#8211; UV, Trans -White, Epi Blanca. &#8211; Excitaci\u00f3n de fuente de luz : 312nm Trans &#8211; UV, Trans &#8211; blanco fr\u00edo, Epi LEDs de luz blanca, Epi &#8211; UV son opcionales &#8211; Filtro : Filtro 590 de tornillo est\u00e1ndar con recubrimiento. &#8211; Opciones de filtro : filtro rojo 537nm, 460nm filtro azul, filtro de 699nm. &#8211; Modo de control : se puede cambiar el enfoque, el diafragma, el zoom y la fuente de luz con el control del panel frontal o el ordenador. &#8211; Observando : usted puede hacer una vista previa de las im\u00e1genes de gel en su computadora en tiempo real. &#8211; Transiluminador UV : 21*26cm y luz blanca : 20*28cm. &#8211; Tama\u00f1o del equipo : 430*430*620mm. &#8211; Certificacion CE<\/div>\n<\/div>\n<\/div>\n<\/div>\n<\/div>\n<\/div>\n<\/section>\n<\/div>\n<footer class=\"page-footer\"><\/footer>\n<\/div>\n<\/section>\n<footer id=\"footer\">\n<section class=\"footuyu\">\n<div class=\"container-fluid\">\n<div class=\"row\"><\/div>\n<\/div>\n<\/section>\n<div class=\"footer-container\">\n<div class=\"container\">\n<div class=\"row\">\n<div class=\"footer-grid1\"><\/div>\n<\/div>\n<\/div>\n<\/div>\n<\/footer>","protected":false},"excerpt":{"rendered":"<p><label class=\"label\">Marca<\/label>\u00a0Biotop<\/p>\n<div class=\"product-information\">\n<div id=\"product-description-short-190\">Sistema fotodocumentacion chem shot hybrid 910<\/div>\n<\/div>","protected":false},"featured_media":829,"template":"","meta":{"site-sidebar-layout":"default","site-content-layout":"","ast-site-content-layout":"default","site-content-style":"default","site-sidebar-style":"default","ast-global-header-display":"","ast-banner-title-visibility":"","ast-main-header-display":"","ast-hfb-above-header-display":"","ast-hfb-below-header-display":"","ast-hfb-mobile-header-display":"","site-post-title":"","ast-breadcrumbs-content":"","ast-featured-img":"","footer-sml-layout":"","ast-disable-related-posts":"","theme-transparent-header-meta":"","adv-header-id-meta":"","stick-header-meta":"","header-above-stick-meta":"","header-main-stick-meta":"","header-below-stick-meta":"","astra-migrate-meta-layouts":"default","ast-page-background-enabled":"default","ast-page-background-meta":{"desktop":{"background-color":"var(--ast-global-color-4)","background-image":"","background-repeat":"repeat","background-position":"center center","background-size":"auto","background-attachment":"scroll","background-type":"","background-media":"","overlay-type":"","overlay-color":"","overlay-opacity":"","overlay-gradient":""},"tablet":{"background-color":"","background-image":"","background-repeat":"repeat","background-position":"center center","background-size":"auto","background-attachment":"scroll","background-type":"","background-media":"","overlay-type":"","overlay-color":"","overlay-opacity":"","overlay-gradient":""},"mobile":{"background-color":"","background-image":"","background-repeat":"repeat","background-position":"center center","background-size":"auto","background-attachment":"scroll","background-type":"","background-media":"","overlay-type":"","overlay-color":"","overlay-opacity":"","overlay-gradient":""}},"ast-content-background-meta":{"desktop":{"background-color":"var(--ast-global-color-5)","background-image":"","background-repeat":"repeat","background-position":"center center","background-size":"auto","background-attachment":"scroll","background-type":"","background-media":"","overlay-type":"","overlay-color":"","overlay-opacity":"","overlay-gradient":""},"tablet":{"background-color":"var(--ast-global-color-5)","background-image":"","background-repeat":"repeat","background-position":"center center","background-size":"auto","background-attachment":"scroll","background-type":"","background-media":"","overlay-type":"","overlay-color":"","overlay-opacity":"","overlay-gradient":""},"mobile":{"background-color":"var(--ast-global-color-5)","background-image":"","background-repeat":"repeat","background-position":"center center","background-size":"auto","background-attachment":"scroll","background-type":"","background-media":"","overlay-type":"","overlay-color":"","overlay-opacity":"","overlay-gradient":""}}},"product_brand":[],"product_cat":[38],"product_tag":[],"class_list":{"0":"post-828","1":"product","2":"type-product","3":"status-publish","4":"has-post-thumbnail","6":"product_cat-electroforesis","7":"desktop-align-left","8":"tablet-align-left","9":"mobile-align-left","11":"first","12":"instock","13":"shipping-taxable","14":"purchasable","15":"product-type-simple"},"_links":{"self":[{"href":"https:\/\/ineqlab.cl\/en\/wp-json\/wp\/v2\/product\/828","targetHints":{"allow":["GET"]}}],"collection":[{"href":"https:\/\/ineqlab.cl\/en\/wp-json\/wp\/v2\/product"}],"about":[{"href":"https:\/\/ineqlab.cl\/en\/wp-json\/wp\/v2\/types\/product"}],"wp:featuredmedia":[{"embeddable":true,"href":"https:\/\/ineqlab.cl\/en\/wp-json\/wp\/v2\/media\/829"}],"wp:attachment":[{"href":"https:\/\/ineqlab.cl\/en\/wp-json\/wp\/v2\/media?parent=828"}],"wp:term":[{"taxonomy":"product_brand","embeddable":true,"href":"https:\/\/ineqlab.cl\/en\/wp-json\/wp\/v2\/product_brand?post=828"},{"taxonomy":"product_cat","embeddable":true,"href":"https:\/\/ineqlab.cl\/en\/wp-json\/wp\/v2\/product_cat?post=828"},{"taxonomy":"product_tag","embeddable":true,"href":"https:\/\/ineqlab.cl\/en\/wp-json\/wp\/v2\/product_tag?post=828"}],"curies":[{"name":"wp","href":"https:\/\/api.w.org\/{rel}","templated":true}]}}