{"id":834,"date":"2022-10-12T17:00:09","date_gmt":"2022-10-12T20:00:09","guid":{"rendered":"https:\/\/ineqlab.cl\/?post_type=product&#038;p=834"},"modified":"2023-03-12T19:32:41","modified_gmt":"2023-03-12T22:32:41","slug":"sistema-fotodocumentacion-de-geles-fluor-shot-pro","status":"publish","type":"product","link":"https:\/\/ineqlab.cl\/en\/product\/sistema-fotodocumentacion-de-geles-fluor-shot-pro\/","title":{"rendered":"Sistema fotodocumentacion de geles fl\u00faor shot pro"},"content":{"rendered":"<section id=\"wrapper\">\n<div class=\"container\">\n<div id=\"content-wrapper\">\n<section id=\"main\">\n<div class=\"row product-container\">\n<div class=\"col-md-12\">\n<div class=\"tabs\">\n<div id=\"tab-content\" class=\"tab-content\">\n<div id=\"description\" class=\"tab-pane fade in active\" role=\"tabpanel\">\n<div class=\"product-description\">FlurShot PRO Caracteristicas Tecnicas : Sistema de Documentaci\u00f3n Biosens Gel ofrece un nuevo sistema que es f\u00e1cil de operar con el software sencillo e intuitivo. Funciona obligatoria con un ordenador bajo el sistema operativo Windows y la c\u00e1mara se puede controlar a fondo por el ordenador. Tambi\u00e9n permite la optimizaci\u00f3n muy precisa de la imagen antes de la impresi\u00f3n o an\u00e1lisis. Ideal para entornos de investigaci\u00f3n con un gran n\u00famero de usuarios y puede satisfacer los requisitos m\u00e1s exigentes en materia de an\u00e1lisis cuantitativo y cualitativo de los geles de electroforesis. &#8211; Varias opciones de c\u00e1mara CCD con un precio razonable &#8211; Aumento de la sensibilidad y el rango din\u00e1mico &#8211; C\u00e1mara totalmente encerrado en el cuarto oscuro, la forma libre de polvo y agitar &#8211; Camara con panel de control totalmente autom\u00e1tico y los iluminadores, de f\u00e1cil operaci\u00f3n &#8211; Control totalmente autom\u00e1tico a trav\u00e9s de software con PC &#8211; La protecci\u00f3n de la radiaci\u00f3n UV con el dise\u00f1o de luces UV apagado autom\u00e1tico cuando se abre la puerta. &#8211; Bulid en luz blanca de arriba, la reflexi\u00f3n durable del LED &#8211; Deslice fuera de la bandeja de retenci\u00f3n UV trans-iluminador y placas blancas convertidor trans- &#8211; Est\u00e1ndar UV trans-iluminador de 312 nm de longitud de onda &#8211; Epi-UV opcional 254365 nm &#8211; Filtro f\u00e1cil de cambiar, ya que se coloca en la parte superior de la c\u00e1mara oscura &#8211; Pantalla de cristal l\u00edquido para hacer m\u00e1s f\u00e1cil la posici\u00f3n del objeto y el foco &#8211; Software tiene la funci\u00f3n de captura, edici\u00f3n, an\u00e1lisis y base de datos. Especificaciones Tecnicas : Camera 1280 x 1024 CCD Bit 10 PC interface USB 2.0 SNR 60db Panel Lave de Membrana Lentes 6 x Motorized Zoom F1.0 Darkroom Proteccion UV, Camara completamente cerrada Filtro Standard F590 filtro con recubrimiento preguntar en fabrica por requermiento especial Panel de Control Zoom, enfoque, iris e iluminador UV Trans Standard 21 x 26cm con 312nm , opcional254365nm UV Reflect UV reflect with 312 254365nm opcional Reflectante blanco Standard LED luz blanca Tabla blanca 20 x 28cm placa luz blanca opcional Software BioSens Gel Imaging System con database, analisis, captura de imagen y editor de imagen Compatible con Windows Dimension mm 410 x 430 x 560<\/div>\n<\/div>\n<\/div>\n<\/div>\n<\/div>\n<\/div>\n<\/section>\n<\/div>\n<footer class=\"page-footer\"><\/footer>\n<\/div>\n<\/section>\n<footer id=\"footer\">\n<section class=\"footuyu\">\n<div class=\"container-fluid\">\n<div class=\"row\"><\/div>\n<\/div>\n<\/section>\n<div class=\"footer-container\">\n<div class=\"container\">\n<div class=\"row\">\n<div class=\"footer-grid1\"><\/div>\n<\/div>\n<\/div>\n<\/div>\n<\/footer>","protected":false},"excerpt":{"rendered":"<p><label class=\"label\">Marca<\/label>\u00a0Biotop<\/p>\n<div class=\"product-information\">\n<div id=\"product-description-short-250\">Sistema fotodocumentacion de geles fl\u00faor shot pro<\/div>\n<\/div>","protected":false},"featured_media":835,"template":"","meta":{"site-sidebar-layout":"default","site-content-layout":"","ast-site-content-layout":"default","site-content-style":"default","site-sidebar-style":"default","ast-global-header-display":"","ast-banner-title-visibility":"","ast-main-header-display":"","ast-hfb-above-header-display":"","ast-hfb-below-header-display":"","ast-hfb-mobile-header-display":"","site-post-title":"","ast-breadcrumbs-content":"","ast-featured-img":"","footer-sml-layout":"","ast-disable-related-posts":"","theme-transparent-header-meta":"","adv-header-id-meta":"","stick-header-meta":"","header-above-stick-meta":"","header-main-stick-meta":"","header-below-stick-meta":"","astra-migrate-meta-layouts":"default","ast-page-background-enabled":"default","ast-page-background-meta":{"desktop":{"background-color":"var(--ast-global-color-4)","background-image":"","background-repeat":"repeat","background-position":"center center","background-size":"auto","background-attachment":"scroll","background-type":"","background-media":"","overlay-type":"","overlay-color":"","overlay-opacity":"","overlay-gradient":""},"tablet":{"background-color":"","background-image":"","background-repeat":"repeat","background-position":"center center","background-size":"auto","background-attachment":"scroll","background-type":"","background-media":"","overlay-type":"","overlay-color":"","overlay-opacity":"","overlay-gradient":""},"mobile":{"background-color":"","background-image":"","background-repeat":"repeat","background-position":"center center","background-size":"auto","background-attachment":"scroll","background-type":"","background-media":"","overlay-type":"","overlay-color":"","overlay-opacity":"","overlay-gradient":""}},"ast-content-background-meta":{"desktop":{"background-color":"var(--ast-global-color-5)","background-image":"","background-repeat":"repeat","background-position":"center center","background-size":"auto","background-attachment":"scroll","background-type":"","background-media":"","overlay-type":"","overlay-color":"","overlay-opacity":"","overlay-gradient":""},"tablet":{"background-color":"var(--ast-global-color-5)","background-image":"","background-repeat":"repeat","background-position":"center center","background-size":"auto","background-attachment":"scroll","background-type":"","background-media":"","overlay-type":"","overlay-color":"","overlay-opacity":"","overlay-gradient":""},"mobile":{"background-color":"var(--ast-global-color-5)","background-image":"","background-repeat":"repeat","background-position":"center center","background-size":"auto","background-attachment":"scroll","background-type":"","background-media":"","overlay-type":"","overlay-color":"","overlay-opacity":"","overlay-gradient":""}}},"product_brand":[],"product_cat":[38],"product_tag":[],"class_list":{"0":"post-834","1":"product","2":"type-product","3":"status-publish","4":"has-post-thumbnail","6":"product_cat-electroforesis","7":"desktop-align-left","8":"tablet-align-left","9":"mobile-align-left","11":"first","12":"instock","13":"shipping-taxable","14":"purchasable","15":"product-type-simple"},"_links":{"self":[{"href":"https:\/\/ineqlab.cl\/en\/wp-json\/wp\/v2\/product\/834","targetHints":{"allow":["GET"]}}],"collection":[{"href":"https:\/\/ineqlab.cl\/en\/wp-json\/wp\/v2\/product"}],"about":[{"href":"https:\/\/ineqlab.cl\/en\/wp-json\/wp\/v2\/types\/product"}],"wp:featuredmedia":[{"embeddable":true,"href":"https:\/\/ineqlab.cl\/en\/wp-json\/wp\/v2\/media\/835"}],"wp:attachment":[{"href":"https:\/\/ineqlab.cl\/en\/wp-json\/wp\/v2\/media?parent=834"}],"wp:term":[{"taxonomy":"product_brand","embeddable":true,"href":"https:\/\/ineqlab.cl\/en\/wp-json\/wp\/v2\/product_brand?post=834"},{"taxonomy":"product_cat","embeddable":true,"href":"https:\/\/ineqlab.cl\/en\/wp-json\/wp\/v2\/product_cat?post=834"},{"taxonomy":"product_tag","embeddable":true,"href":"https:\/\/ineqlab.cl\/en\/wp-json\/wp\/v2\/product_tag?post=834"}],"curies":[{"name":"wp","href":"https:\/\/api.w.org\/{rel}","templated":true}]}}