{"id":838,"date":"2022-10-12T17:01:17","date_gmt":"2022-10-12T20:01:17","guid":{"rendered":"https:\/\/ineqlab.cl\/?post_type=product&#038;p=838"},"modified":"2023-03-12T19:32:41","modified_gmt":"2023-03-12T22:32:41","slug":"transiluminador-luz-led-ultrabright","status":"publish","type":"product","link":"https:\/\/ineqlab.cl\/en\/product\/transiluminador-luz-led-ultrabright\/","title":{"rendered":"Transiluminador luz led ultrabright"},"content":{"rendered":"<div class=\"product-description\">Caracteristicas : *M\u00e1s seguro para reemplazar a los rayos UV. *F\u00e1cil para el corte de gel: no hay necesidad de usar gafas de color \u00e1mbar Intensidad ajustable: desde 100% hasta un 50%. *LED azul fuerte para la excitaci\u00f3n *No causa quemaduras en la piel y los ojos. *No da\u00f1a en el ADN inherente a UV suministros de uniformidad<\/div>\n<div id=\"product-details\" class=\"tab-pane fade\" role=\"tabpanel\" data-product=\"{&quot;id_shop_default&quot;:&quot;1&quot;,&quot;id_manufacturer&quot;:&quot;26&quot;,&quot;id_supplier&quot;:&quot;0&quot;,&quot;reference&quot;:&quot;ELB16&quot;,&quot;is_virtual&quot;:&quot;0&quot;,&quot;delivery_in_stock&quot;:&quot;&quot;,&quot;delivery_out_stock&quot;:&quot;&quot;,&quot;id_category_default&quot;:&quot;45&quot;,&quot;on_sale&quot;:&quot;0&quot;,&quot;online_only&quot;:&quot;0&quot;,&quot;ecotax&quot;:0,&quot;minimal_quantity&quot;:&quot;1&quot;,&quot;low_stock_threshold&quot;:null,&quot;low_stock_alert&quot;:&quot;0&quot;,&quot;price&quot;:&quot;$ 0&quot;,&quot;unity&quot;:&quot;&quot;,&quot;unit_price_ratio&quot;:&quot;0.000000&quot;,&quot;additional_shipping_cost&quot;:&quot;0.00&quot;,&quot;customizable&quot;:&quot;0&quot;,&quot;text_fields&quot;:&quot;0&quot;,&quot;uploadable_files&quot;:&quot;0&quot;,&quot;redirect_type&quot;:&quot;&quot;,&quot;id_type_redirected&quot;:&quot;0&quot;,&quot;available_for_order&quot;:&quot;1&quot;,&quot;available_date&quot;:&quot;0000-00-00&quot;,&quot;show_condition&quot;:&quot;0&quot;,&quot;condition&quot;:&quot;new&quot;,&quot;show_price&quot;:&quot;1&quot;,&quot;indexed&quot;:&quot;1&quot;,&quot;visibility&quot;:&quot;both&quot;,&quot;cache_default_attribute&quot;:&quot;0&quot;,&quot;advanced_stock_management&quot;:&quot;0&quot;,&quot;date_add&quot;:&quot;2021-03-22 12:26:46&quot;,&quot;date_upd&quot;:&quot;2021-06-03 15:06:59&quot;,&quot;pack_stock_type&quot;:&quot;3&quot;,&quot;meta_description&quot;:&quot;&quot;,&quot;meta_keywords&quot;:&quot;&quot;,&quot;meta_title&quot;:&quot;&quot;,&quot;link_rewrite&quot;:&quot;transiluminador-luz-led-ultrabright&quot;,&quot;name&quot;:&quot;Transiluminador luz led ultrabright&quot;,&quot;description&quot;:&quot;Caracteristicas : *M\\u00e1s seguro para reemplazar a los rayos UV. *F\\u00e1cil para el corte de gel: no hay necesidad de usar gafas de color \\u00e1mbar Intensidad ajustable: desde 100% hasta un 50%. *LED azul fuerte para la excitaci\\u00f3n *No causa quemaduras en la piel y los ojos. *No da\\u00f1a en el ADN inherente a UV suministros de uniformidad &lt;coeficiente de variaci\\u00f3n CV 5% de todo el \\u00e1rea del filtro lleno. *Optimizado para su uso con \\u00e1cidos nucleicos y prote\\u00ednas tales manchas EtBr, SYBR \\u00ae Safe, SYBR Gold, SYBR \\u00ae Verde I y II, SYPRO \\u00ae Ruby, SYPRO \\u00ae naranja, manchas de Coomassie Fluor \\u2122 Orange, GelGreen, GelRed y Prote\\u00edna Lumitein \\u2122 Gel Stain. Especificaciones: * Modelo : LB-16 *Dimensiones : 280D x 340W x 80H *Visualizaci\\u00f3n de las dimensiones de la superficie mm: 160D x 200W *LED Longitud de onda nm: 470 *Sensibilidad: hasta 0,1 ng *Uniformidad: &lt;5% CV coeficiente de variaci\\u00f3n *La vida del LED: 50.000 horas *Potencia: 24V - 1.25A *Nuevo marco de dise\\u00f1o con filtro de color \\u00e1mbar *Peso: 3kg&quot;,&quot;description_short&quot;:&quot;Transiluminador luz led ultrabright&quot;,&quot;available_now&quot;:&quot;&quot;,&quot;available_later&quot;:&quot;&quot;,&quot;id&quot;:385,&quot;id_product&quot;:385,&quot;out_of_stock&quot;:0,&quot;new&quot;:0,&quot;id_product_attribute&quot;:&quot;0&quot;,&quot;quantity_wanted&quot;:1,&quot;extraContent&quot;:[],&quot;allow_oosp&quot;:0,&quot;category&quot;:&quot;electroforesis&quot;,&quot;category_name&quot;:&quot;Electroforesis&quot;,&quot;link&quot;:&quot;https:\\\/\\\/ltech.cl\\\/electroforesis\\\/385-transiluminador-luz-led-ultrabright.html&quot;,&quot;attribute_price&quot;:0,&quot;price_tax_exc&quot;:0,&quot;price_without_reduction&quot;:0,&quot;reduction&quot;:0,&quot;specific_prices&quot;:[],&quot;quantity&quot;:0,&quot;quantity_all_versions&quot;:0,&quot;id_image&quot;:&quot;es-default&quot;,&quot;features&quot;:[],&quot;attachments&quot;:[],&quot;virtual&quot;:0,&quot;pack&quot;:0,&quot;packItems&quot;:[],&quot;nopackprice&quot;:0,&quot;customization_required&quot;:false,&quot;rate&quot;:0,&quot;tax_name&quot;:&quot;&quot;,&quot;ecotax_rate&quot;:0,&quot;unit_price&quot;:&quot;&quot;,&quot;customizations&quot;:{&quot;fields&quot;:[]},&quot;id_customization&quot;:0,&quot;is_customizable&quot;:false,&quot;show_quantities&quot;:false,&quot;quantity_label&quot;:&quot;Art\\u00edculo&quot;,&quot;quantity_discounts&quot;:[],&quot;customer_group_discount&quot;:0,&quot;images&quot;:[{&quot;bySize&quot;:{&quot;small_default&quot;:{&quot;url&quot;:&quot;https:\\\/\\\/ltech.cl\\\/674-small_default\\\/transiluminador-luz-led-ultrabright.jpg&quot;,&quot;width&quot;:98,&quot;height&quot;:98},&quot;cart_default&quot;:{&quot;url&quot;:&quot;https:\\\/\\\/ltech.cl\\\/674-cart_default\\\/transiluminador-luz-led-ultrabright.jpg&quot;,&quot;width&quot;:125,&quot;height&quot;:125},&quot;home_default&quot;:{&quot;url&quot;:&quot;https:\\\/\\\/ltech.cl\\\/674-home_default\\\/transiluminador-luz-led-ultrabright.jpg&quot;,&quot;width&quot;:250,&quot;height&quot;:250},&quot;medium_default&quot;:{&quot;url&quot;:&quot;https:\\\/\\\/ltech.cl\\\/674-medium_default\\\/transiluminador-luz-led-ultrabright.jpg&quot;,&quot;width&quot;:452,&quot;height&quot;:452},&quot;large_default&quot;:{&quot;url&quot;:&quot;https:\\\/\\\/ltech.cl\\\/674-large_default\\\/transiluminador-luz-led-ultrabright.jpg&quot;,&quot;width&quot;:800,&quot;height&quot;:800}},&quot;small&quot;:{&quot;url&quot;:&quot;https:\\\/\\\/ltech.cl\\\/674-small_default\\\/transiluminador-luz-led-ultrabright.jpg&quot;,&quot;width&quot;:98,&quot;height&quot;:98},&quot;medium&quot;:{&quot;url&quot;:&quot;https:\\\/\\\/ltech.cl\\\/674-home_default\\\/transiluminador-luz-led-ultrabright.jpg&quot;,&quot;width&quot;:250,&quot;height&quot;:250},&quot;large&quot;:{&quot;url&quot;:&quot;https:\\\/\\\/ltech.cl\\\/674-large_default\\\/transiluminador-luz-led-ultrabright.jpg&quot;,&quot;width&quot;:800,&quot;height&quot;:800},&quot;legend&quot;:&quot;&quot;,&quot;cover&quot;:&quot;1&quot;,&quot;id_image&quot;:&quot;674&quot;,&quot;position&quot;:&quot;1&quot;,&quot;associatedVariants&quot;:[]}],&quot;cover&quot;:{&quot;bySize&quot;:{&quot;small_default&quot;:{&quot;url&quot;:&quot;https:\\\/\\\/ltech.cl\\\/674-small_default\\\/transiluminador-luz-led-ultrabright.jpg&quot;,&quot;width&quot;:98,&quot;height&quot;:98},&quot;cart_default&quot;:{&quot;url&quot;:&quot;https:\\\/\\\/ltech.cl\\\/674-cart_default\\\/transiluminador-luz-led-ultrabright.jpg&quot;,&quot;width&quot;:125,&quot;height&quot;:125},&quot;home_default&quot;:{&quot;url&quot;:&quot;https:\\\/\\\/ltech.cl\\\/674-home_default\\\/transiluminador-luz-led-ultrabright.jpg&quot;,&quot;width&quot;:250,&quot;height&quot;:250},&quot;medium_default&quot;:{&quot;url&quot;:&quot;https:\\\/\\\/ltech.cl\\\/674-medium_default\\\/transiluminador-luz-led-ultrabright.jpg&quot;,&quot;width&quot;:452,&quot;height&quot;:452},&quot;large_default&quot;:{&quot;url&quot;:&quot;https:\\\/\\\/ltech.cl\\\/674-large_default\\\/transiluminador-luz-led-ultrabright.jpg&quot;,&quot;width&quot;:800,&quot;height&quot;:800}},&quot;small&quot;:{&quot;url&quot;:&quot;https:\\\/\\\/ltech.cl\\\/674-small_default\\\/transiluminador-luz-led-ultrabright.jpg&quot;,&quot;width&quot;:98,&quot;height&quot;:98},&quot;medium&quot;:{&quot;url&quot;:&quot;https:\\\/\\\/ltech.cl\\\/674-home_default\\\/transiluminador-luz-led-ultrabright.jpg&quot;,&quot;width&quot;:250,&quot;height&quot;:250},&quot;large&quot;:{&quot;url&quot;:&quot;https:\\\/\\\/ltech.cl\\\/674-large_default\\\/transiluminador-luz-led-ultrabright.jpg&quot;,&quot;width&quot;:800,&quot;height&quot;:800},&quot;legend&quot;:&quot;&quot;,&quot;cover&quot;:&quot;1&quot;,&quot;id_image&quot;:&quot;674&quot;,&quot;position&quot;:&quot;1&quot;,&quot;associatedVariants&quot;:[]},&quot;has_discount&quot;:false,&quot;discount_type&quot;:null,&quot;discount_percentage&quot;:null,&quot;discount_percentage_absolute&quot;:null,&quot;discount_amount&quot;:null,&quot;discount_amount_to_display&quot;:null,&quot;price_amount&quot;:0,&quot;unit_price_full&quot;:&quot;&quot;,&quot;show_availability&quot;:true,&quot;availability_message&quot;:&quot;Fuera de stock&quot;,&quot;availability_date&quot;:null,&quot;availability&quot;:&quot;unavailable&quot;}\">\n<div class=\"product-out-of-stock\"><\/div>\n<section class=\"product-features\"><\/section>\n<\/div>\n","protected":false},"excerpt":{"rendered":"<p><label class=\"label\">Marca<\/label>\u00a0Maestrogen<\/p>\n<div class=\"product-information\">\n<div id=\"product-description-short-385\">Transiluminador luz led ultrabright<\/div>\n<\/div>","protected":false},"featured_media":839,"template":"","meta":{"site-sidebar-layout":"default","site-content-layout":"","ast-site-content-layout":"default","site-content-style":"default","site-sidebar-style":"default","ast-global-header-display":"","ast-banner-title-visibility":"","ast-main-header-display":"","ast-hfb-above-header-display":"","ast-hfb-below-header-display":"","ast-hfb-mobile-header-display":"","site-post-title":"","ast-breadcrumbs-content":"","ast-featured-img":"","footer-sml-layout":"","ast-disable-related-posts":"","theme-transparent-header-meta":"","adv-header-id-meta":"","stick-header-meta":"","header-above-stick-meta":"","header-main-stick-meta":"","header-below-stick-meta":"","astra-migrate-meta-layouts":"default","ast-page-background-enabled":"default","ast-page-background-meta":{"desktop":{"background-color":"var(--ast-global-color-4)","background-image":"","background-repeat":"repeat","background-position":"center center","background-size":"auto","background-attachment":"scroll","background-type":"","background-media":"","overlay-type":"","overlay-color":"","overlay-opacity":"","overlay-gradient":""},"tablet":{"background-color":"","background-image":"","background-repeat":"repeat","background-position":"center center","background-size":"auto","background-attachment":"scroll","background-type":"","background-media":"","overlay-type":"","overlay-color":"","overlay-opacity":"","overlay-gradient":""},"mobile":{"background-color":"","background-image":"","background-repeat":"repeat","background-position":"center center","background-size":"auto","background-attachment":"scroll","background-type":"","background-media":"","overlay-type":"","overlay-color":"","overlay-opacity":"","overlay-gradient":""}},"ast-content-background-meta":{"desktop":{"background-color":"var(--ast-global-color-5)","background-image":"","background-repeat":"repeat","background-position":"center center","background-size":"auto","background-attachment":"scroll","background-type":"","background-media":"","overlay-type":"","overlay-color":"","overlay-opacity":"","overlay-gradient":""},"tablet":{"background-color":"var(--ast-global-color-5)","background-image":"","background-repeat":"repeat","background-position":"center center","background-size":"auto","background-attachment":"scroll","background-type":"","background-media":"","overlay-type":"","overlay-color":"","overlay-opacity":"","overlay-gradient":""},"mobile":{"background-color":"var(--ast-global-color-5)","background-image":"","background-repeat":"repeat","background-position":"center center","background-size":"auto","background-attachment":"scroll","background-type":"","background-media":"","overlay-type":"","overlay-color":"","overlay-opacity":"","overlay-gradient":""}}},"product_brand":[],"product_cat":[38],"product_tag":[],"class_list":{"0":"post-838","1":"product","2":"type-product","3":"status-publish","4":"has-post-thumbnail","6":"product_cat-electroforesis","7":"desktop-align-left","8":"tablet-align-left","9":"mobile-align-left","11":"first","12":"instock","13":"shipping-taxable","14":"purchasable","15":"product-type-simple"},"_links":{"self":[{"href":"https:\/\/ineqlab.cl\/en\/wp-json\/wp\/v2\/product\/838","targetHints":{"allow":["GET"]}}],"collection":[{"href":"https:\/\/ineqlab.cl\/en\/wp-json\/wp\/v2\/product"}],"about":[{"href":"https:\/\/ineqlab.cl\/en\/wp-json\/wp\/v2\/types\/product"}],"wp:featuredmedia":[{"embeddable":true,"href":"https:\/\/ineqlab.cl\/en\/wp-json\/wp\/v2\/media\/839"}],"wp:attachment":[{"href":"https:\/\/ineqlab.cl\/en\/wp-json\/wp\/v2\/media?parent=838"}],"wp:term":[{"taxonomy":"product_brand","embeddable":true,"href":"https:\/\/ineqlab.cl\/en\/wp-json\/wp\/v2\/product_brand?post=838"},{"taxonomy":"product_cat","embeddable":true,"href":"https:\/\/ineqlab.cl\/en\/wp-json\/wp\/v2\/product_cat?post=838"},{"taxonomy":"product_tag","embeddable":true,"href":"https:\/\/ineqlab.cl\/en\/wp-json\/wp\/v2\/product_tag?post=838"}],"curies":[{"name":"wp","href":"https:\/\/api.w.org\/{rel}","templated":true}]}}