{"id":843,"date":"2022-10-12T17:03:09","date_gmt":"2022-10-12T20:03:09","guid":{"rendered":"https:\/\/ineqlab.cl\/?post_type=product&#038;p=843"},"modified":"2023-03-12T19:32:41","modified_gmt":"2023-03-12T22:32:41","slug":"sistema-fotodocumentacion-modelo-mi-01","status":"publish","type":"product","link":"https:\/\/ineqlab.cl\/en\/product\/sistema-fotodocumentacion-modelo-mi-01\/","title":{"rendered":"Sistema fotodocumentacion modelo mi-01"},"content":{"rendered":"<section id=\"wrapper\">\n<div class=\"container\">\n<div id=\"content-wrapper\">\n<section id=\"main\">\n<div class=\"row product-container\">\n<div class=\"col-md-12\">\n<div class=\"tabs\">\n<div id=\"tab-content\" class=\"tab-content\">\n<div id=\"description\" class=\"tab-pane fade in active\" role=\"tabpanel\">\n<div class=\"product-description\">Sistema de fotodocumentacion compacto. Fuente de luz de longitud de onda dual 1 luz UV 302 nm: mejor sensibilidad 2 LED azul 470 nm: Mejor datos de bajada Compacto: ocupa menos superficie de trabajo Conveniente: la transferencia de datos Wi-Fi, f\u00e1cilita la descargar e impresi\u00f3n de sus datos a trav\u00e9s de WiFi Fuente de luz de longitud de onda dual 1 luz UV 302 nm: mejor sensibilidad 2 LED azul 470 nm: Mejor datos de bajada Compacto: ocupa menos superficie de trabajo Conveniente: la transferencia de datos Wi-Fi, f\u00e1cilita la descargar e impresi\u00f3n de sus datos a trav\u00e9s de WiFi 1 Dimensiones: 249,4 x 202,4 x 363.6mm 2 Fuente de luz: UV-B 302 nm y LED 470 nm 3 Tama\u00f1o de visi\u00f3n: 150 * 80 mm. 4 Energ\u00eda: DC12V-2A adaptador 5 Tama\u00f1o de gel compatible: 50 * 60mm, 60mm * 105, 125 * 60mm C\u00e1mara: Canon de la serie G 112.1 Mega p\u00edxeles 2 Tama\u00f1o del LCD: 3 PulgTFT Color 3 Lente de 5x, F1.8 Wide &#8211; F8,0 teleobjetivo 4 Modo: Programa P, prioridad de apertura A, Prioridad de obturaci\u00f3n S, Manual M 5 ISO: Auto 80100125160200 ~ 12800 se recomienda bajo la norma ISO 800 para el funcionamiento 6 Velocidad s de obturaci\u00f3n: 15 ~ 1 4.000 segundos 7 Salida de v\u00eddeo: NTSC PAL seleccionable 8 Interfaz: USB v.2.0 9 Medios de almacenamiento: tarjeta de memoria SD SDHC 10 Formato de almacenamiento: JPEG Exif Ver 2.3 RAW 11 Peso: 352 g 14 Dimensiones: 106.6 x 75.9 x 40.1mm Peso: Alrededor: 8 KG<\/div>\n<\/div>\n<\/div>\n<\/div>\n<\/div>\n<\/div>\n<\/section>\n<\/div>\n<footer class=\"page-footer\"><\/footer>\n<\/div>\n<\/section>\n<footer id=\"footer\">\n<section class=\"footuyu\">\n<div class=\"container-fluid\">\n<div class=\"row\"><\/div>\n<\/div>\n<\/section>\n<div class=\"footer-container\">\n<div class=\"container\">\n<div class=\"row\">\n<div class=\"footer-grid1\"><\/div>\n<\/div>\n<\/div>\n<\/div>\n<\/footer>","protected":false},"excerpt":{"rendered":"<p><label class=\"label\">Marca<\/label>\u00a0Maestrogen<\/p>\n<div class=\"product-information\">\n<div id=\"product-description-short-387\">Sistema fotodocumentacion modelo mi-01<\/div>\n<\/div>","protected":false},"featured_media":844,"template":"","meta":{"site-sidebar-layout":"default","site-content-layout":"","ast-site-content-layout":"default","site-content-style":"default","site-sidebar-style":"default","ast-global-header-display":"","ast-banner-title-visibility":"","ast-main-header-display":"","ast-hfb-above-header-display":"","ast-hfb-below-header-display":"","ast-hfb-mobile-header-display":"","site-post-title":"","ast-breadcrumbs-content":"","ast-featured-img":"","footer-sml-layout":"","ast-disable-related-posts":"","theme-transparent-header-meta":"","adv-header-id-meta":"","stick-header-meta":"","header-above-stick-meta":"","header-main-stick-meta":"","header-below-stick-meta":"","astra-migrate-meta-layouts":"default","ast-page-background-enabled":"default","ast-page-background-meta":{"desktop":{"background-color":"var(--ast-global-color-4)","background-image":"","background-repeat":"repeat","background-position":"center center","background-size":"auto","background-attachment":"scroll","background-type":"","background-media":"","overlay-type":"","overlay-color":"","overlay-opacity":"","overlay-gradient":""},"tablet":{"background-color":"","background-image":"","background-repeat":"repeat","background-position":"center center","background-size":"auto","background-attachment":"scroll","background-type":"","background-media":"","overlay-type":"","overlay-color":"","overlay-opacity":"","overlay-gradient":""},"mobile":{"background-color":"","background-image":"","background-repeat":"repeat","background-position":"center center","background-size":"auto","background-attachment":"scroll","background-type":"","background-media":"","overlay-type":"","overlay-color":"","overlay-opacity":"","overlay-gradient":""}},"ast-content-background-meta":{"desktop":{"background-color":"var(--ast-global-color-5)","background-image":"","background-repeat":"repeat","background-position":"center center","background-size":"auto","background-attachment":"scroll","background-type":"","background-media":"","overlay-type":"","overlay-color":"","overlay-opacity":"","overlay-gradient":""},"tablet":{"background-color":"var(--ast-global-color-5)","background-image":"","background-repeat":"repeat","background-position":"center center","background-size":"auto","background-attachment":"scroll","background-type":"","background-media":"","overlay-type":"","overlay-color":"","overlay-opacity":"","overlay-gradient":""},"mobile":{"background-color":"var(--ast-global-color-5)","background-image":"","background-repeat":"repeat","background-position":"center center","background-size":"auto","background-attachment":"scroll","background-type":"","background-media":"","overlay-type":"","overlay-color":"","overlay-opacity":"","overlay-gradient":""}}},"product_brand":[],"product_cat":[38],"product_tag":[],"class_list":{"0":"post-843","1":"product","2":"type-product","3":"status-publish","4":"has-post-thumbnail","6":"product_cat-electroforesis","7":"desktop-align-left","8":"tablet-align-left","9":"mobile-align-left","11":"first","12":"instock","13":"shipping-taxable","14":"purchasable","15":"product-type-simple"},"_links":{"self":[{"href":"https:\/\/ineqlab.cl\/en\/wp-json\/wp\/v2\/product\/843","targetHints":{"allow":["GET"]}}],"collection":[{"href":"https:\/\/ineqlab.cl\/en\/wp-json\/wp\/v2\/product"}],"about":[{"href":"https:\/\/ineqlab.cl\/en\/wp-json\/wp\/v2\/types\/product"}],"wp:featuredmedia":[{"embeddable":true,"href":"https:\/\/ineqlab.cl\/en\/wp-json\/wp\/v2\/media\/844"}],"wp:attachment":[{"href":"https:\/\/ineqlab.cl\/en\/wp-json\/wp\/v2\/media?parent=843"}],"wp:term":[{"taxonomy":"product_brand","embeddable":true,"href":"https:\/\/ineqlab.cl\/en\/wp-json\/wp\/v2\/product_brand?post=843"},{"taxonomy":"product_cat","embeddable":true,"href":"https:\/\/ineqlab.cl\/en\/wp-json\/wp\/v2\/product_cat?post=843"},{"taxonomy":"product_tag","embeddable":true,"href":"https:\/\/ineqlab.cl\/en\/wp-json\/wp\/v2\/product_tag?post=843"}],"curies":[{"name":"wp","href":"https:\/\/api.w.org\/{rel}","templated":true}]}}