{"id":891,"date":"2022-10-19T02:36:36","date_gmt":"2022-10-19T05:36:36","guid":{"rendered":"https:\/\/ineqlab.cl\/?post_type=product&#038;p=891"},"modified":"2023-03-12T19:32:42","modified_gmt":"2023-03-12T22:32:42","slug":"sistema-de-electropotacion-de-onda-de-descenso-exponencial","status":"publish","type":"product","link":"https:\/\/ineqlab.cl\/en\/product\/sistema-de-electropotacion-de-onda-de-descenso-exponencial\/","title":{"rendered":"Sistema de electropotacion de onda de descenso exponencial"},"content":{"rendered":"<p>APLICACIONES Transformaci\u00f3n b\u00e1sica de bacterias y levaduras Transfecci\u00f3n de mam\u00edferos limitada, en modo de bajo voltaje ESPECIFICACIONES DEL GENERADOR ECM 399 Tipo de visualizaci\u00f3n: LCD de cristal l\u00edquido de 16 caracteres con retroiluminaci\u00f3n Voltaje de la fuente de poder: 100 a 240 VCA, 50 a 60 Hz, CAT I Poder Fusion: 2,5 A, clasificaci\u00f3n T 250 V Uso previsto: Solamente para uso en interiores Temperatura de funcionamiento: 10 \u00b0 C hasta 40 \u00b0 C Enfriamiento: Convecci\u00f3n a trav\u00e9s de caja de metal Humedad relativa: 60% Grado de contaminaci\u00f3n: No debe utilizarse en atm\u00f3sferas contaminantes conductoras Altitud: 2.000 m en funcionamiento Dimenciones: 24x19x11ancho x profundo x alto Peso: 3,2 kg Control S: Perilla giratoria \u00fanica con bot\u00f3n pulsador para configurar par\u00e1metros, encendido apagado e interruptores de arranque CAPACIDADES EST\u00c1NDAR Estado operativo: Autoprueba interna al inicio Interfaz: Interfaz de usuario digital Entrada: 110 V 220 V Universal Tiempo de carga: 5 segundos m\u00e1ximo sin demora Rango de voltaje: Modo LV: resoluci\u00f3n 2-500 V 2 V Modo HV: resoluci\u00f3n de 10 &#8211; 2500 V 10 V Capacidad Modo LV: 1.050 \u00b5F fijo Modo HV: 36 \u00b5F fijo Resistencia Modo LV: 150 ohmios fijos, modo HV: 150 ohmios fijos Salida de voltaje m\u00e1ximo: 2.500 voltios pico Longitud m\u00e1xima de pulso: 125 ms a 500 V pico o 5 ms a 2500 V pico Seguridad:A prueba de cortocircuitos del generador<\/p>","protected":false},"excerpt":{"rendered":"<p><label class=\"label\">Marca<\/label>\u00a0Btx<\/p>\n<div class=\"product-information\">\n<div id=\"product-description-short-180\">Sistema de electropotacion de onda de descenso exponencial<\/div>\n<\/div>","protected":false},"featured_media":892,"template":"","meta":{"site-sidebar-layout":"default","site-content-layout":"","ast-site-content-layout":"default","site-content-style":"default","site-sidebar-style":"default","ast-global-header-display":"","ast-banner-title-visibility":"","ast-main-header-display":"","ast-hfb-above-header-display":"","ast-hfb-below-header-display":"","ast-hfb-mobile-header-display":"","site-post-title":"","ast-breadcrumbs-content":"","ast-featured-img":"","footer-sml-layout":"","ast-disable-related-posts":"","theme-transparent-header-meta":"","adv-header-id-meta":"","stick-header-meta":"","header-above-stick-meta":"","header-main-stick-meta":"","header-below-stick-meta":"","astra-migrate-meta-layouts":"default","ast-page-background-enabled":"default","ast-page-background-meta":{"desktop":{"background-color":"var(--ast-global-color-4)","background-image":"","background-repeat":"repeat","background-position":"center center","background-size":"auto","background-attachment":"scroll","background-type":"","background-media":"","overlay-type":"","overlay-color":"","overlay-opacity":"","overlay-gradient":""},"tablet":{"background-color":"","background-image":"","background-repeat":"repeat","background-position":"center center","background-size":"auto","background-attachment":"scroll","background-type":"","background-media":"","overlay-type":"","overlay-color":"","overlay-opacity":"","overlay-gradient":""},"mobile":{"background-color":"","background-image":"","background-repeat":"repeat","background-position":"center center","background-size":"auto","background-attachment":"scroll","background-type":"","background-media":"","overlay-type":"","overlay-color":"","overlay-opacity":"","overlay-gradient":""}},"ast-content-background-meta":{"desktop":{"background-color":"var(--ast-global-color-5)","background-image":"","background-repeat":"repeat","background-position":"center center","background-size":"auto","background-attachment":"scroll","background-type":"","background-media":"","overlay-type":"","overlay-color":"","overlay-opacity":"","overlay-gradient":""},"tablet":{"background-color":"var(--ast-global-color-5)","background-image":"","background-repeat":"repeat","background-position":"center center","background-size":"auto","background-attachment":"scroll","background-type":"","background-media":"","overlay-type":"","overlay-color":"","overlay-opacity":"","overlay-gradient":""},"mobile":{"background-color":"var(--ast-global-color-5)","background-image":"","background-repeat":"repeat","background-position":"center center","background-size":"auto","background-attachment":"scroll","background-type":"","background-media":"","overlay-type":"","overlay-color":"","overlay-opacity":"","overlay-gradient":""}}},"product_brand":[],"product_cat":[40],"product_tag":[],"class_list":{"0":"post-891","1":"product","2":"type-product","3":"status-publish","4":"has-post-thumbnail","6":"product_cat-bioprocesos-farmacia","7":"desktop-align-left","8":"tablet-align-left","9":"mobile-align-left","11":"first","12":"instock","13":"shipping-taxable","14":"purchasable","15":"product-type-simple"},"_links":{"self":[{"href":"https:\/\/ineqlab.cl\/en\/wp-json\/wp\/v2\/product\/891","targetHints":{"allow":["GET"]}}],"collection":[{"href":"https:\/\/ineqlab.cl\/en\/wp-json\/wp\/v2\/product"}],"about":[{"href":"https:\/\/ineqlab.cl\/en\/wp-json\/wp\/v2\/types\/product"}],"wp:featuredmedia":[{"embeddable":true,"href":"https:\/\/ineqlab.cl\/en\/wp-json\/wp\/v2\/media\/892"}],"wp:attachment":[{"href":"https:\/\/ineqlab.cl\/en\/wp-json\/wp\/v2\/media?parent=891"}],"wp:term":[{"taxonomy":"product_brand","embeddable":true,"href":"https:\/\/ineqlab.cl\/en\/wp-json\/wp\/v2\/product_brand?post=891"},{"taxonomy":"product_cat","embeddable":true,"href":"https:\/\/ineqlab.cl\/en\/wp-json\/wp\/v2\/product_cat?post=891"},{"taxonomy":"product_tag","embeddable":true,"href":"https:\/\/ineqlab.cl\/en\/wp-json\/wp\/v2\/product_tag?post=891"}],"curies":[{"name":"wp","href":"https:\/\/api.w.org\/{rel}","templated":true}]}}