{"id":903,"date":"2022-10-19T02:43:58","date_gmt":"2022-10-19T05:43:58","guid":{"rendered":"https:\/\/ineqlab.cl\/?post_type=product&#038;p=903"},"modified":"2023-03-12T19:32:42","modified_gmt":"2023-03-12T22:32:42","slug":"analizador-quimico-automatico-veterinario","status":"publish","type":"product","link":"https:\/\/ineqlab.cl\/en\/product\/analizador-quimico-automatico-veterinario\/","title":{"rendered":"Analizador qu\u00edmico autom\u00e1tico veterinario"},"content":{"rendered":"<p>Caracter\u00edsticas: &#8211; Operaci\u00f3n completamente autom\u00e1tica, f\u00e1cil, reduce el tiempo de entrenamiento en el uso. &#8211; Resultado exacto de la prueba con principio de qu\u00edmica h\u00fameda. &#8211; 0.1cc sangre entera, suero, plasma. &#8211; Prueba individual de hasta 15 par\u00e1metros. &#8211; Diagn\u00f3stico de prueba r\u00e1pida en 12 minutos. &#8211; Tama\u00f1o compacto con diagn\u00f3stico en el sitio. &#8211; Sistema de control de calidad inteligente incorporado. &#8211; LIS socket para competente con otros sistemas de gesti\u00f3n. Especificaciones t\u00e9cnicas: Tipo de muestra Sangre entera, suero, plasma Volumen de la muestra 100ul C\u00f3digo de barras C\u00f3digo de barras bidimensional Tiempo de prueba 12 minutos por muestra Temperatura de reacci\u00f3n 37 ? \u00b1 0.2 ? Control de calidad y calibraci\u00f3n Acabado en tiempo real completamente autom\u00e1tico Condiciones de trabajo Temperatura: 10-32 ? Humedad: &lt;90% Fuente de luz L\u00e1mpara hal\u00f3gena de 12 V 20 W vida \u00fatil promedio&gt; 2500 horas Voltaje de entrada AC100-240V, 50-60Hz fuente de alimentaci\u00f3n DC opcional El consumo de energ\u00eda 70 vatios Monitor Pantalla t\u00e1ctil TFT de 7 pulgadas Almacenamiento &gt;100,000 resultados Impresora 4 USB, 1 RS232 Peso neto 5 kg Dimensiones W * D * H 21 * 28 * 31cm Peso bruto 6.5kg<\/p>","protected":false},"excerpt":{"rendered":"<p><label class=\"label\">Marca<\/label>\u00a0BIOBASE<\/p>\n<div class=\"product-information\">\n<div id=\"product-description-short-222\">Analizador qu\u00edmico autom\u00e1tico veterinario<\/div>\n<\/div>","protected":false},"featured_media":904,"template":"","meta":{"site-sidebar-layout":"default","site-content-layout":"","ast-site-content-layout":"default","site-content-style":"default","site-sidebar-style":"default","ast-global-header-display":"","ast-banner-title-visibility":"","ast-main-header-display":"","ast-hfb-above-header-display":"","ast-hfb-below-header-display":"","ast-hfb-mobile-header-display":"","site-post-title":"","ast-breadcrumbs-content":"","ast-featured-img":"","footer-sml-layout":"","ast-disable-related-posts":"","theme-transparent-header-meta":"","adv-header-id-meta":"","stick-header-meta":"","header-above-stick-meta":"","header-main-stick-meta":"","header-below-stick-meta":"","astra-migrate-meta-layouts":"default","ast-page-background-enabled":"default","ast-page-background-meta":{"desktop":{"background-color":"var(--ast-global-color-4)","background-image":"","background-repeat":"repeat","background-position":"center center","background-size":"auto","background-attachment":"scroll","background-type":"","background-media":"","overlay-type":"","overlay-color":"","overlay-opacity":"","overlay-gradient":""},"tablet":{"background-color":"","background-image":"","background-repeat":"repeat","background-position":"center center","background-size":"auto","background-attachment":"scroll","background-type":"","background-media":"","overlay-type":"","overlay-color":"","overlay-opacity":"","overlay-gradient":""},"mobile":{"background-color":"","background-image":"","background-repeat":"repeat","background-position":"center center","background-size":"auto","background-attachment":"scroll","background-type":"","background-media":"","overlay-type":"","overlay-color":"","overlay-opacity":"","overlay-gradient":""}},"ast-content-background-meta":{"desktop":{"background-color":"var(--ast-global-color-5)","background-image":"","background-repeat":"repeat","background-position":"center center","background-size":"auto","background-attachment":"scroll","background-type":"","background-media":"","overlay-type":"","overlay-color":"","overlay-opacity":"","overlay-gradient":""},"tablet":{"background-color":"var(--ast-global-color-5)","background-image":"","background-repeat":"repeat","background-position":"center center","background-size":"auto","background-attachment":"scroll","background-type":"","background-media":"","overlay-type":"","overlay-color":"","overlay-opacity":"","overlay-gradient":""},"mobile":{"background-color":"var(--ast-global-color-5)","background-image":"","background-repeat":"repeat","background-position":"center center","background-size":"auto","background-attachment":"scroll","background-type":"","background-media":"","overlay-type":"","overlay-color":"","overlay-opacity":"","overlay-gradient":""}}},"product_brand":[],"product_cat":[40],"product_tag":[],"class_list":{"0":"post-903","1":"product","2":"type-product","3":"status-publish","4":"has-post-thumbnail","6":"product_cat-bioprocesos-farmacia","7":"desktop-align-left","8":"tablet-align-left","9":"mobile-align-left","11":"first","12":"instock","13":"shipping-taxable","14":"purchasable","15":"product-type-simple"},"_links":{"self":[{"href":"https:\/\/ineqlab.cl\/en\/wp-json\/wp\/v2\/product\/903","targetHints":{"allow":["GET"]}}],"collection":[{"href":"https:\/\/ineqlab.cl\/en\/wp-json\/wp\/v2\/product"}],"about":[{"href":"https:\/\/ineqlab.cl\/en\/wp-json\/wp\/v2\/types\/product"}],"wp:featuredmedia":[{"embeddable":true,"href":"https:\/\/ineqlab.cl\/en\/wp-json\/wp\/v2\/media\/904"}],"wp:attachment":[{"href":"https:\/\/ineqlab.cl\/en\/wp-json\/wp\/v2\/media?parent=903"}],"wp:term":[{"taxonomy":"product_brand","embeddable":true,"href":"https:\/\/ineqlab.cl\/en\/wp-json\/wp\/v2\/product_brand?post=903"},{"taxonomy":"product_cat","embeddable":true,"href":"https:\/\/ineqlab.cl\/en\/wp-json\/wp\/v2\/product_cat?post=903"},{"taxonomy":"product_tag","embeddable":true,"href":"https:\/\/ineqlab.cl\/en\/wp-json\/wp\/v2\/product_tag?post=903"}],"curies":[{"name":"wp","href":"https:\/\/api.w.org\/{rel}","templated":true}]}}