{"id":922,"date":"2022-10-19T02:53:12","date_gmt":"2022-10-19T05:53:12","guid":{"rendered":"https:\/\/ineqlab.cl\/?post_type=product&#038;p=922"},"modified":"2023-03-12T19:32:43","modified_gmt":"2023-03-12T22:32:43","slug":"oxido-de-holmio4-en-acido-perclorico","status":"publish","type":"product","link":"https:\/\/ineqlab.cl\/en\/product\/oxido-de-holmio4-en-acido-perclorico\/","title":{"rendered":"\u00d3xido de holmio4% en \u00e1cido perclorico"},"content":{"rendered":"<p>Referencia de holmio para longitud de onda en lo visible y UV Para evaluar la precisi\u00f3n de la longitud de onda de su espectrofot\u00f3metro. Oxido de holmio 4% en \u00e1cido percl\u00f3rico 10% sellado en una celda de cuarzo Uso principal Verifique la escala de longitud de onda de los espectrofot\u00f3metros UV visible Rango utilizable de 240 nm a 650 nm, 14 picos de absorbancia rastreables Configuraci\u00f3n f\u00edsica Celda de cuarzo ultravioleta lejana que ha sido sellada permanentemente por fusi\u00f3n t\u00e9rmica Trazabilidad NIST Cada juego se suministra con un Certificado de An\u00e1lisis y Trazabilidad NIST Acreditado por ISO Acreditado por UKAS ISO 17025, ISO Guide34 e ISO 9001 Regi\u00f3n UV Regi\u00f3n visible Regi\u00f3n visible 241,0 333,5 451,1 249,9 345,6 467,8 278,2 361,4 485,2 287,1 385,4 536,5 416,1 640,6<\/p>","protected":false},"excerpt":{"rendered":"<p><label class=\"label\">Marca<\/label>\u00a0Starna<\/p>\n<div class=\"product-information\">\n<div id=\"product-description-short-497\">Oxido de holmio4% en acido perclorico<\/div>\n<\/div>","protected":false},"featured_media":923,"template":"","meta":{"site-sidebar-layout":"default","site-content-layout":"","ast-site-content-layout":"default","site-content-style":"default","site-sidebar-style":"default","ast-global-header-display":"","ast-banner-title-visibility":"","ast-main-header-display":"","ast-hfb-above-header-display":"","ast-hfb-below-header-display":"","ast-hfb-mobile-header-display":"","site-post-title":"","ast-breadcrumbs-content":"","ast-featured-img":"","footer-sml-layout":"","ast-disable-related-posts":"","theme-transparent-header-meta":"","adv-header-id-meta":"","stick-header-meta":"","header-above-stick-meta":"","header-main-stick-meta":"","header-below-stick-meta":"","astra-migrate-meta-layouts":"default","ast-page-background-enabled":"default","ast-page-background-meta":{"desktop":{"background-color":"var(--ast-global-color-4)","background-image":"","background-repeat":"repeat","background-position":"center center","background-size":"auto","background-attachment":"scroll","background-type":"","background-media":"","overlay-type":"","overlay-color":"","overlay-opacity":"","overlay-gradient":""},"tablet":{"background-color":"","background-image":"","background-repeat":"repeat","background-position":"center center","background-size":"auto","background-attachment":"scroll","background-type":"","background-media":"","overlay-type":"","overlay-color":"","overlay-opacity":"","overlay-gradient":""},"mobile":{"background-color":"","background-image":"","background-repeat":"repeat","background-position":"center center","background-size":"auto","background-attachment":"scroll","background-type":"","background-media":"","overlay-type":"","overlay-color":"","overlay-opacity":"","overlay-gradient":""}},"ast-content-background-meta":{"desktop":{"background-color":"var(--ast-global-color-5)","background-image":"","background-repeat":"repeat","background-position":"center center","background-size":"auto","background-attachment":"scroll","background-type":"","background-media":"","overlay-type":"","overlay-color":"","overlay-opacity":"","overlay-gradient":""},"tablet":{"background-color":"var(--ast-global-color-5)","background-image":"","background-repeat":"repeat","background-position":"center center","background-size":"auto","background-attachment":"scroll","background-type":"","background-media":"","overlay-type":"","overlay-color":"","overlay-opacity":"","overlay-gradient":""},"mobile":{"background-color":"var(--ast-global-color-5)","background-image":"","background-repeat":"repeat","background-position":"center center","background-size":"auto","background-attachment":"scroll","background-type":"","background-media":"","overlay-type":"","overlay-color":"","overlay-opacity":"","overlay-gradient":""}}},"product_brand":[],"product_cat":[26],"product_tag":[],"class_list":{"0":"post-922","1":"product","2":"type-product","3":"status-publish","4":"has-post-thumbnail","6":"product_cat-espectrofotometria","7":"desktop-align-left","8":"tablet-align-left","9":"mobile-align-left","11":"first","12":"instock","13":"shipping-taxable","14":"purchasable","15":"product-type-simple"},"_links":{"self":[{"href":"https:\/\/ineqlab.cl\/en\/wp-json\/wp\/v2\/product\/922","targetHints":{"allow":["GET"]}}],"collection":[{"href":"https:\/\/ineqlab.cl\/en\/wp-json\/wp\/v2\/product"}],"about":[{"href":"https:\/\/ineqlab.cl\/en\/wp-json\/wp\/v2\/types\/product"}],"wp:featuredmedia":[{"embeddable":true,"href":"https:\/\/ineqlab.cl\/en\/wp-json\/wp\/v2\/media\/923"}],"wp:attachment":[{"href":"https:\/\/ineqlab.cl\/en\/wp-json\/wp\/v2\/media?parent=922"}],"wp:term":[{"taxonomy":"product_brand","embeddable":true,"href":"https:\/\/ineqlab.cl\/en\/wp-json\/wp\/v2\/product_brand?post=922"},{"taxonomy":"product_cat","embeddable":true,"href":"https:\/\/ineqlab.cl\/en\/wp-json\/wp\/v2\/product_cat?post=922"},{"taxonomy":"product_tag","embeddable":true,"href":"https:\/\/ineqlab.cl\/en\/wp-json\/wp\/v2\/product_tag?post=922"}],"curies":[{"name":"wp","href":"https:\/\/api.w.org\/{rel}","templated":true}]}}