{"id":930,"date":"2022-10-19T02:55:47","date_gmt":"2022-10-19T05:55:47","guid":{"rendered":"https:\/\/ineqlab.cl\/?post_type=product&#038;p=930"},"modified":"2023-03-12T19:32:43","modified_gmt":"2023-03-12T22:32:43","slug":"espectrofotometro-uvvis-mod-uv-5100","status":"publish","type":"product","link":"https:\/\/ineqlab.cl\/en\/product\/espectrofotometro-uvvis-mod-uv-5100\/","title":{"rendered":"Espectrofot\u00f3metro uvvis mod. Uv-5100"},"content":{"rendered":"<p>Caracter\u00efsticas: &#8211; Pantalla LCD de 2.5 Pulg para dar una muestra clara de las curvas de calibraci\u00f3n y grupos de resultados. &#8211; Se puede configurar varias curvas est\u00e1ndar de acuerdo con las soluciones de los clientes y encontrar la concentraci\u00f3n de soluciones desconocidas. &#8211; Puede mostrar Longitud de onda, Absorvancia y Transmitancia con 5 resultados por pantalla. Tambi\u00e9n cuenta con memoria de hasta 200 resultados. &#8211; Usuarios pueden ajustar la longitud de onda autom\u00e1ticamente a trav\u00e9s de las teclas de flecha para evitar errores de operaci\u00f3n. &#8211; Equipado con L\u00e1mpara de Deuterio dem alta precisi\u00f3n fotom\u00e9trica. F\u00e1cil de reemplazar. &#8211; USB para conectarse con PC para mostrar el escaneo del espectro, la cin\u00e9tica y resultados de pruebas de m\u00faltiples longitudes de onda en la pantalla. Especificaciones: &#8211; Sistema \u00f3ptico: Single beam, 1200 l\u00edneas mm &#8211; Rango de longitud de onda: 190-1100nm \u00b1 1 nm &#8211; Ancho de banda: 4nm &#8211; Repetibilidad: 0,5 nm &#8211; Ajuste de longitud de onda: Autom\u00e1tico &#8211; Precisi\u00f3n Fotom\u00e9trica: \u00b1 0.5% T &#8211; Repetibilidad fotom\u00e9trica: 0,3% T &#8211; Rango Fotom\u00e9trico: -0.3-3A, 0-200% T &#8211; Luz difusa: =0.3% T &#8211; Estabilidad: \u00b1 0.002Ah@500nm &#8211; Pantalla: 128 * 64 puntos LCD &#8211; Detector de silicio Fotodiodo &#8211; Standard Cell Holder: 4 posiciones cell charger 10mm &#8211; Fuente de luz: L\u00e1mpara de tungsteno &#8211; Salida: Puerto USB y puerto paralelo impresora. No incluida &#8211; Requisitos de alimentaci\u00f3n: AC 85-250V &#8211; Dimensi\u00f3n: 420 * 280 * 180 mm &#8211; Peso: 10 kg No incluye software.<\/p>","protected":false},"excerpt":{"rendered":"<p><label class=\"label\">Marca<\/label>\u00a0Metash<\/p>\n<div class=\"product-information\">\n<div id=\"product-description-short-527\">Espectrofotometro uvvis mod. Uv-5100<\/div>\n<\/div>","protected":false},"featured_media":931,"template":"","meta":{"site-sidebar-layout":"default","site-content-layout":"","ast-site-content-layout":"default","site-content-style":"default","site-sidebar-style":"default","ast-global-header-display":"","ast-banner-title-visibility":"","ast-main-header-display":"","ast-hfb-above-header-display":"","ast-hfb-below-header-display":"","ast-hfb-mobile-header-display":"","site-post-title":"","ast-breadcrumbs-content":"","ast-featured-img":"","footer-sml-layout":"","ast-disable-related-posts":"","theme-transparent-header-meta":"","adv-header-id-meta":"","stick-header-meta":"","header-above-stick-meta":"","header-main-stick-meta":"","header-below-stick-meta":"","astra-migrate-meta-layouts":"default","ast-page-background-enabled":"default","ast-page-background-meta":{"desktop":{"background-color":"var(--ast-global-color-4)","background-image":"","background-repeat":"repeat","background-position":"center center","background-size":"auto","background-attachment":"scroll","background-type":"","background-media":"","overlay-type":"","overlay-color":"","overlay-opacity":"","overlay-gradient":""},"tablet":{"background-color":"","background-image":"","background-repeat":"repeat","background-position":"center center","background-size":"auto","background-attachment":"scroll","background-type":"","background-media":"","overlay-type":"","overlay-color":"","overlay-opacity":"","overlay-gradient":""},"mobile":{"background-color":"","background-image":"","background-repeat":"repeat","background-position":"center center","background-size":"auto","background-attachment":"scroll","background-type":"","background-media":"","overlay-type":"","overlay-color":"","overlay-opacity":"","overlay-gradient":""}},"ast-content-background-meta":{"desktop":{"background-color":"var(--ast-global-color-5)","background-image":"","background-repeat":"repeat","background-position":"center center","background-size":"auto","background-attachment":"scroll","background-type":"","background-media":"","overlay-type":"","overlay-color":"","overlay-opacity":"","overlay-gradient":""},"tablet":{"background-color":"var(--ast-global-color-5)","background-image":"","background-repeat":"repeat","background-position":"center center","background-size":"auto","background-attachment":"scroll","background-type":"","background-media":"","overlay-type":"","overlay-color":"","overlay-opacity":"","overlay-gradient":""},"mobile":{"background-color":"var(--ast-global-color-5)","background-image":"","background-repeat":"repeat","background-position":"center center","background-size":"auto","background-attachment":"scroll","background-type":"","background-media":"","overlay-type":"","overlay-color":"","overlay-opacity":"","overlay-gradient":""}}},"product_brand":[],"product_cat":[26],"product_tag":[],"class_list":{"0":"post-930","1":"product","2":"type-product","3":"status-publish","4":"has-post-thumbnail","6":"product_cat-espectrofotometria","7":"desktop-align-left","8":"tablet-align-left","9":"mobile-align-left","11":"first","12":"instock","13":"shipping-taxable","14":"purchasable","15":"product-type-simple"},"_links":{"self":[{"href":"https:\/\/ineqlab.cl\/en\/wp-json\/wp\/v2\/product\/930","targetHints":{"allow":["GET"]}}],"collection":[{"href":"https:\/\/ineqlab.cl\/en\/wp-json\/wp\/v2\/product"}],"about":[{"href":"https:\/\/ineqlab.cl\/en\/wp-json\/wp\/v2\/types\/product"}],"wp:featuredmedia":[{"embeddable":true,"href":"https:\/\/ineqlab.cl\/en\/wp-json\/wp\/v2\/media\/931"}],"wp:attachment":[{"href":"https:\/\/ineqlab.cl\/en\/wp-json\/wp\/v2\/media?parent=930"}],"wp:term":[{"taxonomy":"product_brand","embeddable":true,"href":"https:\/\/ineqlab.cl\/en\/wp-json\/wp\/v2\/product_brand?post=930"},{"taxonomy":"product_cat","embeddable":true,"href":"https:\/\/ineqlab.cl\/en\/wp-json\/wp\/v2\/product_cat?post=930"},{"taxonomy":"product_tag","embeddable":true,"href":"https:\/\/ineqlab.cl\/en\/wp-json\/wp\/v2\/product_tag?post=930"}],"curies":[{"name":"wp","href":"https:\/\/api.w.org\/{rel}","templated":true}]}}