{"id":935,"date":"2022-10-19T02:58:51","date_gmt":"2022-10-19T05:58:51","guid":{"rendered":"https:\/\/ineqlab.cl\/?post_type=product&#038;p=935"},"modified":"2023-03-12T19:32:43","modified_gmt":"2023-03-12T22:32:43","slug":"contador-colonia-automatico","status":"publish","type":"product","link":"https:\/\/ineqlab.cl\/en\/product\/contador-colonia-automatico\/","title":{"rendered":"Contador colonia automatico"},"content":{"rendered":"<p>Modelo SphereFlash\u00ae. Contador de colonias autom\u00e1tico que cumple todos los requisitos que pueden ser necesarios en un moderno laboratorio de microbiolog\u00eda. Con su versi\u00f3n de software Colony Lite, realiza el recuento de colonias de una manera sencilla y confiable gracias a su software de clase mundial y su sistema patentado de iluminaci\u00f3n incorporado. Para usuarios m\u00e1s exigentes, el software se puede actualizar a Colonies PRO para aumentar sus capacidades Opcional . Se pUede Configurar los niveles de permiso del usuario, conectividad LIMS, hojas de c\u00e1lculo, lectura de c\u00f3digos de barras, informes, rastro de auditor\u00eda o CFR21 Parte 11. Con la aplicaci\u00f3n Halos PRO opcional, la unidad Flash Sphere puede transformarse para medir halos de inhibici\u00f3n que aceptan varios criterios de aproximaci\u00f3n de c\u00edrculo para obtener los di\u00e1metros correspondientes de \u00e1reas de c\u00edrculo virtual. En todas las versiones la iluminaci\u00f3n se realiza a trav\u00e9s luz LED que est\u00e1n orientados a la pared interna de una c\u00e1mara esf\u00e9rica en movimiento. Especificaciones Di\u00e1metro m\u00e1ximo \u00fatil de la placa de Petri: 90m m Interfaz de la computadora: USB 3.0 Tipo-A z\u00f3calo Adaptador de CA de la corriente de la red Salida: 12V DC 3.43A Lugar de operaci\u00f3n: S\u00f3lo para uso en interiores. Nivel de contaminaci\u00f3n: 2 Dimensiones: 288x220x371 mm 1.34&#215;8.66&#215;14.6 pulg Peso: 5,5Kg 12,13 lb Requisitos de la computadora: \u00b7 Microsoft Windows\u00ae 7, 8.1, 10 plataformas x64. \u00b7 1 puerto USB 3.0 libre. \u00b7 8 Gigabytes de memoria RAM. \u00b7 100 megabytes de espacio libre en disco y 100 gigabytes para la base de datos para 5000 resultados almacenados con im\u00e1genes. \u00b7 Pantalla FullHD 1920x1080px recomendada. \u00b7 Se recomienda un tama\u00f1o de pantalla de 24 pulgadas. \u00b7 Microsoft Excel\u00ae 2007 o superior, 64 bits para abrir archivos Excel\u00ae exportados. \u00b7 Una impresora PDF virtual para crear informes PDF.<\/p>","protected":false},"excerpt":{"rendered":"<p><label class=\"label\">Marca<\/label>\u00a0IUL<\/p>\n<div class=\"product-information\">\n<div id=\"product-description-short-393\">Contador colonia automatico<\/div>\n<\/div>","protected":false},"featured_media":936,"template":"","meta":{"site-sidebar-layout":"default","site-content-layout":"","ast-site-content-layout":"default","site-content-style":"default","site-sidebar-style":"default","ast-global-header-display":"","ast-banner-title-visibility":"","ast-main-header-display":"","ast-hfb-above-header-display":"","ast-hfb-below-header-display":"","ast-hfb-mobile-header-display":"","site-post-title":"","ast-breadcrumbs-content":"","ast-featured-img":"","footer-sml-layout":"","ast-disable-related-posts":"","theme-transparent-header-meta":"","adv-header-id-meta":"","stick-header-meta":"","header-above-stick-meta":"","header-main-stick-meta":"","header-below-stick-meta":"","astra-migrate-meta-layouts":"default","ast-page-background-enabled":"default","ast-page-background-meta":{"desktop":{"background-color":"var(--ast-global-color-4)","background-image":"","background-repeat":"repeat","background-position":"center center","background-size":"auto","background-attachment":"scroll","background-type":"","background-media":"","overlay-type":"","overlay-color":"","overlay-opacity":"","overlay-gradient":""},"tablet":{"background-color":"","background-image":"","background-repeat":"repeat","background-position":"center center","background-size":"auto","background-attachment":"scroll","background-type":"","background-media":"","overlay-type":"","overlay-color":"","overlay-opacity":"","overlay-gradient":""},"mobile":{"background-color":"","background-image":"","background-repeat":"repeat","background-position":"center center","background-size":"auto","background-attachment":"scroll","background-type":"","background-media":"","overlay-type":"","overlay-color":"","overlay-opacity":"","overlay-gradient":""}},"ast-content-background-meta":{"desktop":{"background-color":"var(--ast-global-color-5)","background-image":"","background-repeat":"repeat","background-position":"center center","background-size":"auto","background-attachment":"scroll","background-type":"","background-media":"","overlay-type":"","overlay-color":"","overlay-opacity":"","overlay-gradient":""},"tablet":{"background-color":"var(--ast-global-color-5)","background-image":"","background-repeat":"repeat","background-position":"center center","background-size":"auto","background-attachment":"scroll","background-type":"","background-media":"","overlay-type":"","overlay-color":"","overlay-opacity":"","overlay-gradient":""},"mobile":{"background-color":"var(--ast-global-color-5)","background-image":"","background-repeat":"repeat","background-position":"center center","background-size":"auto","background-attachment":"scroll","background-type":"","background-media":"","overlay-type":"","overlay-color":"","overlay-opacity":"","overlay-gradient":""}}},"product_brand":[],"product_cat":[40],"product_tag":[],"class_list":{"0":"post-935","1":"product","2":"type-product","3":"status-publish","4":"has-post-thumbnail","6":"product_cat-bioprocesos-farmacia","7":"desktop-align-left","8":"tablet-align-left","9":"mobile-align-left","11":"first","12":"instock","13":"shipping-taxable","14":"purchasable","15":"product-type-simple"},"_links":{"self":[{"href":"https:\/\/ineqlab.cl\/en\/wp-json\/wp\/v2\/product\/935","targetHints":{"allow":["GET"]}}],"collection":[{"href":"https:\/\/ineqlab.cl\/en\/wp-json\/wp\/v2\/product"}],"about":[{"href":"https:\/\/ineqlab.cl\/en\/wp-json\/wp\/v2\/types\/product"}],"wp:featuredmedia":[{"embeddable":true,"href":"https:\/\/ineqlab.cl\/en\/wp-json\/wp\/v2\/media\/936"}],"wp:attachment":[{"href":"https:\/\/ineqlab.cl\/en\/wp-json\/wp\/v2\/media?parent=935"}],"wp:term":[{"taxonomy":"product_brand","embeddable":true,"href":"https:\/\/ineqlab.cl\/en\/wp-json\/wp\/v2\/product_brand?post=935"},{"taxonomy":"product_cat","embeddable":true,"href":"https:\/\/ineqlab.cl\/en\/wp-json\/wp\/v2\/product_cat?post=935"},{"taxonomy":"product_tag","embeddable":true,"href":"https:\/\/ineqlab.cl\/en\/wp-json\/wp\/v2\/product_tag?post=935"}],"curies":[{"name":"wp","href":"https:\/\/api.w.org\/{rel}","templated":true}]}}