{"id":937,"date":"2022-10-19T03:00:28","date_gmt":"2022-10-19T06:00:28","guid":{"rendered":"https:\/\/ineqlab.cl\/?post_type=product&#038;p=937"},"modified":"2023-03-12T19:32:43","modified_gmt":"2023-03-12T22:32:43","slug":"dilutor-gravimetrico-smart-w","status":"publish","type":"product","link":"https:\/\/ineqlab.cl\/en\/product\/dilutor-gravimetrico-smart-w\/","title":{"rendered":"Dilutor gravimetrico smart w"},"content":{"rendered":"<p>Equipo con capacidad de procesamiento total y trazabilidad en diluciones gravim\u00e9tricas o dispensaci\u00f3n de l\u00edquidos. Este dispositivo garantiza precisi\u00f3n, rapidez, esterilidad en el manejo de muestras y seguimiento detallado de los procedimientos. Su precisa celda de pesaje y sus potentes bombas perist\u00e1lticas se acercan a diluciones gravim\u00e9tricas optimizadas dispensaci\u00f3n de l\u00edquidos para laboratorios de control de calidad de alimentos, productos farmac\u00e9uticos y cosm\u00e9ticos. Las muestras se insertan dentro de las bolsas est\u00e9riles, estas se detectan en un soporte que asegura la esterilidad, pesa las muestras y dispensa una cantidad precisa de caldo, diluyendo la muestra a un factor de diluci\u00f3n configurable n\u00famero racional. Las muestras ahora est\u00e1n listas para ser homogeneizadas para pruebas adicionales. Facilidad de uso: el instrumento se trabaja desde un panel t\u00e1ctil que facilita las operaciones, la calibraci\u00f3n de 2 puntos reduce el tiempo de calibraci\u00f3n a unos pocos segundos. Flexibilidad: el instrumento permite una variedad de posibilidades que incluyen el uso de diluyentes m\u00faltiples, la conexi\u00f3n de dos bombas para ganar velocidad de diluci\u00f3n adicional, la dispensaci\u00f3n de l\u00edquidos. Los diluyentes se pueden conducir desde cualquier bolsa de medios lista para usar o botellas con tapa ISO 4796. Conectividad y trazabilidad: el dispositivo se puede usar con un lector de c\u00f3digo de barras para controlar sus funciones de trazabilidad avanzadas, enviar informaci\u00f3n a una impresora para imprimir registros o conectarse a un LIMS. Resoluci\u00f3n de pantalla: 0.1g Imprecisi\u00f3n de peso &lt;1% para peso =100g Peso de calibraci\u00f3n de 100 ga 2000 g configurables por el usuario pasos de 100 g Velocidad de entrega 950 ml min di\u00e1metro del tubo: 5 mm Resoluci\u00f3n del peso de la muestra 0.01 g despu\u00e9s de la estabilizaci\u00f3n Inexactitud de diluci\u00f3n &lt;1% para el peso de diluci\u00f3n =100g &lt;2% para el peso de diluci\u00f3n =50g Inexactitud de dispensaci\u00f3n: &lt;1% para dispensar peso =100g &lt;2% para dispensar peso =50g Rango de dispensaci\u00f3n 20g a rango de ponderaci\u00f3n completo Niveles de compensaci\u00f3n de vibraci\u00f3n de superficie seleccionables 0-4 Peso: 2,4kg<\/p>","protected":false},"excerpt":{"rendered":"<p><label class=\"label\">Marca<\/label>\u00a0IUL<\/p>\n<div class=\"product-information\">\n<div id=\"product-description-short-394\">Dilutor gravimetrico smart w<\/div>\n<\/div>","protected":false},"featured_media":938,"template":"","meta":{"site-sidebar-layout":"default","site-content-layout":"","ast-site-content-layout":"default","site-content-style":"default","site-sidebar-style":"default","ast-global-header-display":"","ast-banner-title-visibility":"","ast-main-header-display":"","ast-hfb-above-header-display":"","ast-hfb-below-header-display":"","ast-hfb-mobile-header-display":"","site-post-title":"","ast-breadcrumbs-content":"","ast-featured-img":"","footer-sml-layout":"","ast-disable-related-posts":"","theme-transparent-header-meta":"","adv-header-id-meta":"","stick-header-meta":"","header-above-stick-meta":"","header-main-stick-meta":"","header-below-stick-meta":"","astra-migrate-meta-layouts":"default","ast-page-background-enabled":"default","ast-page-background-meta":{"desktop":{"background-color":"var(--ast-global-color-4)","background-image":"","background-repeat":"repeat","background-position":"center center","background-size":"auto","background-attachment":"scroll","background-type":"","background-media":"","overlay-type":"","overlay-color":"","overlay-opacity":"","overlay-gradient":""},"tablet":{"background-color":"","background-image":"","background-repeat":"repeat","background-position":"center center","background-size":"auto","background-attachment":"scroll","background-type":"","background-media":"","overlay-type":"","overlay-color":"","overlay-opacity":"","overlay-gradient":""},"mobile":{"background-color":"","background-image":"","background-repeat":"repeat","background-position":"center center","background-size":"auto","background-attachment":"scroll","background-type":"","background-media":"","overlay-type":"","overlay-color":"","overlay-opacity":"","overlay-gradient":""}},"ast-content-background-meta":{"desktop":{"background-color":"var(--ast-global-color-5)","background-image":"","background-repeat":"repeat","background-position":"center center","background-size":"auto","background-attachment":"scroll","background-type":"","background-media":"","overlay-type":"","overlay-color":"","overlay-opacity":"","overlay-gradient":""},"tablet":{"background-color":"var(--ast-global-color-5)","background-image":"","background-repeat":"repeat","background-position":"center center","background-size":"auto","background-attachment":"scroll","background-type":"","background-media":"","overlay-type":"","overlay-color":"","overlay-opacity":"","overlay-gradient":""},"mobile":{"background-color":"var(--ast-global-color-5)","background-image":"","background-repeat":"repeat","background-position":"center center","background-size":"auto","background-attachment":"scroll","background-type":"","background-media":"","overlay-type":"","overlay-color":"","overlay-opacity":"","overlay-gradient":""}}},"product_brand":[],"product_cat":[40],"product_tag":[],"class_list":{"0":"post-937","1":"product","2":"type-product","3":"status-publish","4":"has-post-thumbnail","6":"product_cat-bioprocesos-farmacia","7":"desktop-align-left","8":"tablet-align-left","9":"mobile-align-left","11":"first","12":"instock","13":"shipping-taxable","14":"purchasable","15":"product-type-simple"},"_links":{"self":[{"href":"https:\/\/ineqlab.cl\/en\/wp-json\/wp\/v2\/product\/937","targetHints":{"allow":["GET"]}}],"collection":[{"href":"https:\/\/ineqlab.cl\/en\/wp-json\/wp\/v2\/product"}],"about":[{"href":"https:\/\/ineqlab.cl\/en\/wp-json\/wp\/v2\/types\/product"}],"wp:featuredmedia":[{"embeddable":true,"href":"https:\/\/ineqlab.cl\/en\/wp-json\/wp\/v2\/media\/938"}],"wp:attachment":[{"href":"https:\/\/ineqlab.cl\/en\/wp-json\/wp\/v2\/media?parent=937"}],"wp:term":[{"taxonomy":"product_brand","embeddable":true,"href":"https:\/\/ineqlab.cl\/en\/wp-json\/wp\/v2\/product_brand?post=937"},{"taxonomy":"product_cat","embeddable":true,"href":"https:\/\/ineqlab.cl\/en\/wp-json\/wp\/v2\/product_cat?post=937"},{"taxonomy":"product_tag","embeddable":true,"href":"https:\/\/ineqlab.cl\/en\/wp-json\/wp\/v2\/product_tag?post=937"}],"curies":[{"name":"wp","href":"https:\/\/api.w.org\/{rel}","templated":true}]}}