{"id":941,"date":"2022-10-19T03:04:06","date_gmt":"2022-10-19T06:04:06","guid":{"rendered":"https:\/\/ineqlab.cl\/?post_type=product&#038;p=941"},"modified":"2023-03-12T19:32:43","modified_gmt":"2023-03-12T22:32:43","slug":"sembrador-en-espiral-automatico-eddy-jet-2w","status":"publish","type":"product","link":"https:\/\/ineqlab.cl\/en\/product\/sembrador-en-espiral-automatico-eddy-jet-2w\/","title":{"rendered":"Sembrador en espiral automatico eddy jet 2w"},"content":{"rendered":"<p>Tiempo para un ciclo completo de 30 s las jeringas desechables hacen innecesaria la desinfecci\u00f3n Los modos de dispersi\u00f3n almacenaron 25 modos de propagaci\u00f3n 37 contando aquellos para placas de Petri de 150 mm Conexi\u00f3n del lector de c\u00f3digos de barras Conexi\u00f3n espec\u00edfica para lectores de c\u00f3digos de barras IUL Control de movimiento 3 motores paso a paso regulados por microcontrolador Reproducibilidad &gt; 99% Di\u00e1metros de placa de Petri 90 y 150 mm. Volumen m\u00ednimo de paso &lt;10 nl Volumen m\u00e1ximo de pipeteo 100 ?l Material de jeringa Polipropileno Material del \u00e9mbolo Polietileno H.D. Comprobaci\u00f3n autom\u00e1tica Programada en 6 regiones Pantalla t\u00e1ctil 7 pulgadas Conexi\u00f3n de balanza externa Serial RS232 DB9 Conexi\u00f3n de impresora Serial RS232 DB9 Conexi\u00f3n para actualizaciones Ethernet USB pendrive Conexiones adicionales para perif\u00e9ricos 4 x puertos USB Host Dimensiones WxHxD 51.5 x 42 x 50 cm Peso 20 Kg<\/p>","protected":false},"excerpt":{"rendered":"<p><label class=\"label\">Marca<\/label>\u00a0IUL<\/p>\n<div class=\"product-information\">\n<div id=\"product-description-short-396\">Sembrador en espiral automatico eddy jet 2w<\/div>\n<\/div>","protected":false},"featured_media":943,"template":"","meta":{"site-sidebar-layout":"default","site-content-layout":"","ast-site-content-layout":"default","site-content-style":"default","site-sidebar-style":"default","ast-global-header-display":"","ast-banner-title-visibility":"","ast-main-header-display":"","ast-hfb-above-header-display":"","ast-hfb-below-header-display":"","ast-hfb-mobile-header-display":"","site-post-title":"","ast-breadcrumbs-content":"","ast-featured-img":"","footer-sml-layout":"","ast-disable-related-posts":"","theme-transparent-header-meta":"","adv-header-id-meta":"","stick-header-meta":"","header-above-stick-meta":"","header-main-stick-meta":"","header-below-stick-meta":"","astra-migrate-meta-layouts":"default","ast-page-background-enabled":"default","ast-page-background-meta":{"desktop":{"background-color":"var(--ast-global-color-4)","background-image":"","background-repeat":"repeat","background-position":"center center","background-size":"auto","background-attachment":"scroll","background-type":"","background-media":"","overlay-type":"","overlay-color":"","overlay-opacity":"","overlay-gradient":""},"tablet":{"background-color":"","background-image":"","background-repeat":"repeat","background-position":"center center","background-size":"auto","background-attachment":"scroll","background-type":"","background-media":"","overlay-type":"","overlay-color":"","overlay-opacity":"","overlay-gradient":""},"mobile":{"background-color":"","background-image":"","background-repeat":"repeat","background-position":"center center","background-size":"auto","background-attachment":"scroll","background-type":"","background-media":"","overlay-type":"","overlay-color":"","overlay-opacity":"","overlay-gradient":""}},"ast-content-background-meta":{"desktop":{"background-color":"var(--ast-global-color-5)","background-image":"","background-repeat":"repeat","background-position":"center center","background-size":"auto","background-attachment":"scroll","background-type":"","background-media":"","overlay-type":"","overlay-color":"","overlay-opacity":"","overlay-gradient":""},"tablet":{"background-color":"var(--ast-global-color-5)","background-image":"","background-repeat":"repeat","background-position":"center center","background-size":"auto","background-attachment":"scroll","background-type":"","background-media":"","overlay-type":"","overlay-color":"","overlay-opacity":"","overlay-gradient":""},"mobile":{"background-color":"var(--ast-global-color-5)","background-image":"","background-repeat":"repeat","background-position":"center center","background-size":"auto","background-attachment":"scroll","background-type":"","background-media":"","overlay-type":"","overlay-color":"","overlay-opacity":"","overlay-gradient":""}}},"product_brand":[],"product_cat":[40],"product_tag":[],"class_list":{"0":"post-941","1":"product","2":"type-product","3":"status-publish","4":"has-post-thumbnail","6":"product_cat-bioprocesos-farmacia","7":"desktop-align-left","8":"tablet-align-left","9":"mobile-align-left","11":"first","12":"instock","13":"shipping-taxable","14":"purchasable","15":"product-type-simple"},"_links":{"self":[{"href":"https:\/\/ineqlab.cl\/en\/wp-json\/wp\/v2\/product\/941","targetHints":{"allow":["GET"]}}],"collection":[{"href":"https:\/\/ineqlab.cl\/en\/wp-json\/wp\/v2\/product"}],"about":[{"href":"https:\/\/ineqlab.cl\/en\/wp-json\/wp\/v2\/types\/product"}],"wp:featuredmedia":[{"embeddable":true,"href":"https:\/\/ineqlab.cl\/en\/wp-json\/wp\/v2\/media\/943"}],"wp:attachment":[{"href":"https:\/\/ineqlab.cl\/en\/wp-json\/wp\/v2\/media?parent=941"}],"wp:term":[{"taxonomy":"product_brand","embeddable":true,"href":"https:\/\/ineqlab.cl\/en\/wp-json\/wp\/v2\/product_brand?post=941"},{"taxonomy":"product_cat","embeddable":true,"href":"https:\/\/ineqlab.cl\/en\/wp-json\/wp\/v2\/product_cat?post=941"},{"taxonomy":"product_tag","embeddable":true,"href":"https:\/\/ineqlab.cl\/en\/wp-json\/wp\/v2\/product_tag?post=941"}],"curies":[{"name":"wp","href":"https:\/\/api.w.org\/{rel}","templated":true}]}}