{"id":95,"date":"2022-10-10T21:35:09","date_gmt":"2022-10-11T00:35:09","guid":{"rendered":"https:\/\/ineqlab.cl\/?post_type=product&#038;p=95"},"modified":"2023-03-12T19:34:14","modified_gmt":"2023-03-12T22:34:14","slug":"campana-contencion-de-nanoparticulas-para-filtro","status":"publish","type":"product","link":"https:\/\/ineqlab.cl\/en\/product\/campana-contencion-de-nanoparticulas-para-filtro\/","title":{"rendered":"Campana contenci\u00f3n de nanoparticulas para filtro"},"content":{"rendered":"<p>Protege al operador de part\u00edculas de nanomateriales de menos de 100 nm de tama\u00f1o que se encuentran durante el procesamiento de nanotubos de carbono, bater\u00edas de litio y metales de tierras raras. Escritorio estilo gabinete Construcci\u00f3n del marco de acero inoxidable Flujo de aire horizontal Velocidad de flujo de aire de entrada 206 CFM Filtro principal HEPA ULPA opcional Filtro de carb\u00f3n carb\u00f3n activado opcional Filtro biol\u00f3gico HEPA o ULPA opcional Control Ventilador Manual Encendido Apagado Tensi\u00f3n el\u00e9ctrica 230V, 50Hz. Enchufe NEMA Especifique Reino Unido, Euro u otro enchufe Dimensiones Internas 600 mm x 914 mm x 676mm Dimensiones Externas 889mm x 1016mm x 1016mm Peso Neto 45 kg Calidad ISO 9001 Contenci\u00f3n ANSI ASHRAE 110 1995 SAFEBRIDGE Verificaci\u00f3n de rendimiento VE Filtro BS 7989-2001 ANSI ASHRAE 110 1995 Filtraci\u00f3n biol\u00f3gica IEST-RP-CC-0034.2- IEST-RP-CC007.1-IEST-RP-CC001-4-EN 1822 Seguridad el\u00e9ctrica UL-C-61010-1 marca CE Exenci\u00f3n de ROHS bajo EEE Categor\u00eda 9 Dise\u00f1o de producto ANSI Z 9.5-2003 ANSI Z 9.7-1998 OSHA Norma OSHA -29 CRF, Regulaciones de seguridad y salud para la industria en general, 1910.1450: Exposici\u00f3n ocupacional a productos qu\u00edmicos peligrosos en laboratorios. Parte B, definici\u00f3n, campana tipo laboratorio. Ambiental ISO 14001 Socio Energy Star NO INCLUYE BASE<\/p>","protected":false},"excerpt":{"rendered":"<p><label class=\"label\">Marca<\/label>\u00a0AIR SCIENCE<\/p>\n<div class=\"product-information\">\n<div id=\"product-description-short-101\">Campana contenci\u00f3n de nanoparticulas para filtro<\/div>\n<\/div>","protected":false},"featured_media":96,"template":"","meta":{"site-sidebar-layout":"default","site-content-layout":"","ast-site-content-layout":"default","site-content-style":"default","site-sidebar-style":"default","ast-global-header-display":"","ast-banner-title-visibility":"","ast-main-header-display":"","ast-hfb-above-header-display":"","ast-hfb-below-header-display":"","ast-hfb-mobile-header-display":"","site-post-title":"","ast-breadcrumbs-content":"","ast-featured-img":"","footer-sml-layout":"","ast-disable-related-posts":"","theme-transparent-header-meta":"","adv-header-id-meta":"","stick-header-meta":"","header-above-stick-meta":"","header-main-stick-meta":"","header-below-stick-meta":"","astra-migrate-meta-layouts":"default","ast-page-background-enabled":"default","ast-page-background-meta":{"desktop":{"background-color":"var(--ast-global-color-4)","background-image":"","background-repeat":"repeat","background-position":"center center","background-size":"auto","background-attachment":"scroll","background-type":"","background-media":"","overlay-type":"","overlay-color":"","overlay-opacity":"","overlay-gradient":""},"tablet":{"background-color":"","background-image":"","background-repeat":"repeat","background-position":"center center","background-size":"auto","background-attachment":"scroll","background-type":"","background-media":"","overlay-type":"","overlay-color":"","overlay-opacity":"","overlay-gradient":""},"mobile":{"background-color":"","background-image":"","background-repeat":"repeat","background-position":"center center","background-size":"auto","background-attachment":"scroll","background-type":"","background-media":"","overlay-type":"","overlay-color":"","overlay-opacity":"","overlay-gradient":""}},"ast-content-background-meta":{"desktop":{"background-color":"var(--ast-global-color-5)","background-image":"","background-repeat":"repeat","background-position":"center center","background-size":"auto","background-attachment":"scroll","background-type":"","background-media":"","overlay-type":"","overlay-color":"","overlay-opacity":"","overlay-gradient":""},"tablet":{"background-color":"var(--ast-global-color-5)","background-image":"","background-repeat":"repeat","background-position":"center center","background-size":"auto","background-attachment":"scroll","background-type":"","background-media":"","overlay-type":"","overlay-color":"","overlay-opacity":"","overlay-gradient":""},"mobile":{"background-color":"var(--ast-global-color-5)","background-image":"","background-repeat":"repeat","background-position":"center center","background-size":"auto","background-attachment":"scroll","background-type":"","background-media":"","overlay-type":"","overlay-color":"","overlay-opacity":"","overlay-gradient":""}}},"product_brand":[],"product_cat":[20],"product_tag":[],"class_list":{"0":"post-95","1":"product","2":"type-product","3":"status-publish","4":"has-post-thumbnail","6":"product_cat-gabinetes-campanas","7":"desktop-align-left","8":"tablet-align-left","9":"mobile-align-left","11":"first","12":"instock","13":"shipping-taxable","14":"purchasable","15":"product-type-simple"},"_links":{"self":[{"href":"https:\/\/ineqlab.cl\/en\/wp-json\/wp\/v2\/product\/95","targetHints":{"allow":["GET"]}}],"collection":[{"href":"https:\/\/ineqlab.cl\/en\/wp-json\/wp\/v2\/product"}],"about":[{"href":"https:\/\/ineqlab.cl\/en\/wp-json\/wp\/v2\/types\/product"}],"wp:featuredmedia":[{"embeddable":true,"href":"https:\/\/ineqlab.cl\/en\/wp-json\/wp\/v2\/media\/96"}],"wp:attachment":[{"href":"https:\/\/ineqlab.cl\/en\/wp-json\/wp\/v2\/media?parent=95"}],"wp:term":[{"taxonomy":"product_brand","embeddable":true,"href":"https:\/\/ineqlab.cl\/en\/wp-json\/wp\/v2\/product_brand?post=95"},{"taxonomy":"product_cat","embeddable":true,"href":"https:\/\/ineqlab.cl\/en\/wp-json\/wp\/v2\/product_cat?post=95"},{"taxonomy":"product_tag","embeddable":true,"href":"https:\/\/ineqlab.cl\/en\/wp-json\/wp\/v2\/product_tag?post=95"}],"curies":[{"name":"wp","href":"https:\/\/api.w.org\/{rel}","templated":true}]}}