{"id":957,"date":"2022-10-19T03:15:00","date_gmt":"2022-10-19T06:15:00","guid":{"rendered":"https:\/\/ineqlab.cl\/?post_type=product&#038;p=957"},"modified":"2023-03-12T19:33:18","modified_gmt":"2023-03-12T22:33:18","slug":"espectrofotometro-uvvis-doble-haz","status":"publish","type":"product","link":"https:\/\/ineqlab.cl\/en\/product\/espectrofotometro-uvvis-doble-haz\/","title":{"rendered":"Espectrofot\u00f3metro uvvis doble haz"},"content":{"rendered":"<p>MODELO UV-9000 Caracter\u00edsticas T\u00e9cnicas: &#8211; Pantalla LCD de 6Pulg para visulaizra curvas de calibraci\u00f3n y resultados, directamente en la pantalla. &#8211; Multifunciones como barrido espectral: curva standard: Cin\u00e9tica: multi- longitud de onda, DNA Prote\u00ednas.y nalisi potometrico directo. &#8211; Equipado con L\u00e1mpara de Deuterio de alta precisi\u00f3n fotom\u00e9trica. F\u00e1cil de reemplazar y lamapar de tungsteno.. &#8211; Puerto USB para conectarse con PC para mostrar el escaneo del espectro, la cin\u00e9tica y resultados de pruebas de m\u00faltiples longitudes de onda en la pantalla. Especificaciones T\u00e9cnicas: &#8211; Rango de longitud de onda: 190-1100nm \u00b1 1 nm Ancho de banda: 1,8 nm &#8211; Repetitividad: 0,2 nm &#8211; Ajuste de longitud de onda: Autom\u00e1tico &#8211; Precisi\u00f3n Fotom\u00e9trica: \u00b1 0.2% T &#8211; Repetitividad fotom\u00e9trica: 0,3% T &#8211; Rango Fotom\u00e9trico: -0.3-3A, 0-200% T -Estabilidad: \u00b1 0.002Ah@500nm &#8211; Pantalla: 320 * 240 puntos LCD &#8211; Detector de silicio Fotodiodo &#8211; Fuente de luz: L\u00e1mpara de Deuterio &#8211; Salida: Puerto USB y puerto paralelo impresora. No incluida &#8211; Requisitos de alimentaci\u00f3n: AC 220 V- 50 Hz &#8211; Dimensi\u00f3n: 46x38x18 cm, peso: 32 kg Incluye carro autom\u00e1tico. No incluye software.<\/p>","protected":false},"excerpt":{"rendered":"<p><label class=\"label\">Marca<\/label>\u00a0Metash<\/p>\n<div class=\"product-information\">\n<div id=\"product-description-short-530\">Espectrofotometro uvvis doble haz<\/div>\n<\/div>","protected":false},"featured_media":960,"template":"","meta":{"site-sidebar-layout":"default","site-content-layout":"","ast-site-content-layout":"default","site-content-style":"default","site-sidebar-style":"default","ast-global-header-display":"","ast-banner-title-visibility":"","ast-main-header-display":"","ast-hfb-above-header-display":"","ast-hfb-below-header-display":"","ast-hfb-mobile-header-display":"","site-post-title":"","ast-breadcrumbs-content":"","ast-featured-img":"","footer-sml-layout":"","ast-disable-related-posts":"","theme-transparent-header-meta":"","adv-header-id-meta":"","stick-header-meta":"","header-above-stick-meta":"","header-main-stick-meta":"","header-below-stick-meta":"","astra-migrate-meta-layouts":"default","ast-page-background-enabled":"default","ast-page-background-meta":{"desktop":{"background-color":"var(--ast-global-color-4)","background-image":"","background-repeat":"repeat","background-position":"center center","background-size":"auto","background-attachment":"scroll","background-type":"","background-media":"","overlay-type":"","overlay-color":"","overlay-opacity":"","overlay-gradient":""},"tablet":{"background-color":"","background-image":"","background-repeat":"repeat","background-position":"center center","background-size":"auto","background-attachment":"scroll","background-type":"","background-media":"","overlay-type":"","overlay-color":"","overlay-opacity":"","overlay-gradient":""},"mobile":{"background-color":"","background-image":"","background-repeat":"repeat","background-position":"center center","background-size":"auto","background-attachment":"scroll","background-type":"","background-media":"","overlay-type":"","overlay-color":"","overlay-opacity":"","overlay-gradient":""}},"ast-content-background-meta":{"desktop":{"background-color":"var(--ast-global-color-5)","background-image":"","background-repeat":"repeat","background-position":"center center","background-size":"auto","background-attachment":"scroll","background-type":"","background-media":"","overlay-type":"","overlay-color":"","overlay-opacity":"","overlay-gradient":""},"tablet":{"background-color":"var(--ast-global-color-5)","background-image":"","background-repeat":"repeat","background-position":"center center","background-size":"auto","background-attachment":"scroll","background-type":"","background-media":"","overlay-type":"","overlay-color":"","overlay-opacity":"","overlay-gradient":""},"mobile":{"background-color":"var(--ast-global-color-5)","background-image":"","background-repeat":"repeat","background-position":"center center","background-size":"auto","background-attachment":"scroll","background-type":"","background-media":"","overlay-type":"","overlay-color":"","overlay-opacity":"","overlay-gradient":""}}},"product_brand":[],"product_cat":[26],"product_tag":[],"class_list":{"0":"post-957","1":"product","2":"type-product","3":"status-publish","4":"has-post-thumbnail","6":"product_cat-espectrofotometria","7":"desktop-align-left","8":"tablet-align-left","9":"mobile-align-left","11":"first","12":"instock","13":"shipping-taxable","14":"purchasable","15":"product-type-simple"},"_links":{"self":[{"href":"https:\/\/ineqlab.cl\/en\/wp-json\/wp\/v2\/product\/957","targetHints":{"allow":["GET"]}}],"collection":[{"href":"https:\/\/ineqlab.cl\/en\/wp-json\/wp\/v2\/product"}],"about":[{"href":"https:\/\/ineqlab.cl\/en\/wp-json\/wp\/v2\/types\/product"}],"wp:featuredmedia":[{"embeddable":true,"href":"https:\/\/ineqlab.cl\/en\/wp-json\/wp\/v2\/media\/960"}],"wp:attachment":[{"href":"https:\/\/ineqlab.cl\/en\/wp-json\/wp\/v2\/media?parent=957"}],"wp:term":[{"taxonomy":"product_brand","embeddable":true,"href":"https:\/\/ineqlab.cl\/en\/wp-json\/wp\/v2\/product_brand?post=957"},{"taxonomy":"product_cat","embeddable":true,"href":"https:\/\/ineqlab.cl\/en\/wp-json\/wp\/v2\/product_cat?post=957"},{"taxonomy":"product_tag","embeddable":true,"href":"https:\/\/ineqlab.cl\/en\/wp-json\/wp\/v2\/product_tag?post=957"}],"curies":[{"name":"wp","href":"https:\/\/api.w.org\/{rel}","templated":true}]}}