{"id":964,"date":"2022-10-19T03:17:33","date_gmt":"2022-10-19T06:17:33","guid":{"rendered":"https:\/\/ineqlab.cl\/?post_type=product&#038;p=964"},"modified":"2023-03-12T19:33:18","modified_gmt":"2023-03-12T22:33:18","slug":"espectrofotometro-vis-mod-v-5100","status":"publish","type":"product","link":"https:\/\/ineqlab.cl\/en\/product\/espectrofotometro-vis-mod-v-5100\/","title":{"rendered":"Espectrofot\u00f3metro vis mod. V-5100"},"content":{"rendered":"<p>Caracteristicas: Equipado con pantalla LCD de 2.5 para ofrecer una visualizaci\u00f3n clara de curvas est\u00e1ndar y grupos de resultados. Se puede configurar varias curvas est\u00e1ndar de acuerdo con las soluciones del cliente y encontrar la concentraci\u00f3n de soluciones desconocidas. Equipado con un puerto USB para conectarse a un PC y mostrar el escaneo del espectro, la cin\u00e9tica y los resultados de las pruebas de longitud de onda m\u00faltiple en la pantalla. Puede mostrar la longitud de onda, la absorci\u00f3n y la transmitancia con 5 resultados por pantalla. Tambi\u00e9n cuenta con memoria de hasta 200 resultados. Los usuarios establecen la longitud de onda autom\u00e1ticamente a trav\u00e9s de las teclas de flecha para evitar errores de operaci\u00f3n. Especificaciones: Modelo V-5100 Sistema \u00f3ptico Haz simple, rejilla 1200 l\u00edneas mm Rango de onda 325-1000nm Banda ancha 4nm Precisi\u00f3n de longitud de onda \u00b1 1nm Repetibilidad de longitud de onda 0.5nm Ajuste de longitud de onda Auto Precisi\u00f3n fotom\u00e9trica \u00b1 0.5% T Repetibilidad Fotom\u00e9trica 0.3% T Rango fotom\u00e9trico -0.3-3A 0-200% T Modo fotom\u00e9trico T, A, C, F Luz extraviada =0.2% T Estabilidad \u00b1 0.002A h @ 500nm Monitor 128 * 64 LCD Detector Fotodiodo de silicio Fuente de luz L\u00e1mpara de tungsteno Salida Puerto USB y puerto paralelo impresora requerimientos de energ\u00eda AC 85 ~ 250V Dimensi\u00f3n 420 * 280 * 180 mm Peso 11kg No incluye software.<\/p>","protected":false},"excerpt":{"rendered":"<p><label class=\"label\">Marca<\/label>\u00a0Metash<\/p>\n<div class=\"product-information\">\n<div id=\"product-description-short-533\">Espectrofotometro vis mod. V-5100<\/div>\n<\/div>","protected":false},"featured_media":966,"template":"","meta":{"site-sidebar-layout":"default","site-content-layout":"","ast-site-content-layout":"default","site-content-style":"default","site-sidebar-style":"default","ast-global-header-display":"","ast-banner-title-visibility":"","ast-main-header-display":"","ast-hfb-above-header-display":"","ast-hfb-below-header-display":"","ast-hfb-mobile-header-display":"","site-post-title":"","ast-breadcrumbs-content":"","ast-featured-img":"","footer-sml-layout":"","ast-disable-related-posts":"","theme-transparent-header-meta":"","adv-header-id-meta":"","stick-header-meta":"","header-above-stick-meta":"","header-main-stick-meta":"","header-below-stick-meta":"","astra-migrate-meta-layouts":"default","ast-page-background-enabled":"default","ast-page-background-meta":{"desktop":{"background-color":"var(--ast-global-color-4)","background-image":"","background-repeat":"repeat","background-position":"center center","background-size":"auto","background-attachment":"scroll","background-type":"","background-media":"","overlay-type":"","overlay-color":"","overlay-opacity":"","overlay-gradient":""},"tablet":{"background-color":"","background-image":"","background-repeat":"repeat","background-position":"center center","background-size":"auto","background-attachment":"scroll","background-type":"","background-media":"","overlay-type":"","overlay-color":"","overlay-opacity":"","overlay-gradient":""},"mobile":{"background-color":"","background-image":"","background-repeat":"repeat","background-position":"center center","background-size":"auto","background-attachment":"scroll","background-type":"","background-media":"","overlay-type":"","overlay-color":"","overlay-opacity":"","overlay-gradient":""}},"ast-content-background-meta":{"desktop":{"background-color":"var(--ast-global-color-5)","background-image":"","background-repeat":"repeat","background-position":"center center","background-size":"auto","background-attachment":"scroll","background-type":"","background-media":"","overlay-type":"","overlay-color":"","overlay-opacity":"","overlay-gradient":""},"tablet":{"background-color":"var(--ast-global-color-5)","background-image":"","background-repeat":"repeat","background-position":"center center","background-size":"auto","background-attachment":"scroll","background-type":"","background-media":"","overlay-type":"","overlay-color":"","overlay-opacity":"","overlay-gradient":""},"mobile":{"background-color":"var(--ast-global-color-5)","background-image":"","background-repeat":"repeat","background-position":"center center","background-size":"auto","background-attachment":"scroll","background-type":"","background-media":"","overlay-type":"","overlay-color":"","overlay-opacity":"","overlay-gradient":""}}},"product_brand":[],"product_cat":[26],"product_tag":[],"class_list":{"0":"post-964","1":"product","2":"type-product","3":"status-publish","4":"has-post-thumbnail","6":"product_cat-espectrofotometria","7":"desktop-align-left","8":"tablet-align-left","9":"mobile-align-left","11":"first","12":"instock","13":"shipping-taxable","14":"purchasable","15":"product-type-simple"},"_links":{"self":[{"href":"https:\/\/ineqlab.cl\/en\/wp-json\/wp\/v2\/product\/964","targetHints":{"allow":["GET"]}}],"collection":[{"href":"https:\/\/ineqlab.cl\/en\/wp-json\/wp\/v2\/product"}],"about":[{"href":"https:\/\/ineqlab.cl\/en\/wp-json\/wp\/v2\/types\/product"}],"wp:featuredmedia":[{"embeddable":true,"href":"https:\/\/ineqlab.cl\/en\/wp-json\/wp\/v2\/media\/966"}],"wp:attachment":[{"href":"https:\/\/ineqlab.cl\/en\/wp-json\/wp\/v2\/media?parent=964"}],"wp:term":[{"taxonomy":"product_brand","embeddable":true,"href":"https:\/\/ineqlab.cl\/en\/wp-json\/wp\/v2\/product_brand?post=964"},{"taxonomy":"product_cat","embeddable":true,"href":"https:\/\/ineqlab.cl\/en\/wp-json\/wp\/v2\/product_cat?post=964"},{"taxonomy":"product_tag","embeddable":true,"href":"https:\/\/ineqlab.cl\/en\/wp-json\/wp\/v2\/product_tag?post=964"}],"curies":[{"name":"wp","href":"https:\/\/api.w.org\/{rel}","templated":true}]}}