{"id":97,"date":"2022-10-10T21:36:26","date_gmt":"2022-10-11T00:36:26","guid":{"rendered":"https:\/\/ineqlab.cl\/?post_type=product&#038;p=97"},"modified":"2023-03-12T19:34:14","modified_gmt":"2023-03-12T22:34:14","slug":"campana-extractora-de-gases-914mm-c-filtro","status":"publish","type":"product","link":"https:\/\/ineqlab.cl\/en\/product\/campana-extractora-de-gases-914mm-c-filtro\/","title":{"rendered":"Campana extractora de gases 914mm c filtro"},"content":{"rendered":"<p>Caracteristicas Tecnicas : Modelo Purair P5-36XTS Marca Airscience USA. Las vitrinas de filtraci\u00f3n de gases Purair\u00ae est\u00e1n dise\u00f1adas para proporcionar alto rendimiento. Est\u00e1n dise\u00f1adas para proteger al usuario y al medio ambiente de vapores peligrosos que se generan en la superficie de trabajo. Purair es el sistema innovador de Aire Science\u00ae Multiplex \u2122 Tecnolog\u00eda de Filtraci\u00f3n que crea un ambiente de trabajo seguro sobre la m\u00e1s amplia gama de aplicaciones . Sistema de tratamiento de aire de alta capacidad proporciona la velocidad nominal de 100 pies por minuto. Una alarma de bajo flujo de aire insuficiente advierte de velocidad de entrada. El conjunto de filtro de f\u00e1cil acceso, f\u00e1cil de cambiar. Flltro de dise\u00f1o \u00fanico de sujeci\u00f3n elimina las fugas de bypass fuera de la campana. Se puede instalar una alarma de saturaci\u00f3n del filtro opcional. Especificaciones Tecnicas : &#8221; Superficie de trabajo \u00fatil 91.4cm, resistente a qu\u00edmico. &#8221; Dimensiones Externas 914 x 610 x 889mm &#8221; Velocidad de flujo CFM 135.9 &#8221; Velocidad FPM 100 &#8221; Nivel de Ruido dba menor 50 &#8221; Alarma de bajo flujo &#8221; Luz Fluorescente, construcci\u00f3n de acero con pintura epoxi. &#8221; 220 volts &#8221; Peso 43kg &#8221; Base no incluida &#8221; Hecho en E.E.U.U.<\/p>","protected":false},"excerpt":{"rendered":"<p><label class=\"label\">Marca<\/label>\u00a0AIR SCIENCE<\/p>\n<div class=\"product-information\">\n<div id=\"product-description-short-102\">Campana extractora de gases 914mm c filtro<\/div>\n<\/div>","protected":false},"featured_media":98,"template":"","meta":{"site-sidebar-layout":"default","site-content-layout":"","ast-site-content-layout":"default","site-content-style":"default","site-sidebar-style":"default","ast-global-header-display":"","ast-banner-title-visibility":"","ast-main-header-display":"","ast-hfb-above-header-display":"","ast-hfb-below-header-display":"","ast-hfb-mobile-header-display":"","site-post-title":"","ast-breadcrumbs-content":"","ast-featured-img":"","footer-sml-layout":"","ast-disable-related-posts":"","theme-transparent-header-meta":"","adv-header-id-meta":"","stick-header-meta":"","header-above-stick-meta":"","header-main-stick-meta":"","header-below-stick-meta":"","astra-migrate-meta-layouts":"default","ast-page-background-enabled":"default","ast-page-background-meta":{"desktop":{"background-color":"var(--ast-global-color-4)","background-image":"","background-repeat":"repeat","background-position":"center center","background-size":"auto","background-attachment":"scroll","background-type":"","background-media":"","overlay-type":"","overlay-color":"","overlay-opacity":"","overlay-gradient":""},"tablet":{"background-color":"","background-image":"","background-repeat":"repeat","background-position":"center center","background-size":"auto","background-attachment":"scroll","background-type":"","background-media":"","overlay-type":"","overlay-color":"","overlay-opacity":"","overlay-gradient":""},"mobile":{"background-color":"","background-image":"","background-repeat":"repeat","background-position":"center center","background-size":"auto","background-attachment":"scroll","background-type":"","background-media":"","overlay-type":"","overlay-color":"","overlay-opacity":"","overlay-gradient":""}},"ast-content-background-meta":{"desktop":{"background-color":"var(--ast-global-color-5)","background-image":"","background-repeat":"repeat","background-position":"center center","background-size":"auto","background-attachment":"scroll","background-type":"","background-media":"","overlay-type":"","overlay-color":"","overlay-opacity":"","overlay-gradient":""},"tablet":{"background-color":"var(--ast-global-color-5)","background-image":"","background-repeat":"repeat","background-position":"center center","background-size":"auto","background-attachment":"scroll","background-type":"","background-media":"","overlay-type":"","overlay-color":"","overlay-opacity":"","overlay-gradient":""},"mobile":{"background-color":"var(--ast-global-color-5)","background-image":"","background-repeat":"repeat","background-position":"center center","background-size":"auto","background-attachment":"scroll","background-type":"","background-media":"","overlay-type":"","overlay-color":"","overlay-opacity":"","overlay-gradient":""}}},"product_brand":[],"product_cat":[20],"product_tag":[],"class_list":{"0":"post-97","1":"product","2":"type-product","3":"status-publish","4":"has-post-thumbnail","6":"product_cat-gabinetes-campanas","7":"desktop-align-left","8":"tablet-align-left","9":"mobile-align-left","11":"first","12":"instock","13":"shipping-taxable","14":"purchasable","15":"product-type-simple"},"_links":{"self":[{"href":"https:\/\/ineqlab.cl\/en\/wp-json\/wp\/v2\/product\/97","targetHints":{"allow":["GET"]}}],"collection":[{"href":"https:\/\/ineqlab.cl\/en\/wp-json\/wp\/v2\/product"}],"about":[{"href":"https:\/\/ineqlab.cl\/en\/wp-json\/wp\/v2\/types\/product"}],"wp:featuredmedia":[{"embeddable":true,"href":"https:\/\/ineqlab.cl\/en\/wp-json\/wp\/v2\/media\/98"}],"wp:attachment":[{"href":"https:\/\/ineqlab.cl\/en\/wp-json\/wp\/v2\/media?parent=97"}],"wp:term":[{"taxonomy":"product_brand","embeddable":true,"href":"https:\/\/ineqlab.cl\/en\/wp-json\/wp\/v2\/product_brand?post=97"},{"taxonomy":"product_cat","embeddable":true,"href":"https:\/\/ineqlab.cl\/en\/wp-json\/wp\/v2\/product_cat?post=97"},{"taxonomy":"product_tag","embeddable":true,"href":"https:\/\/ineqlab.cl\/en\/wp-json\/wp\/v2\/product_tag?post=97"}],"curies":[{"name":"wp","href":"https:\/\/api.w.org\/{rel}","templated":true}]}}