{"id":997,"date":"2022-10-19T03:47:25","date_gmt":"2022-10-19T06:47:25","guid":{"rendered":"https:\/\/ineqlab.cl\/?post_type=product&#038;p=997"},"modified":"2023-03-12T19:33:19","modified_gmt":"2023-03-12T22:33:19","slug":"bano-ultrasonido-mod-neptuno","status":"publish","type":"product","link":"https:\/\/ineqlab.cl\/en\/product\/bano-ultrasonido-mod-neptuno\/","title":{"rendered":"Ba\u00f1o ultrasonido mod.neptuno"},"content":{"rendered":"<p>Caracter\u00edsticas Display digital de control: visualiza la temperatura de la cuba y el tiempo de acci\u00f3n de los ultrasonidos, modifica la temperatura de trabajo y regula el encendido y activaci\u00f3n del equipo de limpieza. Transductores pieza-el\u00e9ctricos de acero-aluminio de alto rendimiento. Rango de temperatura de trabajo: de 0 a 80\u00baC Incluye Cable de conexi\u00f3n Cesta de acero inoxidable Tapa fin de jornada Manual de instrucciones Declaraci\u00f3n CE de con Tensi\u00f3n de alimentaci\u00f3n: 200 &#8211; 240 V ac \u00b1 10%, 50 &#8211; 60 Hz. Protecci\u00f3n frente a sobre-corrientes y sobre-tensiones. Frecuencia Ultrasonidos KHz 40 Potencia Ultrasonidos W 100 Potencia Calefacci\u00f3n W 100 Dimensiones Internas mm An x L x Al 130 x 230 x 100 Peso Kg 3.7 Desag\u00fce \u00bdPulg<\/p>","protected":false},"excerpt":{"rendered":"<p><label class=\"label\">Marca<\/label>\u00a0Filtra<\/p>\n<div class=\"product-information\">\n<div id=\"product-description-short-489\">Ba\u00f1o ultrasonido mod.neptuno<\/div>\n<\/div>","protected":false},"featured_media":994,"template":"","meta":{"site-sidebar-layout":"default","site-content-layout":"","ast-site-content-layout":"default","site-content-style":"default","site-sidebar-style":"default","ast-global-header-display":"","ast-banner-title-visibility":"","ast-main-header-display":"","ast-hfb-above-header-display":"","ast-hfb-below-header-display":"","ast-hfb-mobile-header-display":"","site-post-title":"","ast-breadcrumbs-content":"","ast-featured-img":"","footer-sml-layout":"","ast-disable-related-posts":"","theme-transparent-header-meta":"","adv-header-id-meta":"","stick-header-meta":"","header-above-stick-meta":"","header-main-stick-meta":"","header-below-stick-meta":"","astra-migrate-meta-layouts":"default","ast-page-background-enabled":"default","ast-page-background-meta":{"desktop":{"background-color":"var(--ast-global-color-4)","background-image":"","background-repeat":"repeat","background-position":"center center","background-size":"auto","background-attachment":"scroll","background-type":"","background-media":"","overlay-type":"","overlay-color":"","overlay-opacity":"","overlay-gradient":""},"tablet":{"background-color":"","background-image":"","background-repeat":"repeat","background-position":"center center","background-size":"auto","background-attachment":"scroll","background-type":"","background-media":"","overlay-type":"","overlay-color":"","overlay-opacity":"","overlay-gradient":""},"mobile":{"background-color":"","background-image":"","background-repeat":"repeat","background-position":"center center","background-size":"auto","background-attachment":"scroll","background-type":"","background-media":"","overlay-type":"","overlay-color":"","overlay-opacity":"","overlay-gradient":""}},"ast-content-background-meta":{"desktop":{"background-color":"var(--ast-global-color-5)","background-image":"","background-repeat":"repeat","background-position":"center center","background-size":"auto","background-attachment":"scroll","background-type":"","background-media":"","overlay-type":"","overlay-color":"","overlay-opacity":"","overlay-gradient":""},"tablet":{"background-color":"var(--ast-global-color-5)","background-image":"","background-repeat":"repeat","background-position":"center center","background-size":"auto","background-attachment":"scroll","background-type":"","background-media":"","overlay-type":"","overlay-color":"","overlay-opacity":"","overlay-gradient":""},"mobile":{"background-color":"var(--ast-global-color-5)","background-image":"","background-repeat":"repeat","background-position":"center center","background-size":"auto","background-attachment":"scroll","background-type":"","background-media":"","overlay-type":"","overlay-color":"","overlay-opacity":"","overlay-gradient":""}}},"product_brand":[],"product_cat":[41],"product_tag":[],"class_list":{"0":"post-997","1":"product","2":"type-product","3":"status-publish","4":"has-post-thumbnail","6":"product_cat-banos","7":"desktop-align-left","8":"tablet-align-left","9":"mobile-align-left","11":"first","12":"instock","13":"shipping-taxable","14":"purchasable","15":"product-type-simple"},"_links":{"self":[{"href":"https:\/\/ineqlab.cl\/en\/wp-json\/wp\/v2\/product\/997","targetHints":{"allow":["GET"]}}],"collection":[{"href":"https:\/\/ineqlab.cl\/en\/wp-json\/wp\/v2\/product"}],"about":[{"href":"https:\/\/ineqlab.cl\/en\/wp-json\/wp\/v2\/types\/product"}],"wp:featuredmedia":[{"embeddable":true,"href":"https:\/\/ineqlab.cl\/en\/wp-json\/wp\/v2\/media\/994"}],"wp:attachment":[{"href":"https:\/\/ineqlab.cl\/en\/wp-json\/wp\/v2\/media?parent=997"}],"wp:term":[{"taxonomy":"product_brand","embeddable":true,"href":"https:\/\/ineqlab.cl\/en\/wp-json\/wp\/v2\/product_brand?post=997"},{"taxonomy":"product_cat","embeddable":true,"href":"https:\/\/ineqlab.cl\/en\/wp-json\/wp\/v2\/product_cat?post=997"},{"taxonomy":"product_tag","embeddable":true,"href":"https:\/\/ineqlab.cl\/en\/wp-json\/wp\/v2\/product_tag?post=997"}],"curies":[{"name":"wp","href":"https:\/\/api.w.org\/{rel}","templated":true}]}}